{"id":142,"date":"2018-12-03T18:02:19","date_gmt":"2018-12-03T17:02:19","guid":{"rendered":"https:\/\/silverproject.eu\/pl\/produkt\/import-placeholder-for-2621\/"},"modified":"2025-01-13T19:20:58","modified_gmt":"2025-01-13T18:20:58","slug":"nissan-tuleje-dyfra-200sx-s14-s15-r32-r33-r34-skyline","status":"publish","type":"product","link":"https:\/\/silverproject.eu\/pl\/nissan-tuleje-dyfra-200sx-s14-s15-r32-r33-r34-skyline\/","title":{"rendered":"Nissan tuleje dyfra 200sx S14 S15 R32 R33 R34 Skyline"},"content":{"rendered":"<p>Tuleje dyfra do Nissana\u00a0200sx, S14, S15, R32, R33, R34, Skyline.<\/p>\n<p>Twardo\u015b\u0107\u00a0<strong>75sha<\/strong> lub <strong>95sha<\/strong>. Do jazdy na co dzie\u0144 jak i do sportu.<\/p>\n<p><strong>KOMPLET ZAWIERA : Dwie kompletne tuleje przednie.<\/strong><\/p>\n<p>&nbsp;<\/p>\n<p>Wersja SPORT twardo\u015b\u0107 75ShA (czerowne) &#8211; do sportu i dla tych co lubi\u0105 je\u017adzi\u0107 twardo po mie\u015bcie. Tuleje uniwersalne zapewniaj\u0105ce jeszcze komfort i zarazem dobr\u0105 stabilizacj\u0119 przy sportowym zaci\u0119ciu.<\/p>\n<p>Wersja HARD SPORT twardo\u015b\u0107 95ShA (\u017c\u00f3\u0142te) -zapewniaj\u0105ca bardzo wysok\u0105 stabilno\u015b\u0107 i s\u0105 dla tych co chc\u0105 je\u017adzi\u0107 w sporcie. S\u0105 odpowiednikiem aluminiowych tulei sportowych. Tuleje niesamowicie twarde = odczuwalny jest ka\u017cdy ruch auta. U\u017cywane w Drifcie \/ oraz 1\/4 mili..<\/p>\n","protected":false},"excerpt":{"rendered":"<p>Tuleje dyfra do Nissana\u00a0200sx, S14, S15, R32, R33, R34, Skyline. Twardo\u015b\u0107\u00a075sha lub 95sha. Do jazdy na co dzie\u0144 jak i do sportu. KOMPLET ZAWIERA : Dwie kompletne tuleje przednie. &nbsp; Wersja SPORT twardo\u015b\u0107 75ShA (czerowne) &#8211; do sportu i dla tych co lubi\u0105 je\u017adzi\u0107 twardo po mie\u015bcie. Tuleje uniwersalne zapewniaj\u0105ce jeszcze komfort i zarazem dobr\u0105 [&hellip;]<\/p>\n","protected":false},"featured_media":244,"template":"","meta":{"_seopress_robots_primary_cat":"none","_seopress_titles_title":"Nissan tuleje dyfra 200sx S14 S15 R32 R33 R34 Skyline","_seopress_titles_desc":"Nissan tuleje dyfra 200sx S14 S15 R32 R33 R34 Skyline Twardo\u015b\u0107 75sha lub 95sha. Do jazdy na co dzie\u0144 jak i do sportu.","_seopress_robots_index":"","inline_featured_image":false},"product_brand":[],"product_cat":[24,47,46],"product_tag":[48,49,177,110,111,53,54,178,179,113],"class_list":{"0":"post-142","1":"product","2":"type-product","3":"status-publish","4":"has-post-thumbnail","6":"product_cat-czesci-do-nissan","7":"product_cat-silnik-i-przeniesienie-napedu-do-nissan","8":"product_cat-zawieszenie-do-nissan","9":"product_tag-200sx","10":"product_tag-nissan","11":"product_tag-r32","12":"product_tag-r33","13":"product_tag-r34","14":"product_tag-s14","15":"product_tag-s14a","16":"product_tag-s15","17":"product_tag-silvia","18":"product_tag-skyline","20":"first","21":"instock","22":"featured","23":"taxable","24":"shipping-taxable","25":"purchasable","26":"product-type-variable","27":"has-default-attributes"},"_links":{"self":[{"href":"https:\/\/silverproject.eu\/pl\/wp-json\/wp\/v2\/product\/142","targetHints":{"allow":["GET"]}}],"collection":[{"href":"https:\/\/silverproject.eu\/pl\/wp-json\/wp\/v2\/product"}],"about":[{"href":"https:\/\/silverproject.eu\/pl\/wp-json\/wp\/v2\/types\/product"}],"wp:featuredmedia":[{"embeddable":true,"href":"https:\/\/silverproject.eu\/pl\/wp-json\/wp\/v2\/media\/244"}],"wp:attachment":[{"href":"https:\/\/silverproject.eu\/pl\/wp-json\/wp\/v2\/media?parent=142"}],"wp:term":[{"taxonomy":"product_brand","embeddable":true,"href":"https:\/\/silverproject.eu\/pl\/wp-json\/wp\/v2\/product_brand?post=142"},{"taxonomy":"product_cat","embeddable":true,"href":"https:\/\/silverproject.eu\/pl\/wp-json\/wp\/v2\/product_cat?post=142"},{"taxonomy":"product_tag","embeddable":true,"href":"https:\/\/silverproject.eu\/pl\/wp-json\/wp\/v2\/product_tag?post=142"}],"curies":[{"name":"wp","href":"https:\/\/api.w.org\/{rel}","templated":true}]}}