{"id":12690,"date":"2025-10-06T11:57:11","date_gmt":"2025-10-06T09:57:11","guid":{"rendered":"https:\/\/silverproject.eu\/pl\/?post_type=product&#038;p=12690"},"modified":"2025-10-06T12:09:47","modified_gmt":"2025-10-06T10:09:47","slug":"driveshaft-flex-disc-for-bmw-e60-d105mm-10mm-otwory","status":"publish","type":"product","link":"https:\/\/silverproject.eu\/pl\/driveshaft-flex-disc-for-bmw-e60-d105mm-10mm-otwory\/","title":{"rendered":"DRIVESHAFT FLEX DISC for BMW E60 D=105mm 10mm otwory"},"content":{"rendered":"<h4><span style=\"color: #ff0000;\"><strong><span id=\"result_box\" lang=\"pl\"><a style=\"color: #ff0000;\" href=\"https:\/\/silverproject.eu\/pl\/wp-content\/uploads\/2024\/12\/inst.-FLEX-DISC-pl.pdf\">instrukcja monta\u017cu<\/a><\/span><\/strong><\/span><\/h4>\n<div><\/div>\n<h4><span style=\"color: #ff0000;\"><strong><span id=\"result_box\" lang=\"pl\"><a style=\"color: #ff0000;\" href=\" \">certyfikat materia\u0142owy<\/a><\/span><\/strong><\/span><\/h4>\n<div><\/div>\n<p>\u0142\u0105cznik wa\u0142u FLEX DISC <span lang=\"pl\">\u00a0do BMW<\/span><\/p>\n<div><\/div>\n<div>\n<div>D=105mm \/ 10mm otwory<\/div>\n<div>otw\u00f3r wewn\u0119trzny 57mm<\/div>\n<\/div>\n<div><\/div>\n<div>\n<div>\n<div><\/div>\n<\/div>\n<\/div>\n<div>\n<div><span lang=\"pl\">poliuretan 95ShA aluminium 2017A (PA6)<br \/>\n<\/span><span lang=\"pl\"><br \/>\n<\/span><\/div>\n<div>fit:<\/div>\n<div>BMW:<\/div>\n<div>3 (E90)<br \/>\n320 d xDrive 130 kW<br \/>\n320 d xDrive 135 kW<br \/>\n325 xi 160 kW<br \/>\n335 i xDrive 225 kW<br \/>\n330 d 170 kW<br \/>\n330 xd 170 kW<br \/>\n330 d xDrive 180 kW<br \/>\n330 xi 190 kW<br \/>\n325 xi 160 kW<br \/>\n330 xi 200 kW<br \/>\n330 i xDrive 200 kW<br \/>\n3 Touring (E91)<br \/>\n320 d xDrive 130 kW<br \/>\n320 d xDrive 135 kW<br \/>\n325 xi 160 kW<br \/>\n335 xi 225 kW<br \/>\n335 i xDrive 225 kW<br \/>\n330 d 170 kW<br \/>\n330 xd 170 kW<br \/>\n330 d xDrive 180 kW<br \/>\n330 xi 190 kW<br \/>\n330 xi 200 kW<br \/>\n325 xi 160 kW<br \/>\n325 i xDrive 160 kW<br \/>\n330 i xDrive 200 kW<br \/>\n3 coupe (E92)<br \/>\n320 d xDrive 135 kW<br \/>\n325 xi 160 kW<br \/>\n335 xi 225 kW<br \/>\n335 i xDrive 225 kW<br \/>\n330 d 170 kW<br \/>\n330 xd 180 kW<br \/>\n330 d xDrive 180 kW<br \/>\n330 xi 200 kW<br \/>\n325 xi 160 kW<br \/>\n325 i xDrive 160 kW<br \/>\n330 i xDrive 200 kW<br \/>\n330 xi 200 kW<br \/>\n3 kabriolet (E93)<br \/>\n320 d 130 kW<br \/>\n5 (E60)<br \/>\n525 xi 160 kW<br \/>\n530 xd 170 kW<br \/>\n530 xd 173 kW<br \/>\n525 xd 145 kW<br \/>\n530 xi 190 kW<br \/>\n525 xi 160 kW<br \/>\n530 xi 200 kW<br \/>\n530 i xDrive 200 kW<br \/>\n545 i 245 kW<br \/>\n5 Touring (E61)<br \/>\n525 xi 160 kW<br \/>\n530 xd 170 kW<br \/>\n530 xd 173 kW<br \/>\n525 xd 145 kW<br \/>\n530 xi 190 kW<br \/>\n525 xi 160 kW<br \/>\n530 xi 200 kW<br \/>\n545 i 245 kW<br \/>\n6 (E63)<br \/>\n645 Ci 245 kW<br \/>\n6 kabriolet (E64)<br \/>\n645 Ci 245 kW<br \/>\nX1 (E84)<br \/>\nxDrive 18 d 105 kW<br \/>\nxDrive 20 d 130 kW<br \/>\nxDrive 23 d 150 kW<br \/>\nxDrive 18 d 100 kW<br \/>\nxDrive 25 d 160 kW<br \/>\nxDrive 20 d 135 kW<br \/>\nxDrive 28 i 180 kW<br \/>\nxDrive 20 i 135 kW<\/div>\n<\/div>\n","protected":false},"excerpt":{"rendered":"<p>instrukcja monta\u017cu certyfikat materia\u0142owy \u0142\u0105cznik wa\u0142u FLEX DISC \u00a0do BMW D=105mm \/ 10mm otwory otw\u00f3r wewn\u0119trzny 57mm poliuretan 95ShA aluminium 2017A (PA6) fit: BMW: 3 (E90) 320 d xDrive 130 kW 320 d xDrive 135 kW 325 xi 160 kW 335 i xDrive 225 kW 330 d 170 kW 330 xd 170 kW 330 d [&hellip;]<\/p>\n","protected":false},"featured_media":12691,"template":"","meta":{"_seopress_robots_primary_cat":"none","_seopress_titles_title":"DRIVESHAFT FLEX DISC for BMW E60 D=105mm 10mm otwory","_seopress_titles_desc":"DRIVESHAFT FLEX DISC for BMW E60 D=105mm 10mm otwory","_seopress_robots_index":"","inline_featured_image":false},"product_brand":[],"product_cat":[18,156],"product_tag":[61,461,462,664,431,432,433,369,370,665,371,372,374,375,376,377,89,180,597,595],"class_list":{"0":"post-12690","1":"product","2":"type-product","3":"status-publish","4":"has-post-thumbnail","6":"product_cat-czesci-do-bmw","7":"product_cat-silnik-i-przeniesienie-napedu-do-bmw","8":"product_tag-bmw","9":"product_tag-e60","10":"product_tag-e61","11":"product_tag-e63","12":"product_tag-e65","13":"product_tag-e66","14":"product_tag-e67","15":"product_tag-e81","16":"product_tag-e82","17":"product_tag-e83","18":"product_tag-e84","19":"product_tag-e87","20":"product_tag-e90","21":"product_tag-e91","22":"product_tag-e92","23":"product_tag-e93","24":"product_tag-lacznik","25":"product_tag-sport","26":"product_tag-tuning","27":"product_tag-walu","29":"first","30":"instock","31":"taxable","32":"shipping-taxable","33":"purchasable","34":"product-type-simple"},"_links":{"self":[{"href":"https:\/\/silverproject.eu\/pl\/wp-json\/wp\/v2\/product\/12690","targetHints":{"allow":["GET"]}}],"collection":[{"href":"https:\/\/silverproject.eu\/pl\/wp-json\/wp\/v2\/product"}],"about":[{"href":"https:\/\/silverproject.eu\/pl\/wp-json\/wp\/v2\/types\/product"}],"wp:featuredmedia":[{"embeddable":true,"href":"https:\/\/silverproject.eu\/pl\/wp-json\/wp\/v2\/media\/12691"}],"wp:attachment":[{"href":"https:\/\/silverproject.eu\/pl\/wp-json\/wp\/v2\/media?parent=12690"}],"wp:term":[{"taxonomy":"product_brand","embeddable":true,"href":"https:\/\/silverproject.eu\/pl\/wp-json\/wp\/v2\/product_brand?post=12690"},{"taxonomy":"product_cat","embeddable":true,"href":"https:\/\/silverproject.eu\/pl\/wp-json\/wp\/v2\/product_cat?post=12690"},{"taxonomy":"product_tag","embeddable":true,"href":"https:\/\/silverproject.eu\/pl\/wp-json\/wp\/v2\/product_tag?post=12690"}],"curies":[{"name":"wp","href":"https:\/\/api.w.org\/{rel}","templated":true}]}}