{"id":12476,"date":"2025-04-06T17:11:54","date_gmt":"2025-04-06T15:11:54","guid":{"rendered":"https:\/\/silverproject.eu\/pl\/?post_type=product&#038;p=12476"},"modified":"2025-04-06T18:07:45","modified_gmt":"2025-04-06T16:07:45","slug":"tylny-wahacz-regulowany-do-bmw-e70-zbieznosc-kola-toe","status":"publish","type":"product","link":"https:\/\/silverproject.eu\/pl\/tylny-wahacz-regulowany-do-bmw-e70-zbieznosc-kola-toe\/","title":{"rendered":"Tylny wahacz regulowany do BMW E70 &#8211; zbie\u017cno\u015b\u0107 ko\u0142a \/ TOE"},"content":{"rendered":"<h4><span style=\"color: #ff0000;\"><strong><span id=\"result_box\" lang=\"pl\"><a style=\"color: #ff0000;\" href=\"https:\/\/silverproject.eu\/pl\/wp-content\/uploads\/2024\/12\/inst.-wahacz-pl.pdf\">instrukcja monta\u017cu<\/a><\/span><\/strong><\/span><\/h4>\n<div><\/div>\n<h4><span style=\"color: #ff0000;\"><strong><span id=\"result_box\" lang=\"pl\"><a style=\"color: #ff0000;\" href=\" \">certyfikat materia\u0142owy<\/a><\/span><\/strong><\/span><\/h4>\n<div><\/div>\n<p>Tylny wahacz regulowany BMW E70 F16<\/p>\n<p>poliuretan 95ShA<br \/>\n1 komplet &#8211; lewa i prawa strona<\/p>\n<p>Do wyboru kolor: czarny mat .<\/p>\n<p>Pasuje do :<\/p>\n<p>BMW:<\/p>\n<div>X5 &#8211; E70<\/div>\n<div>X5 &#8211; F15 , F85<\/div>\n<div>X6 &#8211; E71 , E72<\/div>\n<div>X6 &#8211; F16 , F86<\/div>\n","protected":false},"excerpt":{"rendered":"<p>instrukcja monta\u017cu certyfikat materia\u0142owy Tylny wahacz regulowany BMW E70 F16 poliuretan 95ShA 1 komplet &#8211; lewa i prawa strona Do wyboru kolor: czarny mat . Pasuje do : BMW: X5 &#8211; E70 X5 &#8211; F15 , F85 X6 &#8211; E71 , E72 X6 &#8211; F16 , F86<\/p>\n","protected":false},"featured_media":12482,"template":"","meta":{"_seopress_robots_primary_cat":"none","_seopress_titles_title":"Tylny wahacz regulowany do BMW E70 - zbie\u017cno\u015b\u0107 ko\u0142a \/ camber","_seopress_titles_desc":"Tylny wahacz regulowany do BMW E70 - zbie\u017cno\u015b\u0107 ko\u0142a \/ TOE","_seopress_robots_index":"","inline_featured_image":false},"product_brand":[],"product_cat":[18,60],"product_tag":[61,173,657,658,659,660,661,662,663,560,117,118,244,119],"class_list":{"0":"post-12476","1":"product","2":"type-product","3":"status-publish","4":"has-post-thumbnail","6":"product_cat-czesci-do-bmw","7":"product_cat-zawieszenie-do-bmw","8":"product_tag-bmw","9":"product_tag-drazek","10":"product_tag-e70","11":"product_tag-e71","12":"product_tag-e72","13":"product_tag-f15","14":"product_tag-f16","15":"product_tag-f85","16":"product_tag-f86","17":"product_tag-regulowane-wahacze","18":"product_tag-tyl","19":"product_tag-wahacz","20":"product_tag-wahacze","21":"product_tag-zbieznosc","23":"first","24":"instock","25":"taxable","26":"shipping-taxable","27":"purchasable","28":"product-type-simple"},"_links":{"self":[{"href":"https:\/\/silverproject.eu\/pl\/wp-json\/wp\/v2\/product\/12476","targetHints":{"allow":["GET"]}}],"collection":[{"href":"https:\/\/silverproject.eu\/pl\/wp-json\/wp\/v2\/product"}],"about":[{"href":"https:\/\/silverproject.eu\/pl\/wp-json\/wp\/v2\/types\/product"}],"wp:featuredmedia":[{"embeddable":true,"href":"https:\/\/silverproject.eu\/pl\/wp-json\/wp\/v2\/media\/12482"}],"wp:attachment":[{"href":"https:\/\/silverproject.eu\/pl\/wp-json\/wp\/v2\/media?parent=12476"}],"wp:term":[{"taxonomy":"product_brand","embeddable":true,"href":"https:\/\/silverproject.eu\/pl\/wp-json\/wp\/v2\/product_brand?post=12476"},{"taxonomy":"product_cat","embeddable":true,"href":"https:\/\/silverproject.eu\/pl\/wp-json\/wp\/v2\/product_cat?post=12476"},{"taxonomy":"product_tag","embeddable":true,"href":"https:\/\/silverproject.eu\/pl\/wp-json\/wp\/v2\/product_tag?post=12476"}],"curies":[{"name":"wp","href":"https:\/\/api.w.org\/{rel}","templated":true}]}}