{"id":12475,"date":"2025-04-06T17:11:51","date_gmt":"2025-04-06T15:11:51","guid":{"rendered":"https:\/\/silverproject.eu\/pl\/?post_type=product&#038;p=12475"},"modified":"2025-04-06T18:09:00","modified_gmt":"2025-04-06T16:09:00","slug":"tylny-wahacz-regulowany-do-bmw-x5-e70-f15-x6-e71-f16-pochylenie-kola-camber","status":"publish","type":"product","link":"https:\/\/silverproject.eu\/pl\/tylny-wahacz-regulowany-do-bmw-x5-e70-f15-x6-e71-f16-pochylenie-kola-camber\/","title":{"rendered":"Tylny wahacz regulowany do BMW X5 E70 F15 X6 E71 F16 &#8211; pochylenie ko\u0142a \/ camber"},"content":{"rendered":"<h4><span style=\"color: #ff0000;\"><strong><span id=\"result_box\" lang=\"pl\"><a style=\"color: #ff0000;\" href=\"https:\/\/silverproject.eu\/pl\/wp-content\/uploads\/2024\/12\/inst.-wahacz-pl.pdf\">instrukcja monta\u017cu<\/a><\/span><\/strong><\/span><\/h4>\n<div><\/div>\n<h4><span style=\"color: #ff0000;\"><strong><span id=\"result_box\" lang=\"pl\"><a style=\"color: #ff0000;\" href=\" \">certyfikat materia\u0142owy<\/a><\/span><\/strong><\/span><\/h4>\n<div><\/div>\n<p>Tylny wahacz regulowany do BMW X5 E70 F15 X6 E71 F16 &#8211; pochylenie ko\u0142a \/ camber<\/p>\n<p>regulacja do\u00a0 -5 stopnia<br \/>\npoliuretan 95ShA<br \/>\n1 komplet &#8211; lewa i prawa strona<\/p>\n<p>Do wyboru kolor: czarny mat .<\/p>\n<p>Pasuje do:<\/p>\n<p>BMW:<\/p>\n<div>X5 &#8211; E70<\/div>\n<div>X5 &#8211; F15 , F85<\/div>\n<div>X6 &#8211; E71 , E72<\/div>\n<div>X6 &#8211; F16 , F86<\/div>\n","protected":false},"excerpt":{"rendered":"<p>instrukcja monta\u017cu certyfikat materia\u0142owy Tylny wahacz regulowany do BMW X5 E70 F15 X6 E71 F16 &#8211; pochylenie ko\u0142a \/ camber regulacja do\u00a0 -5 stopnia poliuretan 95ShA 1 komplet &#8211; lewa i prawa strona Do wyboru kolor: czarny mat . Pasuje do: BMW: X5 &#8211; E70 X5 &#8211; F15 , F85 X6 &#8211; E71 , E72 [&hellip;]<\/p>\n","protected":false},"featured_media":12480,"template":"","meta":{"_seopress_robots_primary_cat":"none","_seopress_titles_title":"Tylny wahacz regulowany do BMW X5 E70 F15 X6 F16","_seopress_titles_desc":"Tylny wahacz regulowany do BMW X5 E70 F15 X6 E71 F16 - pochylenie ko\u0142a \/ camber","_seopress_robots_index":"","inline_featured_image":false},"product_brand":[],"product_cat":[18,60],"product_tag":[61,66,173,657,658,659,660,661,662,663,560,117,118,244],"class_list":{"0":"post-12475","1":"product","2":"type-product","3":"status-publish","4":"has-post-thumbnail","6":"product_cat-czesci-do-bmw","7":"product_cat-zawieszenie-do-bmw","8":"product_tag-bmw","9":"product_tag-camber","10":"product_tag-drazek","11":"product_tag-e70","12":"product_tag-e71","13":"product_tag-e72","14":"product_tag-f15","15":"product_tag-f16","16":"product_tag-f85","17":"product_tag-f86","18":"product_tag-regulowane-wahacze","19":"product_tag-tyl","20":"product_tag-wahacz","21":"product_tag-wahacze","23":"first","24":"instock","25":"taxable","26":"shipping-taxable","27":"purchasable","28":"product-type-simple"},"_links":{"self":[{"href":"https:\/\/silverproject.eu\/pl\/wp-json\/wp\/v2\/product\/12475","targetHints":{"allow":["GET"]}}],"collection":[{"href":"https:\/\/silverproject.eu\/pl\/wp-json\/wp\/v2\/product"}],"about":[{"href":"https:\/\/silverproject.eu\/pl\/wp-json\/wp\/v2\/types\/product"}],"wp:featuredmedia":[{"embeddable":true,"href":"https:\/\/silverproject.eu\/pl\/wp-json\/wp\/v2\/media\/12480"}],"wp:attachment":[{"href":"https:\/\/silverproject.eu\/pl\/wp-json\/wp\/v2\/media?parent=12475"}],"wp:term":[{"taxonomy":"product_brand","embeddable":true,"href":"https:\/\/silverproject.eu\/pl\/wp-json\/wp\/v2\/product_brand?post=12475"},{"taxonomy":"product_cat","embeddable":true,"href":"https:\/\/silverproject.eu\/pl\/wp-json\/wp\/v2\/product_cat?post=12475"},{"taxonomy":"product_tag","embeddable":true,"href":"https:\/\/silverproject.eu\/pl\/wp-json\/wp\/v2\/product_tag?post=12475"}],"curies":[{"name":"wp","href":"https:\/\/api.w.org\/{rel}","templated":true}]}}