{"id":12474,"date":"2025-04-06T17:11:47","date_gmt":"2025-04-06T15:11:47","guid":{"rendered":"https:\/\/silverproject.eu\/pl\/?post_type=product&#038;p=12474"},"modified":"2025-04-06T18:10:13","modified_gmt":"2025-04-06T16:10:13","slug":"tylne-wahacze-regulowane-do-bmw-x5-e70-f15-x6-e71-f16-zestaw","status":"publish","type":"product","link":"https:\/\/silverproject.eu\/pl\/tylne-wahacze-regulowane-do-bmw-x5-e70-f15-x6-e71-f16-zestaw\/","title":{"rendered":"Tylne wahacze regulowane do BMW X5 E70 F15 X6 E71 F16 &#8211; zestaw"},"content":{"rendered":"<h4><span style=\"color: #ff0000;\"><strong><span id=\"result_box\" lang=\"pl\"><a style=\"color: #ff0000;\" href=\"https:\/\/silverproject.eu\/pl\/wp-content\/uploads\/2024\/12\/inst.-wahacz-pl.pdf\">instrukcja monta\u017cu<\/a><\/span><\/strong><\/span><\/h4>\n<div><\/div>\n<h4><span style=\"color: #ff0000;\"><strong><span id=\"result_box\" lang=\"pl\"><a style=\"color: #ff0000;\" href=\" \">certyfikat materia\u0142owy<\/a><\/span><\/strong><\/span><\/h4>\n<div><\/div>\n<p>Tylne wahacze regulowane BMW E70 x5 &#8211; zestaw do regulacji tylnych k\u00f3\u0142<\/p>\n<p>&nbsp;<\/p>\n<p>Pasuje:<\/p>\n<div>BMW<\/div>\n<div>X5 &#8211; E70<\/div>\n<div>X5 &#8211; F15 , F85<\/div>\n<div>X6 &#8211; E71 , E72<\/div>\n<div>X6 &#8211; F16 , F86<\/div>\n<div><\/div>\n<p>Tylny wahacz regulowany do BMW E70 x5 &#8211; pochylenie ko\u0142a \/ camber<\/p>\n<p>regulacja do\u00a0 -5 stopnia<\/p>\n<p>Tylny wahacz regulowany do BMW E70 x5 &#8211; zbie\u017cno\u015b\u0107 ko\u0142a \/ toe<br \/>\npoliuretan 95ShA<br \/>\n1 komplet &#8211; lewa i prawa strona (camber)<\/p>\n<p>1 komplet &#8211; lewa i prawa strona (toe)<\/p>\n<p>&nbsp;<\/p>\n<p>Do wyboru kolor: czarny mat .<\/p>\n<p>Pasuje do E70 x5 &#8211; wszystkie wersje silnikowe i wszystkie wersje nadwozia.<\/p>\n<p>&nbsp;<\/p>\n<p>&nbsp;<\/p>\n","protected":false},"excerpt":{"rendered":"<p>instrukcja monta\u017cu certyfikat materia\u0142owy Tylne wahacze regulowane BMW E70 x5 &#8211; zestaw do regulacji tylnych k\u00f3\u0142 &nbsp; Pasuje: BMW X5 &#8211; E70 X5 &#8211; F15 , F85 X6 &#8211; E71 , E72 X6 &#8211; F16 , F86 Tylny wahacz regulowany do BMW E70 x5 &#8211; pochylenie ko\u0142a \/ camber regulacja do\u00a0 -5 stopnia Tylny wahacz [&hellip;]<\/p>\n","protected":false},"featured_media":12477,"template":"","meta":{"_seopress_robots_primary_cat":"none","_seopress_titles_title":"Tylne wahacze regulowane do BMW E70 F16 - zestaw","_seopress_titles_desc":"Tylne wahacze regulowane do BMW E70 - zestaw","_seopress_robots_index":"","inline_featured_image":false},"product_brand":[],"product_cat":[18,60],"product_tag":[61,66,173,657,658,659,660,661,662,663,366,58,68,560,406,117,118,244,582,119,459],"class_list":{"0":"post-12474","1":"product","2":"type-product","3":"status-publish","4":"has-post-thumbnail","6":"product_cat-czesci-do-bmw","7":"product_cat-zawieszenie-do-bmw","8":"product_tag-bmw","9":"product_tag-camber","10":"product_tag-drazek","11":"product_tag-e70","12":"product_tag-e71","13":"product_tag-e72","14":"product_tag-f15","15":"product_tag-f16","16":"product_tag-f85","17":"product_tag-f86","18":"product_tag-kit","19":"product_tag-pochylenie","20":"product_tag-pochylenie-kola","21":"product_tag-regulowane-wahacze","22":"product_tag-toe","23":"product_tag-tyl","24":"product_tag-wahacz","25":"product_tag-wahacze","26":"product_tag-x5","27":"product_tag-zbieznosc","28":"product_tag-zestaw","30":"first","31":"instock","32":"sale","33":"taxable","34":"shipping-taxable","35":"purchasable","36":"product-type-simple"},"_links":{"self":[{"href":"https:\/\/silverproject.eu\/pl\/wp-json\/wp\/v2\/product\/12474","targetHints":{"allow":["GET"]}}],"collection":[{"href":"https:\/\/silverproject.eu\/pl\/wp-json\/wp\/v2\/product"}],"about":[{"href":"https:\/\/silverproject.eu\/pl\/wp-json\/wp\/v2\/types\/product"}],"wp:featuredmedia":[{"embeddable":true,"href":"https:\/\/silverproject.eu\/pl\/wp-json\/wp\/v2\/media\/12477"}],"wp:attachment":[{"href":"https:\/\/silverproject.eu\/pl\/wp-json\/wp\/v2\/media?parent=12474"}],"wp:term":[{"taxonomy":"product_brand","embeddable":true,"href":"https:\/\/silverproject.eu\/pl\/wp-json\/wp\/v2\/product_brand?post=12474"},{"taxonomy":"product_cat","embeddable":true,"href":"https:\/\/silverproject.eu\/pl\/wp-json\/wp\/v2\/product_cat?post=12474"},{"taxonomy":"product_tag","embeddable":true,"href":"https:\/\/silverproject.eu\/pl\/wp-json\/wp\/v2\/product_tag?post=12474"}],"curies":[{"name":"wp","href":"https:\/\/api.w.org\/{rel}","templated":true}]}}