{"id":12220,"date":"2024-09-18T11:02:20","date_gmt":"2024-09-18T09:02:20","guid":{"rendered":"https:\/\/silverproject.eu\/pl\/?post_type=product&#038;p=12220"},"modified":"2026-02-27T12:01:22","modified_gmt":"2026-02-27T11:01:22","slug":"wahacze-regulowane-datsun-240z-260z-280z-zestaw","status":"publish","type":"product","link":"https:\/\/silverproject.eu\/pl\/wahacze-regulowane-datsun-240z-260z-280z-zestaw\/","title":{"rendered":"WAHACZE REGULOWANE Datsun 240Z , 260Z , 280Z zestaw"},"content":{"rendered":"<h4><span style=\"color: #ff0000;\"><strong><span id=\"result_box\" lang=\"pl\"><a style=\"color: #ff0000;\" href=\"https:\/\/silverproject.eu\/pl\/wp-content\/uploads\/2024\/12\/inst.-wahacz-pl.pdf\">instrukcja monta\u017cu<\/a><\/span><\/strong><\/span><\/h4>\n<div><\/div>\n<h4><span style=\"color: #ff0000;\"><strong><span id=\"result_box\" lang=\"pl\"><a style=\"color: #ff0000;\" href=\"       \">certyfikat materia\u0142owy<\/a><\/span><\/strong><\/span><\/h4>\n<div><\/div>\n<\/div>\n<p>WAHACZE REGULOWANE Datsun 240Z , 260Z , 280Z zestaw<\/p>\n<p>&nbsp;<\/p>\n<div><span lang=\"pl\"><br \/>\ntuleje poliuretanowe czarne 75ShA &#8211; na zam\u00f3wienie mo\u017cliwe 95sha (typowo na tor)<\/span><\/p>\n<p><span title=\"Kliknij, aby wy\u015bwietli\u0107 alternatywne t\u0142umaczenia\">kolor :\u00a0 Czarny mat .<\/span><br \/>\n<span title=\"Kliknij, aby wy\u015bwietli\u0107 alternatywne t\u0142umaczenia\">Polecana dla lepszej przyczepno\u015bci auta<\/span><span title=\"Kliknij, aby wy\u015bwietli\u0107 alternatywne t\u0142umaczenia\"> !!!<\/span><\/div>\n<div><span title=\"Kliknij, aby wy\u015bwietli\u0107 alternatywne t\u0142umaczenia\">Pasuj\u0105 do :<\/span><\/div>\n<p><span class=\"tlid-translation translation\" lang=\"en\"><span title=\"\"> Datsun 240Z , 260Z , 280Z (1970-78) :<\/span><span class=\"\" title=\"\"><br \/>\n<\/span><\/span><\/p>\n<h4 class=\"name no-review\">-Rear Control Arm Adjustable &#8211; pair<\/h4>\n<h4>-Front Lower Control Arm Adjustable -pair<\/h4>\n<h4>-Adjustable Front Tension Compression Rod Arm -pair<\/h4>\n<p>&nbsp;<\/p>\n<p>&nbsp;<\/p>\n<p>&nbsp;<\/p>\n","protected":false},"excerpt":{"rendered":"<p>instrukcja monta\u017cu certyfikat materia\u0142owy WAHACZE REGULOWANE Datsun 240Z , 260Z , 280Z zestaw &nbsp; tuleje poliuretanowe czarne 75ShA &#8211; na zam\u00f3wienie mo\u017cliwe 95sha (typowo na tor) kolor :\u00a0 Czarny mat . Polecana dla lepszej przyczepno\u015bci auta !!! Pasuj\u0105 do : Datsun 240Z , 260Z , 280Z (1970-78) : -Rear Control Arm Adjustable &#8211; pair -Front [&hellip;]<\/p>\n","protected":false},"featured_media":12211,"template":"","meta":{"_seopress_robots_primary_cat":"none","_seopress_titles_title":"WAHACZE REGULOWANE Datsun 240Z , 260Z , 280Z zestaw","_seopress_titles_desc":"WAHACZE REGULOWANE Datsun 240Z , 260Z , 280Z zestaw","_seopress_robots_index":"","inline_featured_image":false},"product_brand":[],"product_cat":[24,46],"product_tag":[645,646,647,648,173,560,118],"class_list":{"0":"post-12220","1":"product","2":"type-product","3":"status-publish","4":"has-post-thumbnail","6":"product_cat-czesci-do-nissan","7":"product_cat-zawieszenie-do-nissan","8":"product_tag-240z","9":"product_tag-260z","10":"product_tag-280z","11":"product_tag-datsun","12":"product_tag-drazek","13":"product_tag-regulowane-wahacze","14":"product_tag-wahacz","16":"first","17":"instock","18":"sale","19":"taxable","20":"shipping-taxable","21":"purchasable","22":"product-type-simple"},"_links":{"self":[{"href":"https:\/\/silverproject.eu\/pl\/wp-json\/wp\/v2\/product\/12220","targetHints":{"allow":["GET"]}}],"collection":[{"href":"https:\/\/silverproject.eu\/pl\/wp-json\/wp\/v2\/product"}],"about":[{"href":"https:\/\/silverproject.eu\/pl\/wp-json\/wp\/v2\/types\/product"}],"wp:featuredmedia":[{"embeddable":true,"href":"https:\/\/silverproject.eu\/pl\/wp-json\/wp\/v2\/media\/12211"}],"wp:attachment":[{"href":"https:\/\/silverproject.eu\/pl\/wp-json\/wp\/v2\/media?parent=12220"}],"wp:term":[{"taxonomy":"product_brand","embeddable":true,"href":"https:\/\/silverproject.eu\/pl\/wp-json\/wp\/v2\/product_brand?post=12220"},{"taxonomy":"product_cat","embeddable":true,"href":"https:\/\/silverproject.eu\/pl\/wp-json\/wp\/v2\/product_cat?post=12220"},{"taxonomy":"product_tag","embeddable":true,"href":"https:\/\/silverproject.eu\/pl\/wp-json\/wp\/v2\/product_tag?post=12220"}],"curies":[{"name":"wp","href":"https:\/\/api.w.org\/{rel}","templated":true}]}}