{"id":11843,"date":"2023-12-03T20:48:35","date_gmt":"2023-12-03T19:48:35","guid":{"rendered":"https:\/\/silverproject.eu\/pl\/?post_type=product&#038;p=11843"},"modified":"2026-03-12T17:48:58","modified_gmt":"2026-03-12T16:48:58","slug":"poduszki-silnika-do-bmw-f20f21f22f23f30f31f32f33f34","status":"publish","type":"product","link":"https:\/\/silverproject.eu\/pl\/poduszki-silnika-do-bmw-f20f21f22f23f30f31f32f33f34\/","title":{"rendered":"Poduszki silnika do BMW F20,F21,F22,F23,F30,F31,F32,F33,F34"},"content":{"rendered":"<p>Poduszki silnika do <span id=\"result_box\" lang=\"pl\">BMW F20,F21,F22,F23,F30,F31,F32,F33,F34,<\/span><\/p>\n<p>na silikonie o Twardo\u015bci 63ShA<\/p>\n<p>du\u017co sztywniejsze ni\u017c seryjne<\/p>\n<p>doskonale sprawdzaj\u0105 si\u0119\u00a0 w sporcie<\/p>\n<p>cena za komplet czyli lewa i prawa strona<\/p>\n<p>Pasuj\u0105 do :<\/p>\n<div>\n<p>BMW<\/p>\n<p>1 (F20)<br \/>\nModel :<br \/>\n1 (F20) 114 d\u00a0 \u00a0 \u00a0 \u00a0 \u00a0 \u00a01598cm3, 95 KM(2012\/11 &#8211; 2015\/06)\u00a0 \u00a0 N47 D16 A<br \/>\n1 (F20) 114 d\u00a0 \u00a0 \u00a0 \u00a0 \u00a0 \u00a01496cm3, 95 KM \u00a0(2015\/07 &#8211; 2019\/06)\u00a0 \u00a0 B37 D15 A<br \/>\n1 (F20) 116 d\u00a0 \u00a0 \u00a0 \u00a0 \u00a01496cm3, 116 KM \u00a0(2015\/03 &#8211; 2019\/06)\u00a0 \u00a0B37 D15 A<br \/>\n1 (F20) 116 i\u00a0 \u00a0 \u00a0 \u00a0 \u00a0 \u00a01598cm3, 136 KM \u00a0(2011\/07 &#8211; 2015\/02)\u00a0 \u00a0N13 B16 A<br \/>\n1 (F20) 118 d\u00a0 \u00a0 \u00a0 \u00a0 \u00a0 1995cm3, 150 KM \u00a0(2015\/03 &#8211; 2019\/06)\u00a0 \u00a0 B47 D20 A<br \/>\n1 (F20) 118 d xDrive\u00a0 \u00a01995cm3, 143 KM (2013\/07 &#8211; 2015\/02) \u00a0 N47 D20 C<br \/>\n1 (F20) 118 d xDrive\u00a0 \u00a01995cm3, 150 KM (2015\/03 &#8211; 2019\/06)\u00a0 \u00a0 B47 D20 A<br \/>\n1 (F20) 118 i\u00a0 \u00a0 \u00a0 \u00a0 \u00a0 \u00a0 \u00a0 \u00a0 \u00a0 \u00a0 \u00a01598cm3, 170 KM (2011\/07 &#8211; 2015\/02)\u00a0 \u00a0 N13 B16 A<br \/>\n1 (F20) 118 i\u00a0 \u00a0 \u00a0 \u00a0 \u00a0 \u00a0 \u00a0 \u00a0 \u00a0 \u00a0 1598cm3, 136 KM (2015\/03 &#8211; 2015\/06)\u00a0 \u00a0 N13 B16 A<br \/>\n1 (F20) 120 d\u00a0 \u00a0 \u00a0 \u00a0 \u00a0 \u00a0 \u00a0 \u00a0 \u00a0 1995cm3, 190 KM \u00a0(2015\/03 &#8211; 2019\/06)\u00a0 \u00a0 B47 D20 A<br \/>\n1 (F20) 120 d xDrive\u00a0 \u00a01995cm3, 190 KM \u00a0(2015\/03 &#8211; 2019\/06) \u00a0 B47 D20 A<br \/>\n1 (F20) 120 d xDrive\u00a0 \u00a01995cm3, 200 KM \u00a0(2012\/11 &#8211; 2015\/02)\u00a0 \u00a0 N47 D20 C<br \/>\n1 (F20) 120 d xDrive\u00a0 \u00a01995cm3, 184 KM \u00a0(2012\/11 &#8211; 2015\/02)\u00a0 \u00a0N47 D20 C<br \/>\n1 (F20) 120 i\u00a0 \u00a0 \u00a0 \u00a0 \u00a0 \u00a0 \u00a0 \u00a0 \u00a0 \u00a0 \u00a01598cm3, 177 KM (2015\/03 &#8211; 2016\/06)\u00a0 N13 B16 A<br \/>\n1 (F20) 125 d\u00a0 \u00a0 \u00a0 \u00a0 \u00a0 \u00a0 \u00a0 \u00a0 \u00a0 \u00a01995cm3, 224 KM \u00a0(2015\/03 &#8211; 2019\/06) \u00a0 B47 D20 B<br \/>\n1 (F20) 125 i\u00a0 \u00a0 \u00a0 \u00a0 \u00a0 \u00a0 \u00a0 \u00a0 \u00a0 \u00a0 1997cm3, 218 KM (2012\/03 &#8211; 2017\/11)\u00a0 \u00a0 N20 B20 A<br \/>\n1 (F20) 125 i\u00a0 \u00a0 \u00a0 \u00a0 \u00a0 \u00a0 \u00a0 \u00a0 \u00a0 \u00a0 1997cm3, 238 KM (2012\/03 &#8211; 2017\/11) \u00a0 N20 B20 A<br \/>\n1 (F20) M 135 i\u00a0 \u00a0 \u00a0 \u00a0 \u00a0 \u00a0 \u00a0 \u00a02979cm3, 320 KM (2012\/07 &#8211; 2015\/02) \u00a0 N55 B30 A<br \/>\n1 (F20) M 135 i\u00a0 \u00a0 \u00a0 \u00a0 \u00a0 \u00a0 \u00a0 \u00a02979cm3, 326 KM (2015\/03 &#8211; 2016\/06) \u00a0 N55 B30 A<br \/>\n1 (F21)<br \/>\nModel :<br \/>\n1 (F21) 114 d\u00a0 \u00a0 1598cm3, 95 KM (2012\/07 &#8211; )\u00a0 \u00a0 N47 D16 A<br \/>\n1 (F21) 114 d\u00a0 \u00a0 1496cm3, 95 KM (2015\/06 &#8211; ) \u00a0 \u00a0B37 D15 A<br \/>\n1 (F21) 114 i\u00a0 \u00a0 \u00a01598cm3, 102 KM ( 2012\/07 &#8211; 2015\/01) \u00a0N13 B16 A<br \/>\n1 (F21) 116 d\u00a0 \u00a0 \u00a01496cm3, 116 KM ( 2015\/03 -) \u00a0 B37 D15 A<br \/>\n1 (F21) 116 i\u00a0 \u00a0 \u00a0 \u00a01499cm3, 109 KM \u00a0(2015\/03 &#8211; )\u00a0 B38 B15 A<br \/>\n1 (F21) 116 i\u00a0 \u00a0 \u00a0 \u00a01598cm3, 136 KM \u00a0(2011\/12 -)\u00a0 N13 B16 A<br \/>\n1 (F21) 118 d\u00a0 \u00a0 \u00a01995cm3, 150 KM (2015\/03 -)\u00a0 B47 D20 A<br \/>\n1 (F21) 118 d xDrive\u00a0 \u00a0 1995cm3, 143 KM (2013\/05 -)\u00a0 \u00a0N47 D20 C<br \/>\n1 (F21) 118 i\u00a0 \u00a0 \u00a01499cm3, 136 KM (2015\/03 -)\u00a0 \u00a0B38 B15 A<br \/>\n1 (F21) 118 i\u00a0 \u00a0 1598cm3, 170 KM ( 2012\/07 -) N13 B16 A<br \/>\n1 (F21) 118 i\u00a0 \u00a0 \u00a0 \u00a0 \u00a0 \u00a0 1598cm3, 136 KM ( 2015\/03 &#8211; ) \u00a0N13 B16 A<br \/>\n1 (F21) 120 d\u00a0 \u00a0 \u00a0 \u00a0 \u00a0 \u00a0 1995cm3, 190 KM \u00a0( 2015\/03 &#8211;\u00a0 )\u00a0 B47 D20 A<br \/>\n1 (F21) 120 d xDrive\u00a0 \u00a01995cm3, 200 KM (\u00a0 2012\/01 -)\u00a0 \u00a0N47 D20 C<br \/>\n1 (F21) 120 d xDrive\u00a0 \u00a0 1995cm3, 190 KM (\u00a0 2015\/03 &#8211; ) B47 D20 A<br \/>\n1 (F21) 120 d xDrive\u00a0 \u00a0 1995cm3, 184 KM ( 2012\/02 -2015\/02)\u00a0 \u00a0N47 D20 C<br \/>\n1 (F21) 120 i\u00a0 \u00a0 \u00a0 \u00a0 \u00a01598cm3, 177 KM (2015\/03 &#8211; ) \u00a0 N13 B16 A<br \/>\n1 (F21) 125 d\u00a0 \u00a0 \u00a0 \u00a0 1995cm3, 224 KM ( 2015\/03 -)\u00a0 B47 D20 B<br \/>\n1 (F21) 125 i\u00a0 \u00a0 \u00a0 \u00a0 \u00a0 1997cm3, 238 KM ( \u00a02013\/03 &#8211; )\u00a0 N20 B20 A<br \/>\n1 (F21) 125 i\u00a0 \u00a0 \u00a0 \u00a0 \u00a01997cm3, 218 KM \u00a0( \u00a02011\/12 &#8211; 2019\/12 )\u00a0 N20 B20 A<br \/>\n1 (F21) M 135 i\u00a0 \u00a0 \u00a0 2979cm3, 326 KM ( 2015\/03 &#8211; ) \u00a0N55 B30 A<br \/>\n1 (F21) M 135 i\u00a0 \u00a0 \u00a02979cm3, 320 KM ( \u00a02011\/12 &#8211; )\u00a0 \u00a0N55 B30 A<\/p>\n<p>2 coupe (F22, F87)<br \/>\nModel<br \/>\n2 coupe (F22, F87) 220 i\u00a0 \u00a01997cm3, 184 KM (2013\/10 -) N20 B20 B,N20 B20 A<br \/>\n2 coupe (F22, F87) 228 i\u00a0 \u00a01997cm3, 245 KM ( 2014\/07 &#8211; ) N26 B20 A,N20 B20 A<\/p>\n<p>2 convertible (F23)<br \/>\nModel<br \/>\n2 convertible (F23) 220 i\u00a0 \u00a0 1997cm3, 184 KM ( 2014\/04-2016\/07) N20 B20 B, N20 B20A<br \/>\n2 convertible (F23) 228 i\u00a0 \u00a0 1997cm3, 245 KM \u00a0(2014\/11 -)\u00a0 N20 B20 A<\/p>\n<p>3 (F30, F80)<br \/>\nModel<br \/>\n3 (F30, F80) 320 i\u00a0 \u00a0 1997cm3, 184 KM (2012\/03 &#8211; 2018\/10)\u00a0 N20 B20 D,N20 B20 B,N20 B20A<br \/>\n3 (F30, F80) 320 i\u00a0 \u00a0 1998cm3, 184 KM \u00a0(2015\/07 &#8211; 2018\/10)\u00a0 B48 B20 A<br \/>\n3 (F30, F80) 328 i\u00a0 \u00a0 \u00a01997cm3, 245 KM\u00a0 (2011\/11 &#8211; 2018\/10)\u00a0 \u00a0N26 B20 A,N20 B20 C,N20 B20A<\/p>\n<p>3 Gran Turismo (F34)<br \/>\nModel<br \/>\n3 Gran Turismo (F34) 320 i\u00a0 \u00a0 1997cm3, 163 KM (2013\/03 &#8211; 2016\/06) N20 B20 B,N20 B20A<br \/>\n3 Gran Turismo (F34) 320 i\u00a0 \u00a0 1997cm3, 184 KM (2013\/03 &#8211; 2016\/06) N20 B20 B,N20 B20A<br \/>\n3 Gran Turismo (F34) 328 i\u00a0 \u00a0 1997cm3,\u00a0 245 KM (2013\/03 &#8211; 2016\/06)\u00a0 N26 B20 A,N20 B20A<\/p>\n<p>3 Touring (F31)<br \/>\nModel<br \/>\n3 Touring (F31) 320 i\u00a0 \u00a0 1997cm3, 184 KM (2012\/11 &#8211; 2015\/06 ) N20 B20 B<br \/>\n3 Touring (F31) 320 i\u00a0 \u00a0 1997cm3, 163 KM (2012\/11 &#8211; 2015\/06) \u00a0N20 B20 B<br \/>\n3 Touring (F31) 328 i\u00a0 \u00a0 1997cm3, 245 KM (2012\/07 &#8211; 2015\/06) \u00a0N26 B20 A, N20 B20 A<\/p>\n<p>4 Gran Coupe (F36)<br \/>\nModel<br \/>\n4 Gran Coupe (F36) 420 i\u00a0 \u00a0 1997cm3, 184 KM (2014\/03 &#8211; 2017\/02 ) N20 B20 B<br \/>\n4 Gran Coupe (F36) 420 i\u00a0 \u00a0 1997cm3, 163 KM (2014\/03 &#8211; 2017\/02) N20 B20 B<br \/>\n4 Gran Coupe (F36) 428 i\u00a0 \u00a0 1997cm3, 245 KM (2014\/03 &#8211; 2016\/06) N26 B20 A, N20 B20 A<\/p>\n<p>4 coupe (F32, F82)<br \/>\nModel<br \/>\n4 coupe (F32, F82) 420 i\u00a0 \u00a0 1997cm3, 184 KM (2013\/11 &#8211; 2017\/02) N20 B20 B, N20 B20 A<br \/>\n4 coupe (F32, F82) 420 i\u00a0 \u00a0 1997cm3, 163 KM (2013\/11 &#8211; 2017\/02) N20 B20 B, N20 B20 A<br \/>\n4 coupe (F32, F82) 428 i\u00a0 \u00a0 1997cm3, 245 KM (2013\/07 &#8211; 2017\/02) N26 B20 A, N20 B20 A<\/p>\n<p>4 convertible (F33, F83)<br \/>\nModel<br \/>\n4 convertible (F33, F83) 420 i\u00a0 \u00a0 \u00a01997cm3, 163 KM (2014\/07 &#8211; 2016\/02) N20 B20 B<br \/>\n4 convertible (F33, F83) 420 i\u00a0 \u00a0 \u00a01997cm3, 184 KM (2014\/07 &#8211; 2016\/02) N20 B20 B<br \/>\n4 convertible (F33, F83) 428 i\u00a0 \u00a0 \u00a01997cm3, 245 KM (2013\/11 &#8211; 2017\/02) \u00a0N26 B20 A, N20 B20 A<\/p>\n<\/div>\n","protected":false},"excerpt":{"rendered":"<p>Poduszki silnika do BMW F20,F21,F22,F23,F30,F31,F32,F33,F34, na silikonie o Twardo\u015bci 63ShA du\u017co sztywniejsze ni\u017c seryjne doskonale sprawdzaj\u0105 si\u0119\u00a0 w sporcie cena za komplet czyli lewa i prawa strona Pasuj\u0105 do : BMW 1 (F20) Model : 1 (F20) 114 d\u00a0 \u00a0 \u00a0 \u00a0 \u00a0 \u00a01598cm3, 95 KM(2012\/11 &#8211; 2015\/06)\u00a0 \u00a0 N47 D16 A 1 (F20) 114 [&hellip;]<\/p>\n","protected":false},"featured_media":11815,"template":"","meta":{"_seopress_robots_primary_cat":"none","_seopress_titles_title":"Poduszki skrzyni do BMW F30 SilverProject.eu","_seopress_titles_desc":"Poduszki skrzyni do BMW F20 , F22 , F30 , F32 , F33 , F36 , G29 na poliuretanie o Twardo\u015bci 75ShA doskonale sprawdzaj\u0105 si\u0119 w sporcie","_seopress_robots_index":"","inline_featured_image":false},"product_brand":[],"product_cat":[18,156],"product_tag":[544,545,546,548,549,551,554,556,553,558,550,555,557,640,444,116,136,137,445,142,552],"class_list":{"0":"post-11843","1":"product","2":"type-product","3":"status-publish","4":"has-post-thumbnail","6":"product_cat-czesci-do-bmw","7":"product_cat-silnik-i-przeniesienie-napedu-do-bmw","8":"product_tag-f20","9":"product_tag-f21","10":"product_tag-f22","11":"product_tag-f23","12":"product_tag-f30","13":"product_tag-f31","14":"product_tag-f32","15":"product_tag-f33","16":"product_tag-f34","17":"product_tag-f36","18":"product_tag-f80","19":"product_tag-f82","20":"product_tag-f83","21":"product_tag-m","22":"product_tag-m-power","23":"product_tag-poduszka","24":"product_tag-poduszki","25":"product_tag-silnika","26":"product_tag-skrzyni","27":"product_tag-skrzynia","28":"product_tag-touring","30":"first","31":"instock","32":"taxable","33":"shipping-taxable","34":"purchasable","35":"product-type-simple"},"_links":{"self":[{"href":"https:\/\/silverproject.eu\/pl\/wp-json\/wp\/v2\/product\/11843","targetHints":{"allow":["GET"]}}],"collection":[{"href":"https:\/\/silverproject.eu\/pl\/wp-json\/wp\/v2\/product"}],"about":[{"href":"https:\/\/silverproject.eu\/pl\/wp-json\/wp\/v2\/types\/product"}],"wp:featuredmedia":[{"embeddable":true,"href":"https:\/\/silverproject.eu\/pl\/wp-json\/wp\/v2\/media\/11815"}],"wp:attachment":[{"href":"https:\/\/silverproject.eu\/pl\/wp-json\/wp\/v2\/media?parent=11843"}],"wp:term":[{"taxonomy":"product_brand","embeddable":true,"href":"https:\/\/silverproject.eu\/pl\/wp-json\/wp\/v2\/product_brand?post=11843"},{"taxonomy":"product_cat","embeddable":true,"href":"https:\/\/silverproject.eu\/pl\/wp-json\/wp\/v2\/product_cat?post=11843"},{"taxonomy":"product_tag","embeddable":true,"href":"https:\/\/silverproject.eu\/pl\/wp-json\/wp\/v2\/product_tag?post=11843"}],"curies":[{"name":"wp","href":"https:\/\/api.w.org\/{rel}","templated":true}]}}