{"id":11775,"date":"2023-12-03T19:45:18","date_gmt":"2023-12-03T18:45:18","guid":{"rendered":"https:\/\/silverproject.eu\/pl\/?post_type=product&#038;p=11775"},"modified":"2025-01-13T18:09:14","modified_gmt":"2025-01-13T17:09:14","slug":"tylny-drazek-zbieznosci-kola-do-vw-golf-mk8","status":"publish","type":"product","link":"https:\/\/silverproject.eu\/pl\/tylny-drazek-zbieznosci-kola-do-vw-golf-mk8\/","title":{"rendered":"Tylny dr\u0105\u017cek zbie\u017cno\u015bci ko\u0142a do VW Golf Mk8"},"content":{"rendered":"<h4><span style=\"color: #ff0000;\"><strong><span id=\"result_box\" lang=\"pl\"><a style=\"color: #ff0000;\" href=\"https:\/\/silverproject.eu\/pl\/wp-content\/uploads\/2024\/12\/inst.-wahacz-pl.pdf\">instrukcja monta\u017cu<\/a><\/span><\/strong><\/span><\/h4>\n<div><\/div>\n<h4><span style=\"color: #ff0000;\"><strong><span id=\"result_box\" lang=\"pl\"><a style=\"color: #ff0000;\" href=\"       \">certyfikat materia\u0142owy<\/a><\/span><\/strong><\/span><\/h4>\n<div><\/div>\n<\/div>\n<p>Tylny dr\u0105\u017cek zbie\u017cno\u015bci ko\u0142a do VW Golf Mk8<\/p>\n<p>Potrzebny do zmiany ustawienia tylnego ko\u0142a.<\/p>\n<p>Kolor : Czarny mat , Niebieski mat.<\/p>\n<p>Pasuje do :<\/p>\n<p>AUDI<br \/>\n<span class=\"text_exposed_show\">A3 Limousine (8YS)<\/span><\/p>\n<p><span class=\"text_exposed_show\">A3 Sportback (8YA)<\/span><\/p>\n<p><span class=\"text_exposed_show\"><br \/>\nSEAT<br \/>\nLEON (KL1)<\/span><\/p>\n<p><span class=\"text_exposed_show\">LEON Sportstourer (KL8)<\/span><\/p>\n<p><span class=\"text_exposed_show\"><br \/>\nVW<br \/>\nGOLF VIII (CD1)<br \/>\n<\/span><\/p>\n<p>GOLF VIII Variant (CG5)<\/p>\n<p>&nbsp;<\/p>\n<p>&nbsp;<\/p>\n","protected":false},"excerpt":{"rendered":"<p>instrukcja monta\u017cu certyfikat materia\u0142owy Tylny dr\u0105\u017cek zbie\u017cno\u015bci ko\u0142a do VW Golf Mk8 Potrzebny do zmiany ustawienia tylnego ko\u0142a. Kolor : Czarny mat , Niebieski mat. Pasuje do : AUDI A3 Limousine (8YS) A3 Sportback (8YA) SEAT LEON (KL1) LEON Sportstourer (KL8) VW GOLF VIII (CD1) GOLF VIII Variant (CG5) &nbsp; &nbsp;<\/p>\n","protected":false},"featured_media":599,"template":"","meta":{"_seopress_robots_primary_cat":"none","_seopress_titles_title":"","_seopress_titles_desc":"","_seopress_robots_index":"","inline_featured_image":false},"product_brand":[],"product_cat":[16,30,32,38,143,225,144,182],"product_tag":[337,357,364,183,350,352,358,359,353,354,356,360,361,185,362,363],"class_list":{"0":"post-11775","1":"product","2":"type-product","3":"status-publish","4":"has-post-thumbnail","6":"product_cat-czesci-do-audi","7":"product_cat-czesci-do-seat","8":"product_cat-czesci-do-skoda","9":"product_cat-czesci-do-vw","10":"product_cat-zawieszenie-do-seat","11":"product_cat-zawieszenie-do-skoda","12":"product_cat-zawieszenie-do-vw","13":"product_cat-zawieszenie-do-audi","14":"product_tag-a1","15":"product_tag-adjustable","16":"product_tag-audi-8v","17":"product_tag-audi-a3","18":"product_tag-beetle","19":"product_tag-golf-7","20":"product_tag-golf-mk5","21":"product_tag-golf-mk6","22":"product_tag-golf-mk7","23":"product_tag-golf-vii","24":"product_tag-leon-st","25":"product_tag-lowe","26":"product_tag-rear","27":"product_tag-seat","28":"product_tag-toe-arm","29":"product_tag-toledo","31":"first","32":"instock","33":"taxable","34":"shipping-taxable","35":"purchasable","36":"product-type-variable"},"_links":{"self":[{"href":"https:\/\/silverproject.eu\/pl\/wp-json\/wp\/v2\/product\/11775","targetHints":{"allow":["GET"]}}],"collection":[{"href":"https:\/\/silverproject.eu\/pl\/wp-json\/wp\/v2\/product"}],"about":[{"href":"https:\/\/silverproject.eu\/pl\/wp-json\/wp\/v2\/types\/product"}],"wp:featuredmedia":[{"embeddable":true,"href":"https:\/\/silverproject.eu\/pl\/wp-json\/wp\/v2\/media\/599"}],"wp:attachment":[{"href":"https:\/\/silverproject.eu\/pl\/wp-json\/wp\/v2\/media?parent=11775"}],"wp:term":[{"taxonomy":"product_brand","embeddable":true,"href":"https:\/\/silverproject.eu\/pl\/wp-json\/wp\/v2\/product_brand?post=11775"},{"taxonomy":"product_cat","embeddable":true,"href":"https:\/\/silverproject.eu\/pl\/wp-json\/wp\/v2\/product_cat?post=11775"},{"taxonomy":"product_tag","embeddable":true,"href":"https:\/\/silverproject.eu\/pl\/wp-json\/wp\/v2\/product_tag?post=11775"}],"curies":[{"name":"wp","href":"https:\/\/api.w.org\/{rel}","templated":true}]}}