{"id":11772,"date":"2023-12-03T19:45:13","date_gmt":"2023-12-03T18:45:13","guid":{"rendered":"https:\/\/silverproject.eu\/pl\/?post_type=product&#038;p=11772"},"modified":"2025-01-13T18:09:41","modified_gmt":"2025-01-13T17:09:41","slug":"zestaw-tylnych-drazkow-regulowanych-do-vw-golf-mk8","status":"publish","type":"product","link":"https:\/\/silverproject.eu\/pl\/zestaw-tylnych-drazkow-regulowanych-do-vw-golf-mk8\/","title":{"rendered":"Zestaw tylnych dr\u0105\u017ck\u00f3w regulowanych do VW golf Mk8"},"content":{"rendered":"<h4><span style=\"color: #ff0000;\"><strong><span id=\"result_box\" lang=\"pl\"><a style=\"color: #ff0000;\" href=\"https:\/\/silverproject.eu\/pl\/wp-content\/uploads\/2024\/12\/inst.-wahacz-pl.pdf\">instrukcja monta\u017cu<\/a><\/span><\/strong><\/span><\/h4>\n<div><\/div>\n<h4><span style=\"color: #ff0000;\"><strong><span id=\"result_box\" lang=\"pl\"><a style=\"color: #ff0000;\" href=\"       \">certyfikat materia\u0142owy<\/a><\/span><\/strong><\/span><\/h4>\n<div><\/div>\n<\/div>\n<p>Zestaw tylnych dr\u0105\u017ck\u00f3w regulowanych do VW golf Mk8<\/p>\n<p>Dr\u0105\u017cki &#8211; camber\u00a0 : <span title=\"Kliknij, aby wy\u015bwietli\u0107 alternatywne t\u0142umaczenia\">1 Para (Lewa &amp; Prawa)<\/span><\/p>\n<p>dr\u0105\u017cki &#8211; zbie\u017cno\u015b\u0107 :<span title=\"Kliknij, aby wy\u015bwietli\u0107 alternatywne t\u0142umaczenia\">1 Para (Lewa &amp; Prawa)<\/span><\/p>\n<p><span lang=\"pl\">tuleje z poliuretanu w twardo\u015bci 75ShA <\/span><span title=\"Kliknij, aby wy\u015bwietli\u0107 alternatywne t\u0142umaczenia\">Mo\u017cliwe pochylenie ko\u0142a: -4.00 do +4.00 stopnia<\/span><\/p>\n<div>Kolor <span title=\"Kliknij, aby wy\u015bwietli\u0107 alternatywne t\u0142umaczenia\">: Niebieski mat lub Czarny mat.<\/span><br \/>\n<span title=\"Kliknij, aby wy\u015bwietli\u0107 alternatywne t\u0142umaczenia\">Polecany dla tych kt\u00f3rzy chc\u0105 mie\u0107 lepsz\u0105 przyczepno\u015b\u0107 !!!<\/span><\/div>\n<div><span title=\"Kliknij, aby wy\u015bwietli\u0107 alternatywne t\u0142umaczenia\">Pasuje do :<\/span><\/div>\n<p>&nbsp;<\/p>\n<div>\n<div>AUDI:<\/div>\n<div>A1 (8X1, 8XK)<\/div>\n<div>A1 Sportback (8XA, 8XF)<\/div>\n<div>A3 Sportback (8PA)<\/div>\n<div>TT (8J3)<\/div>\n<div>TT (FV3, FVP)<\/div>\n<div>TT Roadster (8J9)<br \/>\n<span class=\"text_exposed_show\"><br \/>\nSEAT:<\/span><\/div>\n<div><span class=\"text_exposed_show\">LEON (1P1)<\/span><\/div>\n<div><span class=\"text_exposed_show\">LEON (5F1)<\/span><\/div>\n<div><span class=\"text_exposed_show\">LEON SC (5F5)<\/span><\/div>\n<div><span class=\"text_exposed_show\">LEON ST (5F8)<\/span><\/div>\n<div><span class=\"text_exposed_show\">TOLEDO III (5P2)<\/span><\/div>\n<div><\/div>\n<div><span class=\"text_exposed_show\">SKODA:<\/span><\/div>\n<div><span class=\"text_exposed_show\">OCTAVIA II (1Z3)<\/span><\/div>\n<div><span class=\"text_exposed_show\">OCTAVIA III (5E3, NL3, NR3)<\/span><\/div>\n<div>\n<p><span class=\"text_exposed_show\">SUPERB II (3T4)<\/span><\/p>\n<p>VW:<\/p>\n<p>&nbsp;<\/p>\n<\/div>\n<div>ARTEON (3H7, 3H8)<\/div>\n<div>BEETLE (5C1, 5C2)<\/div>\n<div>CC (358)<\/div>\n<div>EOS (1F7, 1F8)<\/div>\n<div>GOLF VIII (CD1)<\/div>\n<div>JETTA III (1K2)<\/div>\n<div>JETTA IV (162, 163, AV3, AV2)<\/div>\n<div>PASSAT (362)<\/div>\n<div>PASSAT (3C2)<\/div>\n<div>PASSAT (3G2, CB2)<\/div>\n<div>PASSAT CC (357)<\/div>\n<div>SCIROCCO (137, 138)<\/div>\n<div>SHARAN (7N1, 7N2)<\/div>\n<div>T-ROC (A11)<\/div>\n<div>TIGUAN (5N_)<\/div>\n<div>TIGUAN (AD1)<\/div>\n<div>TOURAN (1T1, 1T2)<\/div>\n<div>TOURAN (1T3)<\/div>\n<\/div>\n<div>\n<div><span title=\"Kliknij, aby wy\u015bwietli\u0107 alternatywne t\u0142umaczenia\">Polecane na zloty,na tor\/ track days ,wy\u015bcigi.<br \/>\n<\/span><\/div>\n<p><span id=\"result_box\" lang=\"pl\"><span title=\"Kliknij, aby wy\u015bwietli\u0107 alternatywne t\u0142umaczenia\">Nie zawiera instrukcji monta\u017cu . Polecamy monta\u017c przez profesjonalist\u0119.<\/span><\/span><\/p>\n<\/div>\n<p>&nbsp;<\/p>\n<p><span title=\"Kliknij, aby wy\u015bwietli\u0107 alternatywne t\u0142umaczenia\">\u00a0<\/span><\/p>\n","protected":false},"excerpt":{"rendered":"<p>instrukcja monta\u017cu certyfikat materia\u0142owy Zestaw tylnych dr\u0105\u017ck\u00f3w regulowanych do VW golf Mk8 Dr\u0105\u017cki &#8211; camber\u00a0 : 1 Para (Lewa &amp; Prawa) dr\u0105\u017cki &#8211; zbie\u017cno\u015b\u0107 :1 Para (Lewa &amp; Prawa) tuleje z poliuretanu w twardo\u015bci 75ShA Mo\u017cliwe pochylenie ko\u0142a: -4.00 do +4.00 stopnia Kolor : Niebieski mat lub Czarny mat. Polecany dla tych kt\u00f3rzy chc\u0105 mie\u0107 [&hellip;]<\/p>\n","protected":false},"featured_media":606,"template":"","meta":{"_seopress_robots_primary_cat":"none","_seopress_titles_title":"","_seopress_titles_desc":"","_seopress_robots_index":"","inline_featured_image":false},"product_brand":[],"product_cat":[16,30,32,38,225,143,144,182,271],"product_tag":[632,631,630,633,347,348,188,349,634,337,192,628,193,350,625,338,351,352,353,339,354,355,356,195,245,335,340,342,343,344,345,198,346],"class_list":{"0":"post-11772","1":"product","2":"type-product","3":"status-publish","4":"has-post-thumbnail","6":"product_cat-czesci-do-audi","7":"product_cat-czesci-do-seat","8":"product_cat-czesci-do-skoda","9":"product_cat-czesci-do-vw","10":"product_cat-zawieszenie-do-skoda","11":"product_cat-zawieszenie-do-seat","12":"product_cat-zawieszenie-do-vw","13":"product_cat-zawieszenie-do-audi","14":"product_cat-zestawy","15":"product_tag-632","16":"product_tag-1t1","17":"product_tag-1t3","18":"product_tag-633","19":"product_tag-5c1","20":"product_tag-5f1","21":"product_tag-8j3","22":"product_tag-8v","23":"product_tag-8x1","24":"product_tag-a1","25":"product_tag-a3","26":"product_tag-ad1","27":"product_tag-audi","28":"product_tag-beetle","29":"product_tag-cd1","30":"product_tag-control-arm","31":"product_tag-fv3","32":"product_tag-golf-7","33":"product_tag-golf-mk7","34":"product_tag-golf-v","35":"product_tag-golf-vii","36":"product_tag-leon-sc","37":"product_tag-leon-st","38":"product_tag-mk6","39":"product_tag-octavia","40":"product_tag-passat","41":"product_tag-passat-cc","42":"product_tag-rear-lower","43":"product_tag-sirocco","44":"product_tag-toledo-3","45":"product_tag-toledo-iii","46":"product_tag-tt","47":"product_tag-vi-golf","49":"first","50":"instock","51":"sale","52":"taxable","53":"shipping-taxable","54":"purchasable","55":"product-type-variable"},"_links":{"self":[{"href":"https:\/\/silverproject.eu\/pl\/wp-json\/wp\/v2\/product\/11772","targetHints":{"allow":["GET"]}}],"collection":[{"href":"https:\/\/silverproject.eu\/pl\/wp-json\/wp\/v2\/product"}],"about":[{"href":"https:\/\/silverproject.eu\/pl\/wp-json\/wp\/v2\/types\/product"}],"wp:featuredmedia":[{"embeddable":true,"href":"https:\/\/silverproject.eu\/pl\/wp-json\/wp\/v2\/media\/606"}],"wp:attachment":[{"href":"https:\/\/silverproject.eu\/pl\/wp-json\/wp\/v2\/media?parent=11772"}],"wp:term":[{"taxonomy":"product_brand","embeddable":true,"href":"https:\/\/silverproject.eu\/pl\/wp-json\/wp\/v2\/product_brand?post=11772"},{"taxonomy":"product_cat","embeddable":true,"href":"https:\/\/silverproject.eu\/pl\/wp-json\/wp\/v2\/product_cat?post=11772"},{"taxonomy":"product_tag","embeddable":true,"href":"https:\/\/silverproject.eu\/pl\/wp-json\/wp\/v2\/product_tag?post=11772"}],"curies":[{"name":"wp","href":"https:\/\/api.w.org\/{rel}","templated":true}]}}