{"id":11769,"date":"2023-12-03T19:31:53","date_gmt":"2023-12-03T18:31:53","guid":{"rendered":"https:\/\/silverproject.eu\/pl\/?post_type=product&#038;p=11769"},"modified":"2026-03-09T17:04:56","modified_gmt":"2026-03-09T16:04:56","slug":"camber-plates-regulator-do-vw-golf-8","status":"publish","type":"product","link":"https:\/\/silverproject.eu\/pl\/camber-plates-regulator-do-vw-golf-8\/","title":{"rendered":"CAMBER PLATES regulator do VW Golf 8"},"content":{"rendered":"<p>CAMBER PLATES regulator do VW Golf 8<\/p>\n<p>&nbsp;<\/p>\n<h4><span style=\"color: #ff0000;\"><strong><span id=\"result_box\" lang=\"pl\"><a style=\"color: #ff0000;\" href=\"https:\/\/silverproject.eu\/pl\/wp-content\/uploads\/2024\/12\/inst.-camber-pl.pdf\">instrukcja monta\u017cu<\/a><\/span><\/strong><\/span><\/h4>\n<div><\/div>\n<h4><span style=\"color: #ff0000;\"><strong><span id=\"result_box\" lang=\"pl\"><a style=\"color: #ff0000;\" href=\"https:\/\/silverproject.eu\/pl\/wp-content\/uploads\/2024\/12\/parts-pl.pdf\">elementy camber plates<\/a><\/span><\/strong><\/span><\/h4>\n<div><\/div>\n<h4><span style=\"color: #ff0000;\"><strong><span id=\"result_box\" lang=\"pl\"><a style=\"color: #ff0000;\" href=\"https:\/\/silverproject.eu\/pl\/wp-content\/uploads\/2024\/12\/Nm-camber-caster-PL.pdf\">instrukcja ustawienia<\/a><\/span><\/strong><\/span><\/h4>\n<div><\/div>\n<h4><span style=\"color: #ff0000;\"><strong><span id=\"result_box\" lang=\"pl\"><a style=\"color: #ff0000;\" href=\"https:\/\/silverproject.eu\/pl\/wp-content\/uploads\/2024\/12\/material-certyf.pdf\">certyfikat materia\u0142owy<\/a><\/span><\/strong><\/span><\/h4>\n<div><\/div>\n<\/div>\n<p>Przedni Camber Plates pod seryjny amortyzator<\/p>\n<p>Color : Czarny mat , Niebieski mat<\/p>\n<p>AUDI<br \/>\nA3 (8V1, 8VK)<br \/>\nA3 Limousine (8VS, 8VM)<\/p>\n<p>A3 Limousine (8YS)<\/p>\n<p>A3 Sportback (8VA, 8VF)<\/p>\n<p>A3 Sportback (8YA)<\/p>\n<p>A3 kabriolet (8V7, 8VE)<\/p>\n<p>Q2 (GAB, GAG)<\/p>\n<p>Q3 (F3B)<\/p>\n<p>Q3 Sportback (F3N)<\/p>\n<p>TT (FV3, FVP)<\/p>\n<p>TT Roadster (FV9, FVR)<\/p>\n<div class=\"text_exposed_show\">\n<p>SEAT<\/p>\n<div class=\"\" data-testid=\"content\">\n<div class=\"m389_6m m9tr_5r mpof_ki mqen_m6\" role=\"tab\" data-testid=\"heading\">\n<p class=\"mgn2_14 mp0t_0a mqu1_21 mgmw_wo mli8_k4 mp4t_0 m3h2_0 mryx_0 munh_0 _1b0db_1swkR _1b0db_3ifmH m9qz_yq mp4t_8 mzaq_1 _1b0db_1swkR\">ARONA (KJ7)<\/p>\n<p>ATECA (KH7, KHP)<\/p>\n<p>IBIZA V (KJ1)<\/p>\n<p>LEON (5F1)<\/p>\n<p>LEON SC (5F5)<\/p>\n<p>LEON ST (5F8)<\/p>\n<p>TARRACO (KN2)<\/p>\n<\/div>\n<\/div>\n<p>SKODA<br \/>\nKAROQ (NU7)<\/p>\n<p>KAROQ (NU7, ND7)<\/p>\n<p>KODIAQ (NS7, NV7)<\/p>\n<p>OCTAVIA III (5E3, NL3, NR3)<\/p>\n<p>OCTAVIA III Combi (5E5, 5E6)<\/p>\n<p>SCALA (NW1)<\/p>\n<p>SUPERB III (3V3)<\/p>\n<p>SUPERB III Kombi (3V5)<\/p>\n<p>VW<br \/>\nARTEON (3H7, 3H8)<\/p>\n<p>GOLF VIII (CD1)<\/p>\n<p>GOLF VIII Variant (CG5)<\/p>\n<p>PASSAT ALLTRACK B8 Variant (3G5, CB5)<\/p>\n<p>PASSAT B8 (3G2, CB2)<\/p>\n<p>PASSAT B8 Variant (3G5, CB5)<\/p>\n<p>POLO VI (AW1, BZ1)<\/p>\n<p>T-CROSS (C11)<\/p>\n<p>T-ROC (A11)<\/p>\n<p>T-ROC kabriolet (AC7)<\/p>\n<p>TIGUAN (AD1, AX1)<\/p>\n<p>TOURAN (5T1)<\/p>\n<\/div>\n<p>&nbsp;<\/p>\n<p>zestaw zawiera 2 sztuki.<\/p>\n<p>Pasuje pod seryjny amortyzator.<\/p>\n<p>-2\u00b0 pochylenia ko\u0142a.<\/p>\n<p>Instalacja bardzo prosta, cambery montuje si\u0119 zamiast seryjnej poduszki na seryjne \u0142o\u017cysko amortyzatora.<\/p>\n<p>&nbsp;<\/p>\n","protected":false},"excerpt":{"rendered":"<p>CAMBER PLATES regulator do VW Golf 8 &nbsp; instrukcja monta\u017cu elementy camber plates instrukcja ustawienia certyfikat materia\u0142owy Przedni Camber Plates pod seryjny amortyzator Color : Czarny mat , Niebieski mat AUDI A3 (8V1, 8VK) A3 Limousine (8VS, 8VM) A3 Limousine (8YS) A3 Sportback (8VA, 8VF) A3 Sportback (8YA) A3 kabriolet (8V7, 8VE) Q2 (GAB, GAG) [&hellip;]<\/p>\n","protected":false},"featured_media":675,"template":"","meta":{"_seopress_robots_primary_cat":"none","_seopress_titles_title":"","_seopress_titles_desc":"","_seopress_robots_index":"","inline_featured_image":false},"product_brand":[],"product_cat":[16,30,32,38,182,225,143,144],"product_tag":[407,348,408,409,410,629,121,411,412,192,628,193,627,57,625,626,351,147,413,196,197,198,414],"class_list":{"0":"post-11769","1":"product","2":"type-product","3":"status-publish","4":"has-post-thumbnail","6":"product_cat-czesci-do-audi","7":"product_cat-czesci-do-seat","8":"product_cat-czesci-do-skoda","9":"product_cat-czesci-do-vw","10":"product_cat-zawieszenie-do-audi","11":"product_cat-zawieszenie-do-skoda","12":"product_cat-zawieszenie-do-seat","13":"product_cat-zawieszenie-do-vw","14":"product_tag-407","15":"product_tag-5f1","16":"product_tag-5f5","17":"product_tag-5f8","18":"product_tag-5g1","19":"product_tag-5t1","20":"product_tag-121","21":"product_tag-8v1","22":"product_tag-8va","23":"product_tag-a3","24":"product_tag-ad1","25":"product_tag-audi","26":"product_tag-aw1","27":"product_tag-camber-plates","28":"product_tag-cd1","29":"product_tag-cg5","30":"product_tag-fv3","31":"product_tag-golf","32":"product_tag-mk7","33":"product_tag-roadster","34":"product_tag-sportback","35":"product_tag-tt","36":"product_tag-vii","38":"first","39":"instock","40":"taxable","41":"shipping-taxable","42":"purchasable","43":"product-type-variable"},"_links":{"self":[{"href":"https:\/\/silverproject.eu\/pl\/wp-json\/wp\/v2\/product\/11769","targetHints":{"allow":["GET"]}}],"collection":[{"href":"https:\/\/silverproject.eu\/pl\/wp-json\/wp\/v2\/product"}],"about":[{"href":"https:\/\/silverproject.eu\/pl\/wp-json\/wp\/v2\/types\/product"}],"wp:featuredmedia":[{"embeddable":true,"href":"https:\/\/silverproject.eu\/pl\/wp-json\/wp\/v2\/media\/675"}],"wp:attachment":[{"href":"https:\/\/silverproject.eu\/pl\/wp-json\/wp\/v2\/media?parent=11769"}],"wp:term":[{"taxonomy":"product_brand","embeddable":true,"href":"https:\/\/silverproject.eu\/pl\/wp-json\/wp\/v2\/product_brand?post=11769"},{"taxonomy":"product_cat","embeddable":true,"href":"https:\/\/silverproject.eu\/pl\/wp-json\/wp\/v2\/product_cat?post=11769"},{"taxonomy":"product_tag","embeddable":true,"href":"https:\/\/silverproject.eu\/pl\/wp-json\/wp\/v2\/product_tag?post=11769"}],"curies":[{"name":"wp","href":"https:\/\/api.w.org\/{rel}","templated":true}]}}