{"id":11502,"date":"2023-03-28T00:32:48","date_gmt":"2023-03-27T22:32:48","guid":{"rendered":"https:\/\/silverproject.eu\/pl\/?post_type=product&#038;p=11502"},"modified":"2025-06-18T13:42:44","modified_gmt":"2025-06-18T11:42:44","slug":"camber-plates-do-renault-megane-iii-rs3","status":"publish","type":"product","link":"https:\/\/silverproject.eu\/pl\/camber-plates-do-renault-megane-iii-rs3\/","title":{"rendered":"Camber plates do Renault Megane III , RS3"},"content":{"rendered":"<p>Camber plates do Renault Megane III<\/p>\n<p>pasuje pod seryjny amortyzator<\/p>\n<p>&nbsp;<\/p>\n<h4><span style=\"color: #ff0000;\"><strong><span id=\"result_box\" lang=\"pl\"><a style=\"color: #ff0000;\" href=\"https:\/\/silverproject.eu\/pl\/wp-content\/uploads\/2024\/12\/inst.-camber-pl.pdf\">instrukcja monta\u017cu<\/a><\/span><\/strong><\/span><\/h4>\n<div><\/div>\n<h4><span style=\"color: #ff0000;\"><strong><span id=\"result_box\" lang=\"pl\"><a style=\"color: #ff0000;\" href=\"https:\/\/silverproject.eu\/pl\/wp-content\/uploads\/2024\/12\/parts-pl.pdf\">elementy camber plates<\/a><\/span><\/strong><\/span><\/h4>\n<div><\/div>\n<h4><span style=\"color: #ff0000;\"><strong><span id=\"result_box\" lang=\"pl\"><a style=\"color: #ff0000;\" href=\"https:\/\/silverproject.eu\/pl\/wp-content\/uploads\/2024\/12\/Nm-camber-caster-PL.pdf\">instrukcja ustawienia<\/a><\/span><\/strong><\/span><\/h4>\n<div><\/div>\n<h4><span style=\"color: #ff0000;\"><strong><span id=\"result_box\" lang=\"pl\"><a style=\"color: #ff0000;\" href=\"https:\/\/silverproject.eu\/pl\/wp-content\/uploads\/2024\/12\/material-certyf.pdf\">certyfikat materia\u0142owy<\/a><\/span><\/strong><\/span><\/h4>\n<div><\/div>\n<\/div>\n<p>pasuje do :<\/p>\n<p><span id=\"span_typ3\" class=\"icon-plus-circle\">MEGANE III coupe (DZ0\/1_)<br \/>\n<\/span><span id=\"span_typ1\" class=\"icon-plus-circle\">MEGANE III hatchback (BZ0_)<br \/>\n<\/span><span id=\"span_typ2\" class=\"icon-plus-circle\">MEGANE III Grandtour (KZ0\/1)<br \/>\n<\/span><span id=\"span_typ3\" class=\"icon-plus-circle\"><\/span><span id=\"span_typ4\" class=\"icon-plus-circle\">MEGANE CC (EZ0\/1_)<br \/>\n<\/span><span id=\"span_typ5\" class=\"icon-plus-circle\">SCENIC III (JZ0\/1_)<br \/>\n<\/span><span id=\"span_typ6\" class=\"icon-plus-circle\">GRAND SCENIC III (JZ0\/1_)<\/span><\/p>\n<p>Kolor : Czarny mat lub Niebieski Mat.<\/p>\n<p>Pozwala pochyli\u0107 ko\u0142o\/amortyzator o kilka stopni<br \/>\nco jest niezb\u0119dne gdy chcemy je\u017adzi\u0107 w wy\u015bcigach i mie\u0107 wi\u0119ksz\u0105 przyczepno\u015b\u0107.<br \/>\n\u0141o\u017cyska z wk\u0142adem teflonowym.<\/p>\n<p>Przetestowane na torach Polski , UK , Stan\u00f3w Zjednoczonych oraz Niemiec.<br \/>\nNasze Cambery wysy\u0142amy do wielu pa\u0144stw Europy oraz do Stan\u00f3w Zjednoczonych i Australii<\/p>\n<p>CENA ZA 2SZTUKi<br \/>\nDzi\u0119ki naniesionej skali \u0142atwa mo\u017cliwo\u015b\u0107 powrotu do starych ustawie\u0144.<br \/>\nPasuje pod seryjny amortyzator.<\/p>\n","protected":false},"excerpt":{"rendered":"<p>Camber plates do Renault Megane III pasuje pod seryjny amortyzator &nbsp; instrukcja monta\u017cu elementy camber plates instrukcja ustawienia certyfikat materia\u0142owy pasuje do : MEGANE III coupe (DZ0\/1_) MEGANE III hatchback (BZ0_) MEGANE III Grandtour (KZ0\/1) MEGANE CC (EZ0\/1_) SCENIC III (JZ0\/1_) GRAND SCENIC III (JZ0\/1_) Kolor : Czarny mat lub Niebieski Mat. Pozwala pochyli\u0107 ko\u0142o\/amortyzator [&hellip;]<\/p>\n","protected":false},"featured_media":11505,"template":"","meta":{"_seopress_robots_primary_cat":"none","_seopress_titles_title":"Camber plates do Renault Megane III","_seopress_titles_desc":"Pozwala pochyli\u0107 ko\u0142o\/amortyzator o kilka stopni co jest niezb\u0119dne gdy chcemy je\u017adzi\u0107 w wy\u015bcigach i mie\u0107 wi\u0119ksz\u0105 przyczepno\u015b\u0107.","_seopress_robots_index":"","inline_featured_image":false},"product_brand":[],"product_cat":[297,298],"product_tag":[57,623,624,421],"class_list":{"0":"post-11502","1":"product","2":"type-product","3":"status-publish","4":"has-post-thumbnail","6":"product_cat-czesci-do-renault","7":"product_cat-zawieszenie-do-renault","8":"product_tag-camber-plates","9":"product_tag-megane-3","10":"product_tag-megane-iii","11":"product_tag-rs3","13":"first","14":"instock","15":"taxable","16":"shipping-taxable","17":"purchasable","18":"product-type-variable"},"_links":{"self":[{"href":"https:\/\/silverproject.eu\/pl\/wp-json\/wp\/v2\/product\/11502","targetHints":{"allow":["GET"]}}],"collection":[{"href":"https:\/\/silverproject.eu\/pl\/wp-json\/wp\/v2\/product"}],"about":[{"href":"https:\/\/silverproject.eu\/pl\/wp-json\/wp\/v2\/types\/product"}],"wp:featuredmedia":[{"embeddable":true,"href":"https:\/\/silverproject.eu\/pl\/wp-json\/wp\/v2\/media\/11505"}],"wp:attachment":[{"href":"https:\/\/silverproject.eu\/pl\/wp-json\/wp\/v2\/media?parent=11502"}],"wp:term":[{"taxonomy":"product_brand","embeddable":true,"href":"https:\/\/silverproject.eu\/pl\/wp-json\/wp\/v2\/product_brand?post=11502"},{"taxonomy":"product_cat","embeddable":true,"href":"https:\/\/silverproject.eu\/pl\/wp-json\/wp\/v2\/product_cat?post=11502"},{"taxonomy":"product_tag","embeddable":true,"href":"https:\/\/silverproject.eu\/pl\/wp-json\/wp\/v2\/product_tag?post=11502"}],"curies":[{"name":"wp","href":"https:\/\/api.w.org\/{rel}","templated":true}]}}