{"id":11111,"date":"2022-05-23T12:55:07","date_gmt":"2022-05-23T10:55:07","guid":{"rendered":"https:\/\/silverproject.eu\/pl\/?post_type=product&#038;p=11111"},"modified":"2026-04-02T10:40:48","modified_gmt":"2026-04-02T08:40:48","slug":"camber-plates-do-bmw-e46-3d-true-professionals-drift-gwint-2","status":"publish","type":"product","link":"https:\/\/silverproject.eu\/pl\/camber-plates-do-bmw-e46-3d-true-professionals-drift-gwint-2\/","title":{"rendered":"Camber Plates do BMW E46 3D true professionals Drift gwint"},"content":{"rendered":"<p>Camber Plates do BMW E46 3D<\/p>\n<h4><span style=\"color: #ff0000;\"><strong><span id=\"result_box\" lang=\"pl\"><a style=\"color: #ff0000;\" href=\"https:\/\/silverproject.eu\/pl\/wp-content\/uploads\/2024\/12\/inst.-camber-pl.pdf\">instrukcja monta\u017cu<\/a><\/span><\/strong><\/span><\/h4>\n<div><\/div>\n<h4><span style=\"color: #ff0000;\"><strong><span id=\"result_box\" lang=\"pl\"><a style=\"color: #ff0000;\" href=\"https:\/\/silverproject.eu\/pl\/wp-content\/uploads\/2024\/12\/parts-pl.pdf\">elementy camber plates<\/a><\/span><\/strong><\/span><\/h4>\n<div><\/div>\n<h4><span style=\"color: #ff0000;\"><strong><span id=\"result_box\" lang=\"pl\"><a style=\"color: #ff0000;\" href=\"https:\/\/silverproject.eu\/pl\/wp-content\/uploads\/2024\/12\/Nm-camber-caster-PL.pdf\">instrukcja ustawienia<\/a><\/span><\/strong><\/span><\/h4>\n<div><\/div>\n<h4><span style=\"color: #ff0000;\"><strong><span id=\"result_box\" lang=\"pl\"><a style=\"color: #ff0000;\" href=\"https:\/\/silverproject.eu\/pl\/wp-content\/uploads\/2024\/12\/material-certyf.pdf\">certyfikat materia\u0142owy<\/a><\/span><\/strong><\/span><\/h4>\n<div><\/div>\n<p>mo\u017cliwo\u015b\u0107 ustawienia wyprzedzenia k\u0105ta sworznia.<br \/>\nTo sprz\u0119t dla zawodowc\u00f3w kt\u00f3rzy szukaj\u0105 ekstremalnych ustawie\u0144 zawieszenia<br \/>\npasuje pod gwintowany amortyzator<br \/>\nZaprojektowane i wykonane na zam\u00f3wienie licencjonowanych zawodnik\u00f3w z Polski, testowane w Poznaniu.<\/p>\n<p>\u0141o\u017cyska z wk\u0142adem teflonowym.<\/p>\n<p>Dost\u0119pne w kolorze:Czarny mat , Pomara\u0144czowy mat , Niebieski mat , Zielony mat.<\/p>\n<p>Przetestowane na torach Polski , UK , Stan\u00f3w Zjednoczonych oraz Niemiec<\/p>\n<p>Nasze Cambery wysy\u0142amy do wielu pa\u0144stw Europy oraz do Stan\u00f3w Zjednoczonych i Australii<br \/>\nWykonane ze stali nie z aluminium !!!<br \/>\nNowo\u015b\u0107 w Polsce &#8211; jeste\u015bmy jedynymi producentami tego elementu na terenie kraju !!!<\/p>\n","protected":false},"excerpt":{"rendered":"<p>Camber Plates do BMW E46 3D instrukcja monta\u017cu elementy camber plates instrukcja ustawienia certyfikat materia\u0142owy mo\u017cliwo\u015b\u0107 ustawienia wyprzedzenia k\u0105ta sworznia. To sprz\u0119t dla zawodowc\u00f3w kt\u00f3rzy szukaj\u0105 ekstremalnych ustawie\u0144 zawieszenia pasuje pod gwintowany amortyzator Zaprojektowane i wykonane na zam\u00f3wienie licencjonowanych zawodnik\u00f3w z Polski, testowane w Poznaniu. \u0141o\u017cyska z wk\u0142adem teflonowym. Dost\u0119pne w kolorze:Czarny mat , Pomara\u0144czowy [&hellip;]<\/p>\n","protected":false},"featured_media":11116,"template":"","meta":{"_seopress_robots_primary_cat":"none","_seopress_titles_title":"Camber Plates do BMW E46 3D Drift gwint","_seopress_titles_desc":"Camber Plates do BMW E46 3D true professionals Drift gwint, mo\u017cliwo\u015b\u0107 ustawienia wyprzedzenia k\u0105ta sworznia.","_seopress_robots_index":"","inline_featured_image":false},"product_brand":[],"product_cat":[18,60],"product_tag":[61,57,40,69,114],"class_list":{"0":"post-11111","1":"product","2":"type-product","3":"status-publish","4":"has-post-thumbnail","6":"product_cat-czesci-do-bmw","7":"product_cat-zawieszenie-do-bmw","8":"product_tag-bmw","9":"product_tag-camber-plates","10":"product_tag-drift","11":"product_tag-e46","12":"product_tag-gwint","14":"first","15":"instock","16":"taxable","17":"shipping-taxable","18":"purchasable","19":"product-type-variable"},"_links":{"self":[{"href":"https:\/\/silverproject.eu\/pl\/wp-json\/wp\/v2\/product\/11111","targetHints":{"allow":["GET"]}}],"collection":[{"href":"https:\/\/silverproject.eu\/pl\/wp-json\/wp\/v2\/product"}],"about":[{"href":"https:\/\/silverproject.eu\/pl\/wp-json\/wp\/v2\/types\/product"}],"wp:featuredmedia":[{"embeddable":true,"href":"https:\/\/silverproject.eu\/pl\/wp-json\/wp\/v2\/media\/11116"}],"wp:attachment":[{"href":"https:\/\/silverproject.eu\/pl\/wp-json\/wp\/v2\/media?parent=11111"}],"wp:term":[{"taxonomy":"product_brand","embeddable":true,"href":"https:\/\/silverproject.eu\/pl\/wp-json\/wp\/v2\/product_brand?post=11111"},{"taxonomy":"product_cat","embeddable":true,"href":"https:\/\/silverproject.eu\/pl\/wp-json\/wp\/v2\/product_cat?post=11111"},{"taxonomy":"product_tag","embeddable":true,"href":"https:\/\/silverproject.eu\/pl\/wp-json\/wp\/v2\/product_tag?post=11111"}],"curies":[{"name":"wp","href":"https:\/\/api.w.org\/{rel}","templated":true}]}}