{"id":11040,"date":"2022-04-20T10:24:34","date_gmt":"2022-04-20T08:24:34","guid":{"rendered":"https:\/\/silverproject.eu\/pl\/?post_type=product&#038;p=11040"},"modified":"2026-04-20T19:59:30","modified_gmt":"2026-04-20T17:59:30","slug":"camber-plates-3d-do-bmw-f20-f21-f22-f30-f31-f32-f80","status":"publish","type":"product","link":"https:\/\/silverproject.eu\/pl\/camber-plates-3d-do-bmw-f20-f21-f22-f30-f31-f32-f80\/","title":{"rendered":"Camber Plates 3D do BMW F20 F21 F22 F30 F31 F32 F80"},"content":{"rendered":"<p>Camber Plates 3D do BMW F20 F21 F22 F30 F31 F32 F80<\/p>\n<h4><span style=\"color: #ff0000;\"><strong><span id=\"result_box\" lang=\"pl\"><a style=\"color: #ff0000;\" href=\"https:\/\/silverproject.eu\/pl\/wp-content\/uploads\/2024\/12\/inst.-camber-pl.pdf\">instrukcja monta\u017cu<\/a><\/span><\/strong><\/span><\/h4>\n<div><\/div>\n<h4><span style=\"color: #ff0000;\"><strong><span id=\"result_box\" lang=\"pl\"><a style=\"color: #ff0000;\" href=\"https:\/\/silverproject.eu\/pl\/wp-content\/uploads\/2024\/12\/parts-pl.pdf\">elementy camber plates<\/a><\/span><\/strong><\/span><\/h4>\n<div><\/div>\n<h4><span style=\"color: #ff0000;\"><strong><span id=\"result_box\" lang=\"pl\"><a style=\"color: #ff0000;\" href=\"https:\/\/silverproject.eu\/pl\/wp-content\/uploads\/2024\/12\/Nm-camber-caster-PL.pdf\">instrukcja ustawienia<\/a><\/span><\/strong><\/span><\/h4>\n<div><\/div>\n<h4><span style=\"color: #ff0000;\"><strong><span id=\"result_box\" lang=\"pl\"><a style=\"color: #ff0000;\" href=\"https:\/\/silverproject.eu\/pl\/wp-content\/uploads\/2024\/12\/material-certyf.pdf\">certyfikat materia\u0142owy<\/a><\/span><\/strong><\/span><\/h4>\n<div><\/div>\n<p>&nbsp;<\/p>\n<p>camber plates do najnowszych modeli 1, 2, 3 i 4-series &#8211; pasuje pod seryjne zawieszenie<\/p>\n<p>&#8220;bez-M&#8221; modeli<\/p>\n<p>mo\u017cliwo\u015b\u0107 regulacji :\u00a0 &#8211; 3 stopni do +1,5 stopni na p\u0142ycie cambera<\/p>\n<p>&nbsp;<\/p>\n<p>3 i 5 \u015brub<\/p>\n<p><span title=\"Kliknij, aby wy\u015bwietli\u0107 alternatywne t\u0142umaczenia\">\u00a0<\/span><\/p>\n<p><span title=\"Kliknij, aby wy\u015bwietli\u0107 alternatywne t\u0142umaczenia\">Cena za par\u0119 (lewa i prawa strona )(2 sztuki)<\/span><br \/>\n<span title=\"Kliknij, aby wy\u015bwietli\u0107 alternatywne t\u0142umaczenia\">uwaga: tylko pod seryjny amortyzator\u00a0<\/span><\/p>\n<p>&nbsp;<\/p>\n<p>fit:<\/p>\n<p>BMW :<\/p>\n<p><strong> 1 (F20)<\/strong><br \/>\n116 d 85 kW<br \/>\n116 i 100 kW<br \/>\n118 i 125 kW<br \/>\n114 i 75 kW<br \/>\n114 d 70 kW<br \/>\n125 d 155 kW<br \/>\n120 d 120 kW<br \/>\n118 d 100 kW<br \/>\n116 d 85 kW<br \/>\n118 d 105 kW<br \/>\n120 d 135 kW<br \/>\n125 d 160 kW<br \/>\n120 d xDrive 135 kW<br \/>\n118 d xDrive 105 kW<br \/>\n120 d xDrive 147 kW<br \/>\n120 d 147 kW<br \/>\n125 i 160 kW<br \/>\n125 i 175 kW<\/p>\n<p><strong>1 (F21)<\/strong><br \/>\n114 i 75 kW<br \/>\n116 i 100 kW<br \/>\n118 i 125 kW<br \/>\n114 d 70 kW<br \/>\n116 d 85 kW<br \/>\n118 d xDrive 105 kW<br \/>\n116 d 85 kW<br \/>\n118 d 100 kW<br \/>\n118 d 105 kW<br \/>\n120 d 120 kW<br \/>\n120 d 135 kW<br \/>\n120 d xDrive 135 kW<br \/>\n125 d 155 kW<br \/>\n125 d 160 kW<br \/>\n120 d xDrive 147 kW<br \/>\n120 d 147 kW<br \/>\n125 i 160 kW<br \/>\n125 i 175 kW<\/p>\n<p><strong>2 coupe (F22, F87)<\/strong><br \/>\n218 i 100 kW<br \/>\n220 d 135 kW<br \/>\n218 d 105 kW<br \/>\n225 d 160 kW<br \/>\n220 d 147 kW<br \/>\n220 d 140 kW<br \/>\n220 d xDrive 140 kW<br \/>\n218 d 100 kW<br \/>\n220 d 120 kW<br \/>\n220 i 135 kW<br \/>\n228 i 180 kW<\/p>\n<p><strong>2 convertible\u00a0 (F23)<\/strong><br \/>\n218 i 100 kW<br \/>\n220 d 140 kW<br \/>\n220 d 120 kW<br \/>\n220 i 135 kW<br \/>\n228 i 180 kW<\/p>\n<p><strong>3 (F30, F80)<\/strong><br \/>\n316 i 100 kW<br \/>\n320 i 125 kW<br \/>\n320 d 135 kW<br \/>\n320 d 120 kW<br \/>\n316 d 85 kW<br \/>\n318 d 105 kW<br \/>\n318 d 100 kW<br \/>\n320 d xDrive 120 kW<br \/>\n320 d xDrive 135 kW<br \/>\n325 d 160 kW<br \/>\n318 d xDrive 105 kW<br \/>\n320 d xDrive 147 kW<br \/>\n320 d 147 kW<br \/>\n325 d 155 kW<br \/>\n328 i 180 kW<br \/>\n320 i 135 kW<br \/>\n320 i xDrive 135 kW<br \/>\n328 i xDrive 180 kW<br \/>\n335 i 225 kW<br \/>\n335 i xDrive 225 kW<br \/>\nActiveHybrid 250 kW<br \/>\nActiveHybrid 225 kW<br \/>\n335 i 240 kW<br \/>\n335 i xDrive 240 kW<br \/>\n335 i xDrive 250 kW<br \/>\n335 d xDrive 230 kW<br \/>\n330 d 190 kW<br \/>\n330 d xDrive 190 kW<br \/>\n<strong>3 Touring (F31)<\/strong><br \/>\n316 i 100 kW<br \/>\n316 d 85 kW<br \/>\n318 d 105 kW<br \/>\n320 d 135 kW<br \/>\n320 d 120 kW<br \/>\n325 d 160 kW<br \/>\n320 d xDrive 135 kW<br \/>\n318 d xDrive 105 kW<br \/>\n320 d xDrive 147 kW<br \/>\n320 d 147 kW<br \/>\n325 d 155 kW<br \/>\n320 d xDrive 120 kW<br \/>\n318 d 100 kW<br \/>\n320 i 135 kW<br \/>\n328 i 180 kW<br \/>\n328 i xDrive 180 kW<br \/>\n320 i xDrive 135 kW<br \/>\n320 i 120 kW<br \/>\n320 i xDrive 120 kW<br \/>\n335 i xDrive 225 kW<br \/>\n335 i 225 kW<br \/>\n335 i 240 kW<br \/>\n335 i xDrive 240 kW<br \/>\n335 i 250 kW<br \/>\n335 i xDrive 250 kW<br \/>\n330 d 190 kW<br \/>\n330 d xDrive 190 kW<br \/>\n335 d xDrive 230 kW<br \/>\n<strong>3 Gran Turismo (F34)<\/strong><br \/>\n318 d 105 kW<br \/>\n320 d 135 kW<br \/>\n320 d xDrive 135 kW<br \/>\n325 d 160 kW<br \/>\n320 d xDrive 147 kW<br \/>\n320 d 147 kW<br \/>\n318 d 100 kW<br \/>\n320 d xDrive 120 kW<br \/>\n320 i 135 kW<br \/>\n328 i 180 kW<br \/>\n320 i xDrive 135 kW<br \/>\n328 i xDrive 180 kW<br \/>\n320 i 120 kW<br \/>\n320 i xDrive 120 kW<br \/>\n335 i 225 kW<br \/>\n335 i xDrive 225 kW<br \/>\n335 i 240 kW<br \/>\n335 i xDrive 240 kW<br \/>\n335 i 250 kW<br \/>\n335 i xDrive 250 kW<br \/>\n330 d xDrive 190 kW<br \/>\n330 d 190 kW<br \/>\n335 d xDrive 230 kW<br \/>\n<strong>4 coupe (F32, F82)<\/strong><br \/>\n420 d xDrive 135 kW<br \/>\n420 d 135 kW<br \/>\n425 d 160 kW<br \/>\n420 d 120 kW<br \/>\n420 d xDrive 120 kW<br \/>\n425 d 155 kW<br \/>\n420 d 147 kW<br \/>\n420 d xDrive 147 kW<br \/>\n420 i 135 kW<br \/>\n420 i xDrive 135 kW<br \/>\n428 i 180 kW<br \/>\n428 i xDrive 180 kW<br \/>\n420 i 120 kW<br \/>\n420 i xDrive 120 kW<br \/>\n435 i 225 kW<br \/>\n435 i xDrive 225 kW<br \/>\n435 i 250 kW<br \/>\n435 i xDrive 250 kW<br \/>\n435 d xDrive 230 kW<br \/>\n430 d 190 kW<br \/>\n430 d xDrive 190 kW<br \/>\n430 d 210 kW<br \/>\n430 d xDrive 210 kW<br \/>\n<strong>4 kabriolet (F33, F83)<\/strong><br \/>\n420 d 135 kW<br \/>\n425 d 160 kW<br \/>\n420 d 147 kW<br \/>\n425 d 155 kW<br \/>\n420 d 120 kW<br \/>\n428 i 180 kW<br \/>\n428 i xDrive 180 kW<br \/>\n420 i 135 kW<br \/>\n420 i 120 kW<br \/>\n435 i 225 kW<br \/>\n435 i xDrive 225 kW<br \/>\n435 i xDrive 250 kW<br \/>\n435 i 250 kW<br \/>\n430 d 190 kW<br \/>\n435 d xDrive 230 kW<br \/>\n430 d 210 kW<br \/>\n<strong>4 Gran Coupe (F36)<\/strong><br \/>\n418 d 105 kW<br \/>\n420 d 135 kW<br \/>\n420 d xDrive 135 kW<br \/>\n420 d 120 kW<br \/>\n420 d xDrive 120 kW<br \/>\n418 d 100 kW<br \/>\n420 d 147 kW<br \/>\n420 d xDrive 147 kW<br \/>\n420 i 135 kW<br \/>\n428 i 180 kW<br \/>\n428 i xDrive 180 kW<br \/>\n420 i xDrive 135 kW<br \/>\n420 i 120 kW<br \/>\n420 i xDrive 120 kW<br \/>\n435 i 225 kW<br \/>\n435 i xDrive 225 kW<br \/>\n435 i 250 kW<br \/>\n435 i xDrive 250 kW<br \/>\n430 d 190 kW<br \/>\n430 d xDrive 190 kW<br \/>\n435 d xDrive 230 kW<br \/>\n430 d 210 kW<br \/>\n430 d xDrive 210 kW<\/p>\n<p>&nbsp;<\/p>\n<p><span title=\"Kliknij, aby wy\u015bwietli\u0107 alternatywne t\u0142umaczenia\">Our products are used in drift since 2007 and are very popular among drivers.<\/span><br \/>\n<span title=\"Kliknij, aby wy\u015bwietli\u0107 alternatywne t\u0142umaczenia\">Pins are longer than the original pads, which allows you to mount a decent struts. <\/span><br \/>\n<span title=\"Kliknij, aby wy\u015bwietli\u0107 alternatywne t\u0142umaczenia\">Installation on a plug &amp; play is very simple.<\/span><\/p>\n","protected":false},"excerpt":{"rendered":"<p>Camber Plates 3D do BMW F20 F21 F22 F30 F31 F32 F80 instrukcja monta\u017cu elementy camber plates instrukcja ustawienia certyfikat materia\u0142owy &nbsp; camber plates do najnowszych modeli 1, 2, 3 i 4-series &#8211; pasuje pod seryjne zawieszenie &#8220;bez-M&#8221; modeli mo\u017cliwo\u015b\u0107 regulacji :\u00a0 &#8211; 3 stopni do +1,5 stopni na p\u0142ycie cambera &nbsp; 3 i 5 [&hellip;]<\/p>\n","protected":false},"featured_media":11050,"template":"","meta":{"_seopress_robots_primary_cat":"none","_seopress_titles_title":"Camber Plates do BMW E36 3D E36 3D 2WAY Drift","_seopress_titles_desc":"Camber Plates do BMW E36 3D E36 3D 2WAY Drift gwint.","_seopress_robots_index":"","inline_featured_image":false},"product_brand":[],"product_cat":[60],"product_tag":[132,61,57,40,544,545,546,549,551,554,550,385],"class_list":{"0":"post-11040","1":"product","2":"type-product","3":"status-publish","4":"has-post-thumbnail","6":"product_cat-zawieszenie-do-bmw","7":"product_tag-3d","8":"product_tag-bmw","9":"product_tag-camber-plates","10":"product_tag-drift","11":"product_tag-f20","12":"product_tag-f21","13":"product_tag-f22","14":"product_tag-f30","15":"product_tag-f31","16":"product_tag-f32","17":"product_tag-f80","18":"product_tag-professional","20":"first","21":"instock","22":"taxable","23":"shipping-taxable","24":"purchasable","25":"product-type-variable"},"_links":{"self":[{"href":"https:\/\/silverproject.eu\/pl\/wp-json\/wp\/v2\/product\/11040","targetHints":{"allow":["GET"]}}],"collection":[{"href":"https:\/\/silverproject.eu\/pl\/wp-json\/wp\/v2\/product"}],"about":[{"href":"https:\/\/silverproject.eu\/pl\/wp-json\/wp\/v2\/types\/product"}],"wp:featuredmedia":[{"embeddable":true,"href":"https:\/\/silverproject.eu\/pl\/wp-json\/wp\/v2\/media\/11050"}],"wp:attachment":[{"href":"https:\/\/silverproject.eu\/pl\/wp-json\/wp\/v2\/media?parent=11040"}],"wp:term":[{"taxonomy":"product_brand","embeddable":true,"href":"https:\/\/silverproject.eu\/pl\/wp-json\/wp\/v2\/product_brand?post=11040"},{"taxonomy":"product_cat","embeddable":true,"href":"https:\/\/silverproject.eu\/pl\/wp-json\/wp\/v2\/product_cat?post=11040"},{"taxonomy":"product_tag","embeddable":true,"href":"https:\/\/silverproject.eu\/pl\/wp-json\/wp\/v2\/product_tag?post=11040"}],"curies":[{"name":"wp","href":"https:\/\/api.w.org\/{rel}","templated":true}]}}