{"id":11000,"date":"2022-03-27T21:01:39","date_gmt":"2022-03-27T19:01:39","guid":{"rendered":"https:\/\/silverproject.eu\/pl\/?post_type=product&#038;p=11000"},"modified":"2026-03-11T10:59:02","modified_gmt":"2026-03-11T09:59:02","slug":"tylne-podkladki-camber-shims-do-vw-golf-mk1-mk2-mk3","status":"publish","type":"product","link":"https:\/\/silverproject.eu\/pl\/tylne-podkladki-camber-shims-do-vw-golf-mk1-mk2-mk3\/","title":{"rendered":"Tylne podk\u0142adki Camber Shims do VW golf Mk1 Mk2 Mk3"},"content":{"rendered":"<p>Tylne podk\u0142adki Camber Shims do VW golf Mk1 Mk2 Mk3<\/p>\n<p>&nbsp;<\/p>\n<h4><span style=\"color: #ff0000;\"><strong><span id=\"result_box\" lang=\"pl\"><a style=\"color: #ff0000;\" href=\"https:\/\/silverproject.eu\/wp-content\/uploads\/2021\/03\/manual-shims.pdf\">manual shims<\/a><\/span><\/strong><\/span><\/h4>\n<div><\/div>\n<div><\/div>\n<div><span id=\"result_box\" lang=\"pl\">tylne podk\u0142adki do pochylenia ko\u0142a Camber Shims do VW golf Mk1 Mk2 Mk3 (1975 &#8211; 1998)<br \/>\n<span title=\"Kliknij, aby wy\u015bwietli\u0107 alternatywne t\u0142umaczenia\">(2 sztuki)<\/span><br \/>\npochylenie\u00a0 1\u00b0 \/\u00a0 1.5\u00b0 \/\u00a0 2\u00b0 \/ 2.5\u00b0 \/\u00a0 3\u00b0<br \/>\n<\/span><\/div>\n<p><span id=\"result_box\" lang=\"pl\"><span title=\"Kliknij, aby wy\u015bwietli\u0107 alternatywne t\u0142umaczenia\">mo\u017cliwe ustawienie caster<br \/>\n<\/span><\/span><\/p>\n<p><span title=\"Kliknij, aby wy\u015bwietli\u0107 alternatywne t\u0142umaczenia\">prosta instalacja wed\u0142ug instrukcji &#8220;manual shims&#8221;\u00a0<\/span><br \/>\n<span title=\"Kliknij, aby wy\u015bwietli\u0107 alternatywne t\u0142umaczenia\"><br \/>\npasuj\u0105 do :<br \/>\n<\/span><\/p>\n<p>Vw:<\/p>\n<p>golf Mk1<\/p>\n<p>golf Mk2<br \/>\ngolf Mk3<\/p>\n<p>Scirocco I i II<\/p>\n<p>Rabbit,<\/p>\n<p>Jetta,<\/p>\n<p>GTI,<\/p>\n<p>Corrado,<\/p>\n<p>Cabriolet,<\/p>\n<p>Jetta A1 i A2<\/p>\n<p>Vento<\/p>\n<p>Passat B3 i B4<\/p>\n<p>Seat Toledo I<\/p>\n","protected":false},"excerpt":{"rendered":"<p>Tylne podk\u0142adki Camber Shims do VW golf Mk1 Mk2 Mk3<\/p>\n","protected":false},"featured_media":10999,"template":"","meta":{"_seopress_robots_primary_cat":"none","_seopress_titles_title":"Tylne podk\u0142adki Camber Shims do VW golf Mk1 Mk2 Mk3","_seopress_titles_desc":"Tylne podk\u0142adki Camber Shims do VW golf Mk1 Mk2 Mk3","_seopress_robots_index":"","inline_featured_image":false},"product_brand":[],"product_cat":[38,144],"product_tag":[57,145,614,147,592,615,186,148,149,335,617,59,185,343,363,616,187],"class_list":{"0":"post-11000","1":"product","2":"type-product","3":"status-publish","4":"has-post-thumbnail","6":"product_cat-czesci-do-vw","7":"product_cat-zawieszenie-do-vw","8":"product_tag-camber-plates","9":"product_tag-caster","10":"product_tag-corrado","11":"product_tag-golf","12":"product_tag-gti","13":"product_tag-jetta","14":"product_tag-mk1","15":"product_tag-mk2","16":"product_tag-mk3","17":"product_tag-passat","18":"product_tag-rabbit","19":"product_tag-regulator-katow","20":"product_tag-seat","21":"product_tag-sirocco","22":"product_tag-toledo","23":"product_tag-vento","24":"product_tag-vw","26":"first","27":"instock","28":"taxable","29":"shipping-taxable","30":"purchasable","31":"product-type-variable"},"_links":{"self":[{"href":"https:\/\/silverproject.eu\/pl\/wp-json\/wp\/v2\/product\/11000","targetHints":{"allow":["GET"]}}],"collection":[{"href":"https:\/\/silverproject.eu\/pl\/wp-json\/wp\/v2\/product"}],"about":[{"href":"https:\/\/silverproject.eu\/pl\/wp-json\/wp\/v2\/types\/product"}],"wp:featuredmedia":[{"embeddable":true,"href":"https:\/\/silverproject.eu\/pl\/wp-json\/wp\/v2\/media\/10999"}],"wp:attachment":[{"href":"https:\/\/silverproject.eu\/pl\/wp-json\/wp\/v2\/media?parent=11000"}],"wp:term":[{"taxonomy":"product_brand","embeddable":true,"href":"https:\/\/silverproject.eu\/pl\/wp-json\/wp\/v2\/product_brand?post=11000"},{"taxonomy":"product_cat","embeddable":true,"href":"https:\/\/silverproject.eu\/pl\/wp-json\/wp\/v2\/product_cat?post=11000"},{"taxonomy":"product_tag","embeddable":true,"href":"https:\/\/silverproject.eu\/pl\/wp-json\/wp\/v2\/product_tag?post=11000"}],"curies":[{"name":"wp","href":"https:\/\/api.w.org\/{rel}","templated":true}]}}