{"id":110,"date":"2018-12-03T18:01:58","date_gmt":"2018-12-03T17:01:58","guid":{"rendered":"https:\/\/silverproject.eu\/pl\/produkt\/import-placeholder-for-2620\/"},"modified":"2026-03-25T10:11:04","modified_gmt":"2026-03-25T09:11:04","slug":"camber-plates-do-bmw-e30-e36-e46-tyl-poliuretan-95sha","status":"publish","type":"product","link":"https:\/\/silverproject.eu\/pl\/camber-plates-do-bmw-e30-e36-e46-tyl-poliuretan-95sha\/","title":{"rendered":"Camber Plates do BMW E30 E36 E46 ty\u0142 poliuretan 95ShA"},"content":{"rendered":"<p>Camber Plates na ty\u0142 do BMW E30 i E36<\/p>\n<h4><span style=\"color: #ff0000;\"><strong><span id=\"result_box\" lang=\"pl\"><a style=\"color: #ff0000;\" href=\"https:\/\/silverproject.eu\/pl\/wp-content\/uploads\/2024\/12\/inst.-camber-pl.pdf\">instrukcja monta\u017cu<\/a><\/span><\/strong><\/span><\/h4>\n<div><\/div>\n<h4><span style=\"color: #ff0000;\"><strong><span id=\"result_box\" lang=\"pl\"><a style=\"color: #ff0000;\" href=\"https:\/\/silverproject.eu\/pl\/wp-content\/uploads\/2024\/12\/parts-pl.pdf\">elementy camber plates<\/a><\/span><\/strong><\/span><\/h4>\n<div><\/div>\n<h4><span style=\"color: #ff0000;\"><strong><span id=\"result_box\" lang=\"pl\"><a style=\"color: #ff0000;\" href=\"https:\/\/silverproject.eu\/pl\/wp-content\/uploads\/2024\/12\/Nm-camber-caster-PL.pdf\">instrukcja ustawienia<\/a><\/span><\/strong><\/span><\/h4>\n<div><\/div>\n<h4><span style=\"color: #ff0000;\"><strong><span id=\"result_box\" lang=\"pl\"><a style=\"color: #ff0000;\" href=\"https:\/\/silverproject.eu\/pl\/wp-content\/uploads\/2024\/12\/material-certyf.pdf\">certyfikat materia\u0142owy<\/a><\/span><\/strong><\/span><\/h4>\n<div><\/div>\n<p>pasuje pod seryjny i gwintowany amortyzator<br \/>\nzamiennik seryjnych zrobionych z gumy element\u00f3w kt\u00f3re bardzo cz\u0119sto rozrywaj\u0105 si\u0119 pod obci\u0105\u017ceniem<br \/>\ns\u0105 niezb\u0119dne gdy chcemy je\u017adzi\u0107 w drifcie lub wy\u015bcigach i mie\u0107 wi\u0119ksz\u0105 przyczepno\u015b\u0107<\/p>\n<p>Przetestowane na torach Polski , UK , Stan\u00f3w Zjednoczonych oraz Niemiec<\/p>\n<p>Nasze Cambery wysy\u0142amy do wielu pa\u0144stw Europy oraz do Stan\u00f3w Zjednoczonych i Australii<br \/>\nWykonane ze stali<\/p>\n","protected":false},"excerpt":{"rendered":"<p>Camber Plates na ty\u0142 do BMW E30 i E36 instrukcja monta\u017cu elementy camber plates instrukcja ustawienia certyfikat materia\u0142owy pasuje pod seryjny i gwintowany amortyzator zamiennik seryjnych zrobionych z gumy element\u00f3w kt\u00f3re bardzo cz\u0119sto rozrywaj\u0105 si\u0119 pod obci\u0105\u017ceniem s\u0105 niezb\u0119dne gdy chcemy je\u017adzi\u0107 w drifcie lub wy\u015bcigach i mie\u0107 wi\u0119ksz\u0105 przyczepno\u015b\u0107 Przetestowane na torach Polski , [&hellip;]<\/p>\n","protected":false},"featured_media":12873,"template":"","meta":{"_seopress_robots_primary_cat":"none","_seopress_titles_title":"Camber Plates do BMW E30 E36 E46 ty\u0142","_seopress_titles_desc":"Camber Plates do BMW E30 E36 E46 ty\u0142 poliuretan 95ShA. Camber Plates na ty\u0142 do BMW E30 i E36 pasuje pod seryjny amortyzator.","_seopress_robots_index":"","inline_featured_image":false},"product_brand":[],"product_cat":[18,60],"product_tag":[61,66,64,67,69,175,176,117],"class_list":{"0":"post-110","1":"product","2":"type-product","3":"status-publish","4":"has-post-thumbnail","6":"product_cat-czesci-do-bmw","7":"product_cat-zawieszenie-do-bmw","8":"product_tag-bmw","9":"product_tag-camber","10":"product_tag-e30","11":"product_tag-e36","12":"product_tag-e46","13":"product_tag-poduszka-amortyzatora","14":"product_tag-poliuretan","15":"product_tag-tyl","17":"first","18":"instock","19":"taxable","20":"shipping-taxable","21":"purchasable","22":"product-type-simple"},"_links":{"self":[{"href":"https:\/\/silverproject.eu\/pl\/wp-json\/wp\/v2\/product\/110","targetHints":{"allow":["GET"]}}],"collection":[{"href":"https:\/\/silverproject.eu\/pl\/wp-json\/wp\/v2\/product"}],"about":[{"href":"https:\/\/silverproject.eu\/pl\/wp-json\/wp\/v2\/types\/product"}],"wp:featuredmedia":[{"embeddable":true,"href":"https:\/\/silverproject.eu\/pl\/wp-json\/wp\/v2\/media\/12873"}],"wp:attachment":[{"href":"https:\/\/silverproject.eu\/pl\/wp-json\/wp\/v2\/media?parent=110"}],"wp:term":[{"taxonomy":"product_brand","embeddable":true,"href":"https:\/\/silverproject.eu\/pl\/wp-json\/wp\/v2\/product_brand?post=110"},{"taxonomy":"product_cat","embeddable":true,"href":"https:\/\/silverproject.eu\/pl\/wp-json\/wp\/v2\/product_cat?post=110"},{"taxonomy":"product_tag","embeddable":true,"href":"https:\/\/silverproject.eu\/pl\/wp-json\/wp\/v2\/product_tag?post=110"}],"curies":[{"name":"wp","href":"https:\/\/api.w.org\/{rel}","templated":true}]}}