{"id":10944,"date":"2022-03-07T20:54:11","date_gmt":"2022-03-07T19:54:11","guid":{"rendered":"https:\/\/silverproject.eu\/pl\/?post_type=product&#038;p=10944"},"modified":"2026-02-19T12:41:20","modified_gmt":"2026-02-19T11:41:20","slug":"lacznik-walu-flex-disc-do-bmw-e21-e12-d76mm-otwory-8x10mm","status":"publish","type":"product","link":"https:\/\/silverproject.eu\/pl\/lacznik-walu-flex-disc-do-bmw-e21-e12-d76mm-otwory-8x10mm\/","title":{"rendered":"\u0141\u0105cznik wa\u0142u FLEX DISC do BMW E21 E12 D=76mm otwory 8x10mm"},"content":{"rendered":"<h4><span style=\"color: #ff0000;\"><strong><span id=\"result_box\" lang=\"pl\"><a style=\"color: #ff0000;\" href=\"https:\/\/silverproject.eu\/pl\/wp-content\/uploads\/2024\/12\/inst.-FLEX-DISC-pl.pdf\">instrukcja monta\u017cu<\/a><\/span><\/strong><\/span><\/h4>\n<div><\/div>\n<h4><span style=\"color: #ff0000;\"><strong><span id=\"result_box\" lang=\"pl\"><a style=\"color: #ff0000;\" href=\" \">certyfikat materia\u0142owy<\/a><\/span><\/strong><\/span><\/h4>\n<div><\/div>\n<p>\u0142\u0105cznik wa\u0142u FLEX DISC do BMW E21 E12 D=76mm otwory 8x10mm<\/p>\n<div>\n<div><\/div>\n<div><span lang=\"pl\">DRIVESHAFT FLEX DISC do BMW<br \/>\n<\/span><\/div>\n<div>\n<div><span style=\"color: #252a49; font-family: Arial;\">D=76mm \/ 8 x10mm otwory. Montowany z przodu<\/span><\/div>\n<div>otw\u00f3r wewn\u0119trzny 38mm<\/div>\n<div>\u0142\u0105cznik wa\u0142u Flex Disc<\/div>\n<\/div>\n<\/div>\n<div>\n<div><span lang=\"pl\">poliuretan 95ShA aluminium 2017A (PA6)<br \/>\n<\/span><span lang=\"pl\"><br \/>\n<\/span><\/div>\n<div>fit:<\/div>\n<div>BMW:<\/div>\n<div><strong>3 (E21)<\/strong> (1975.06 &#8211; 1984.03)<br \/>\n316 (90KM, 66kW) (M10 B16 (164VA))<br \/>\n318 (98KM, 72kW) (M10 B18 (184VA))<br \/>\n318 i (105KM, 77kW) (M10 B18 (184VA))<br \/>\n320 (109KM, 80kW) (M10 B20)<br \/>\n320 i (125KM, 92kW) (M10 B20)<br \/>\n320\/6 (122KM, 90kW) (M20 B20 (206VA))<br \/>\n323 i (143KM, 105kW) (M20 B23 (236EA))<br \/>\n<strong>5 (E12)<\/strong> (1972.03 &#8211; 1981.08)<br \/>\n518 (90KM, 66kW) (M10 B18 (184VB))<br \/>\n518 i (102KM, 75kW) (M10 B18 (184EB))<br \/>\n520 (109KM, 80kW) (M10 B20)<br \/>\n520 (115KM, 85kW) (M10 B20)<br \/>\n520 i (125KM, 92kW) (M10 B20)<br \/>\n520 i (131KM, 96kW) (M10 B20)<br \/>\n520\/6 (122KM, 90kW) (M20 B20 (206VA))<\/div>\n<\/div>\n","protected":false},"excerpt":{"rendered":"<p>instrukcja monta\u017cu certyfikat materia\u0142owy \u0142\u0105cznik wa\u0142u FLEX DISC do BMW E21 E12 D=76mm otwory 8x10mm DRIVESHAFT FLEX DISC do BMW D=76mm \/ 8 x10mm otwory. Montowany z przodu otw\u00f3r wewn\u0119trzny 38mm \u0142\u0105cznik wa\u0142u Flex Disc poliuretan 95ShA aluminium 2017A (PA6) fit: BMW: 3 (E21) (1975.06 &#8211; 1984.03) 316 (90KM, 66kW) (M10 B16 (164VA)) 318 (98KM, [&hellip;]<\/p>\n","protected":false},"featured_media":10942,"template":"","meta":{"_seopress_robots_primary_cat":"none","_seopress_titles_title":"\u0142\u0105cznik wa\u0142u do BMW E21 E12 D=76mm otwory 8x10mm","_seopress_titles_desc":"\u0142\u0105cznik wa\u0142u FLEX DISC do BMW E21 E12 D=76mm otwory 8x10mm","_seopress_robots_index":"","inline_featured_image":false},"product_brand":[],"product_cat":[18,156],"product_tag":[61,596,161,89,180,597,595],"class_list":{"0":"post-10944","1":"product","2":"type-product","3":"status-publish","4":"has-post-thumbnail","6":"product_cat-czesci-do-bmw","7":"product_cat-silnik-i-przeniesienie-napedu-do-bmw","8":"product_tag-bmw","9":"product_tag-e12","10":"product_tag-e21","11":"product_tag-lacznik","12":"product_tag-sport","13":"product_tag-tuning","14":"product_tag-walu","16":"first","17":"instock","18":"taxable","19":"shipping-taxable","20":"purchasable","21":"product-type-simple"},"_links":{"self":[{"href":"https:\/\/silverproject.eu\/pl\/wp-json\/wp\/v2\/product\/10944","targetHints":{"allow":["GET"]}}],"collection":[{"href":"https:\/\/silverproject.eu\/pl\/wp-json\/wp\/v2\/product"}],"about":[{"href":"https:\/\/silverproject.eu\/pl\/wp-json\/wp\/v2\/types\/product"}],"wp:featuredmedia":[{"embeddable":true,"href":"https:\/\/silverproject.eu\/pl\/wp-json\/wp\/v2\/media\/10942"}],"wp:attachment":[{"href":"https:\/\/silverproject.eu\/pl\/wp-json\/wp\/v2\/media?parent=10944"}],"wp:term":[{"taxonomy":"product_brand","embeddable":true,"href":"https:\/\/silverproject.eu\/pl\/wp-json\/wp\/v2\/product_brand?post=10944"},{"taxonomy":"product_cat","embeddable":true,"href":"https:\/\/silverproject.eu\/pl\/wp-json\/wp\/v2\/product_cat?post=10944"},{"taxonomy":"product_tag","embeddable":true,"href":"https:\/\/silverproject.eu\/pl\/wp-json\/wp\/v2\/product_tag?post=10944"}],"curies":[{"name":"wp","href":"https:\/\/api.w.org\/{rel}","templated":true}]}}