{"id":10906,"date":"2022-02-24T14:21:23","date_gmt":"2022-02-24T13:21:23","guid":{"rendered":"https:\/\/silverproject.eu\/pl\/?post_type=product&#038;p=10906"},"modified":"2023-07-12T20:37:43","modified_gmt":"2023-07-12T18:37:43","slug":"turbo-muffler-delete-k04-064-ea113-2-0-tfsi-outlet-for-vw-vag-audi","status":"publish","type":"product","link":"https:\/\/silverproject.eu\/pl\/turbo-muffler-delete-k04-064-ea113-2-0-tfsi-outlet-for-vw-vag-audi\/","title":{"rendered":"Turbo Muffler Delete K04 064 EA113 2.0 TFSI Outlet for VW VAG AUDI"},"content":{"rendered":"<p><b>Opis :<\/b><br \/>\nTurbo Muffler Delete K04 064 EA113 2.0 TFSI Outlet for VW VAG AUDI<\/p>\n<p><b>Pozosta\u0142e informacje :<\/b><\/p>\n<ul class=\"tyr_lista\">\n<li style=\"list-style-type: none;\">\n<ul class=\"tyr_lista\">\n<li><img decoding=\"async\" class=\"tyr_select\" src=\"https:\/\/silverproject.eu\/ebay\/img\/select.png\" \/>-Turbo &#8211; Outlet for K04 Charger<\/li>\n<li><img decoding=\"async\" class=\"tyr_select\" src=\"https:\/\/silverproject.eu\/ebay\/img\/select.png\" \/> z\u00a0 49 mm ( oem ) przy\u0142\u0105cze w\u0119\u017ca<\/li>\n<li><img decoding=\"async\" class=\"tyr_select\" src=\"https:\/\/silverproject.eu\/ebay\/img\/select.png\" \/> Zamiennik seryjnej cz\u0119\u015bci o numerze 06H 131 111<\/li>\n<li><img decoding=\"async\" class=\"tyr_select\" src=\"https:\/\/silverproject.eu\/ebay\/img\/select.png\" \/> for the 2.0 Turbo (TSI\/TFSi) EA113.<\/li>\n<li><img decoding=\"async\" class=\"tyr_select\" src=\"https:\/\/silverproject.eu\/ebay\/img\/select.png\" \/> z uszczelk\u0105 typu O-ring<\/li>\n<\/ul>\n<\/li>\n<\/ul>\n<p>&nbsp;<\/p>\n<ul class=\"tyr_lista\">\n<li><img decoding=\"async\" class=\"tyr_select\" src=\"https:\/\/silverproject.eu\/ebay\/img\/select.png\" \/> Pasuje do\u00a0 :<\/li>\n<li><img decoding=\"async\" class=\"tyr_select\" src=\"https:\/\/silverproject.eu\/ebay\/img\/select.png\" \/> AUDI A3\/S3 (8P) 2.0 TFSI<\/li>\n<li><img decoding=\"async\" class=\"tyr_select\" src=\"https:\/\/silverproject.eu\/ebay\/img\/select.png\" \/> AUDI TT TTs (8J) 2.0 TFSI<\/li>\n<li><img decoding=\"async\" class=\"tyr_select\" src=\"https:\/\/silverproject.eu\/ebay\/img\/select.png\" \/> Seat Leon (1P) Cupra R 2.0 TFSI<\/li>\n<li><img decoding=\"async\" class=\"tyr_select\" src=\"https:\/\/silverproject.eu\/ebay\/img\/select.png\" \/> VW GOLF 5 GTI Edition 30 2.0 TFSI<\/li>\n<li><img decoding=\"async\" class=\"tyr_select\" src=\"https:\/\/silverproject.eu\/ebay\/img\/select.png\" \/>VW GOLF 6 GTI + Edition 35 2.0 TFSI<\/li>\n<li><img decoding=\"async\" class=\"tyr_select\" src=\"https:\/\/silverproject.eu\/ebay\/img\/select.png\" \/> VW GOLF 6 R 2.0 TFSI<\/li>\n<li><img decoding=\"async\" class=\"tyr_select\" src=\"https:\/\/silverproject.eu\/ebay\/img\/select.png\" \/> VW SCIROCCO 2.0 TFSI<\/li>\n<\/ul>\n","protected":false},"excerpt":{"rendered":"<p><b>Opis :<\/b><br \/>\nTurbo Muffler Delete K04 064 EA113 2.0 TFSI Outlet for VW VAG AUDI<\/p>\n","protected":false},"featured_media":10911,"template":"","meta":{"_seopress_robots_primary_cat":"none","_seopress_titles_title":"Turbo Muffler Delete K04 064 EA113 2.0 TFSI Outlet for VW VAG AUDI","_seopress_titles_desc":"Opis :\r\nTurbo Muffler Delete K04 064 EA113 2.0 TFSI Outlet for VW VAG AUDI\r\n\r\n\r\n\r\n\r\ndo wyboru w twardo\u015bci:\r\n\r\npoliuretanie 63ShA\u00a0 lub \u00a075ShA","_seopress_robots_index":"","inline_featured_image":false},"product_brand":[],"product_cat":[16,70],"product_tag":[587,586,588,590,192,193,585,591,592,116,138,246,589,445,593,198,594,91],"class_list":{"0":"post-10906","1":"product","2":"type-product","3":"status-publish","4":"has-post-thumbnail","6":"product_cat-czesci-do-audi","7":"product_cat-uklad-dolotowy-do-audi","8":"product_tag-1-8t","9":"product_tag-1-8t-fwd","10":"product_tag-4motion","11":"product_tag-8p","12":"product_tag-a3","13":"product_tag-audi","14":"product_tag-audi-a4-b5","15":"product_tag-delete","16":"product_tag-gti","17":"product_tag-poduszka","18":"product_tag-poduszka-skrzyni","19":"product_tag-quattro","20":"product_tag-s4","21":"product_tag-skrzyni","22":"product_tag-tfsi","23":"product_tag-tt","24":"product_tag-tts","25":"product_tag-turbo","27":"first","28":"instock","29":"taxable","30":"shipping-taxable","31":"purchasable","32":"product-type-simple"},"_links":{"self":[{"href":"https:\/\/silverproject.eu\/pl\/wp-json\/wp\/v2\/product\/10906","targetHints":{"allow":["GET"]}}],"collection":[{"href":"https:\/\/silverproject.eu\/pl\/wp-json\/wp\/v2\/product"}],"about":[{"href":"https:\/\/silverproject.eu\/pl\/wp-json\/wp\/v2\/types\/product"}],"wp:featuredmedia":[{"embeddable":true,"href":"https:\/\/silverproject.eu\/pl\/wp-json\/wp\/v2\/media\/10911"}],"wp:attachment":[{"href":"https:\/\/silverproject.eu\/pl\/wp-json\/wp\/v2\/media?parent=10906"}],"wp:term":[{"taxonomy":"product_brand","embeddable":true,"href":"https:\/\/silverproject.eu\/pl\/wp-json\/wp\/v2\/product_brand?post=10906"},{"taxonomy":"product_cat","embeddable":true,"href":"https:\/\/silverproject.eu\/pl\/wp-json\/wp\/v2\/product_cat?post=10906"},{"taxonomy":"product_tag","embeddable":true,"href":"https:\/\/silverproject.eu\/pl\/wp-json\/wp\/v2\/product_tag?post=10906"}],"curies":[{"name":"wp","href":"https:\/\/api.w.org\/{rel}","templated":true}]}}