{"id":10896,"date":"2022-02-24T13:37:43","date_gmt":"2022-02-24T12:37:43","guid":{"rendered":"https:\/\/silverproject.eu\/pl\/?post_type=product&#038;p=10896"},"modified":"2025-09-19T22:53:16","modified_gmt":"2025-09-19T20:53:16","slug":"poduszki-skrzyni-do-audi-audi-b5-a4-s4","status":"publish","type":"product","link":"https:\/\/silverproject.eu\/pl\/poduszki-skrzyni-do-audi-audi-b5-a4-s4\/","title":{"rendered":"Poduszki skrzyni do AUDI Audi B5 A4\/S4"},"content":{"rendered":"<p>Poduszki skrzyni do AUDI Audi B5 A4\/S4<\/p>\n<p>&nbsp;<\/p>\n<p>do wyboru w twardo\u015bci:<\/p>\n<div><span id=\"result_box\" lang=\"pl\"><span title=\"Kliknij, aby wy\u015bwietli\u0107 alternatywne t\u0142umaczenia\"><span class=\"null\">poliuretanie<\/span> 63ShA\u00a0 lub <\/span>\u00a075ShA<\/span><\/div>\n<div>wykonane precyzyjnie na maszynie cnc i malowane na czarno dla wi\u0119kszej trwa\u0142o\u015bci produktu.<\/div>\n<div><\/div>\n<div><span id=\"result_box\" lang=\"pl\"><br \/>\n<span title=\"Kliknij, aby wy\u015bwietli\u0107 alternatywne t\u0142umaczenia\">-Audi S4 model potrzeba\u00a0 2 poduszki skrzyni<\/span><\/span><\/div>\n<div><span id=\"result_box\" lang=\"pl\"><span title=\"Kliknij, aby wy\u015bwietli\u0107 alternatywne t\u0142umaczenia\">-Audi A4 model potrzeba 1poduszk\u0119 skrzyni<\/span><\/span><\/div>\n<div><span id=\"result_box\" lang=\"pl\"><br \/>\n<span title=\"Kliknij, aby wy\u015bwietli\u0107 alternatywne t\u0142umaczenia\">-pomaga w stabilizacji silnika podczas przyspieszenia <\/span><\/span><\/div>\n<div><\/div>\n<div><\/div>\n<div><span title=\"Kliknij, aby wy\u015bwietli\u0107 alternatywne t\u0142umaczenia\"><b>pasuje do :<\/b><br \/>\nAudi A4 B5 (96-01) 1.8T FWD<br \/>\nAudi A4 B5 (96-01) 1.8T Quattro<br \/>\nAudi A4 B5 (96-01) V6 12v FWD<br \/>\nAudi A4 B5 (96-01) V6 12v Quattro<br \/>\nAudi A4 B5 (96-01) V6 30v FWD<br \/>\nAudi A4 B5 (96-01) V6 30v Quattro<br \/>\nAudi A6 C5 (98-04) V6 2.8L FWD<br \/>\nAudi A6 C5 (98-04) V6 2.8L Quattro<br \/>\nAudi A6 C5 (98-04) V6 3.0L FWD<br \/>\nAudi A6 C5 (98-04) V6 3.0L Quattro<br \/>\nAudi A6 C5 (98-04) V8 4.2L<br \/>\nAudi Allroad C5 (01-05) V6 2.7T<br \/>\nAudi Allroad C5 (01-05) V8 4.2L<br \/>\nAudi RS4 B5 (99-02) V6 2.7T<br \/>\nAudi S4 B5 (00-02) V6 2.7T<br \/>\nVW Passat B5 (98-05) 1.8T 4Motion<br \/>\nVW Passat B5 (98-05) 1.8T FWD<br \/>\nVW Passat B5 (98-05) Tdi<br \/>\nVW Passat B5 (98-05) V6 2.8L 4Motion<br \/>\nVW Passat B5 (98-05) V6 2.8L FWD<br \/>\nVW Passat B5 (98-05) W8<\/span><\/div>\n<p>&nbsp;<\/p>\n<ul id=\"dZastosowanie\" class=\"tabInner-2\">\n<li id=\"mar1\"><span id=\"span_mod1\" class=\"icon-minus-circle\">\u00a0AUDI<\/span>\n<ul>\n<li class=\"mod1 ukryj\"><span id=\"span_typ1\" class=\"icon-minus-circle\">\u00a0A4 (8D2, B5)<\/span>\n<ul>\n<li class=\"typ1\"><a>\u00a01.6 74 kW<\/a><\/li>\n<li class=\"typ1\"><a>\u00a01.6 75 kW<\/a><\/li>\n<li class=\"typ1\"><a>\u00a01.8 92 kW<\/a><\/li>\n<li class=\"typ1\"><a>\u00a01.8 T 110 kW<\/a><\/li>\n<li class=\"typ1\"><a>\u00a01.8 quattro 92 kW<\/a><\/li>\n<li class=\"typ1\"><a>\u00a01.8 T quattro 110 kW<\/a><\/li>\n<li class=\"typ1\"><a>\u00a01.8 T quattro 132 kW<\/a><\/li>\n<li class=\"typ1\"><a>\u00a01.8 T 132 kW<\/a><\/li>\n<li class=\"typ1\"><a>\u00a01.9 TDI 66 kW<\/a><\/li>\n<li class=\"typ1\"><a>\u00a01.9 TDI 81 kW<\/a><\/li>\n<li class=\"typ1\"><a>\u00a01.9 TDI quattro 81 kW<\/a><\/li>\n<li class=\"typ1\"><a>\u00a01.9 TDI 85 kW<\/a><\/li>\n<li class=\"typ1\"><a>\u00a01.9 TDI 55 kW<\/a><\/li>\n<\/ul>\n<\/li>\n<li class=\"mod1 ukryj\"><span id=\"span_typ2\" class=\"icon-minus-circle\">\u00a0A4 Avant (8D5, B5)<\/span>\n<ul>\n<li class=\"typ2\"><a>\u00a01.6 74 kW<\/a><\/li>\n<li class=\"typ2\"><a>\u00a01.6 75 kW<\/a><\/li>\n<li class=\"typ2\"><a>\u00a01.8 92 kW<\/a><\/li>\n<li class=\"typ2\"><a>\u00a01.8 T 110 kW<\/a><\/li>\n<li class=\"typ2\"><a>\u00a01.8 quattro 92 kW<\/a><\/li>\n<li class=\"typ2\"><a>\u00a01.8 T quattro 110 kW<\/a><\/li>\n<li class=\"typ2\"><a>\u00a01.8 T quattro 132 kW<\/a><\/li>\n<li class=\"typ2\"><a>\u00a01.8 T 132 kW<\/a><\/li>\n<li class=\"typ2\"><a>\u00a01.9 TDI 66 kW<\/a><\/li>\n<li class=\"typ2\"><a>\u00a01.9 TDI 81 kW<\/a><\/li>\n<li class=\"typ2\"><a>\u00a01.9 TDI quattro 81 kW<\/a><\/li>\n<li class=\"typ2\"><a>\u00a01.9 TDI 85 kW<\/a><\/li>\n<li class=\"typ2\"><a>\u00a01.9 TDI 55 kW<\/a><\/li>\n<\/ul>\n<\/li>\n<li class=\"mod1 ukryj\"><span id=\"span_typ3\" class=\"icon-minus-circle\">\u00a0A6 (4B2, C5)<\/span>\n<ul>\n<li class=\"typ3\"><a>\u00a01.8 T 110 kW<\/a><\/li>\n<li class=\"typ3\"><a>\u00a01.8 T quattro 110 kW<\/a><\/li>\n<li class=\"typ3\"><a>\u00a01.8 92 kW<\/a><\/li>\n<li class=\"typ3\"><a>\u00a01.8 T quattro 132 kW<\/a><\/li>\n<li class=\"typ3\"><a>\u00a01.8 T 132 kW<\/a><\/li>\n<li class=\"typ3\"><a>\u00a02.0 96 kW<\/a><\/li>\n<\/ul>\n<\/li>\n<li class=\"mod1 ukryj\"><span id=\"span_typ4\" class=\"icon-minus-circle\">\u00a0A6 Avant (4B5, C5)<\/span>\n<ul>\n<li class=\"typ4\"><a>\u00a01.8 92 kW<\/a><\/li>\n<li class=\"typ4\"><a>\u00a01.8 T 110 kW<\/a><\/li>\n<li class=\"typ4\"><a>\u00a01.8 T quattro 110 kW<\/a><\/li>\n<li class=\"typ4\"><a>\u00a01.8 T quattro 132 kW<\/a><\/li>\n<li class=\"typ4\"><a>\u00a01.8 T 132 kW<\/a><\/li>\n<li class=\"typ4\"><a>\u00a02.0 96 kW<\/a><\/li>\n<\/ul>\n<\/li>\n<\/ul>\n<\/li>\n<li id=\"mar2\"><span id=\"span_mod2\" class=\"icon-minus-circle\">\u00a0SKODA<\/span>\n<ul>\n<li class=\"mod2 ukryj\"><span id=\"span_typ5\" class=\"icon-minus-circle\">\u00a0SUPERB I (3U4)<\/span>\n<ul>\n<li class=\"typ5\"><a>\u00a01.8 T 110 kW<\/a><\/li>\n<li class=\"typ5\"><a>\u00a01.9 TDI 96 kW<\/a><\/li>\n<li class=\"typ5\"><a>\u00a01.9 TDI 74 kW<\/a><\/li>\n<li class=\"typ5\"><a>\u00a01.9 TDI 85 kW<\/a><\/li>\n<li class=\"typ5\"><a>\u00a01.9 TDI 77 kW<\/a><\/li>\n<li class=\"typ5\"><a>\u00a02.0 85 kW<\/a><\/li>\n<li class=\"typ5\"><a>\u00a02.5 TDI 120 kW<\/a><\/li>\n<\/ul>\n<\/li>\n<\/ul>\n<\/li>\n<li id=\"mar3\"><span id=\"span_mod3\" class=\"icon-minus-circle\">\u00a0VW<\/span>\n<ul>\n<li class=\"mod3 ukryj\"><span id=\"span_typ6\" class=\"icon-minus-circle\">\u00a0PASSAT (3B2)<\/span>\n<ul>\n<li class=\"typ6\"><a>\u00a01.6 74 kW<\/a><\/li>\n<li class=\"typ6\"><a>\u00a01.8 92 kW<\/a><\/li>\n<li class=\"typ6\"><a>\u00a01.8 T 110 kW<\/a><\/li>\n<li class=\"typ6\"><a>\u00a01.8 Syncro\/4motion 92 kW<\/a><\/li>\n<li class=\"typ6\"><a>\u00a01.9 TDI 66 kW<\/a><\/li>\n<li class=\"typ6\"><a>\u00a01.9 TDI 81 kW<\/a><\/li>\n<li class=\"typ6\"><a>\u00a01.9 TDI Syncro\/4motion 81 kW<\/a><\/li>\n<li class=\"typ6\"><a>\u00a01.9 TDI 85 kW<\/a><\/li>\n<li class=\"typ6\"><a>\u00a01.9 TDI 4motion 85 kW<\/a><\/li>\n<li class=\"typ6\"><a>\u00a02.3 VR5 110 kW<\/a><\/li>\n<li class=\"typ6\"><a>\u00a02.3 VR5 Syncro\/4motion 110 kW<\/a><\/li>\n<\/ul>\n<\/li>\n<li class=\"mod3 ukryj\"><span id=\"span_typ7\" class=\"icon-minus-circle\">\u00a0PASSAT Variant (3B5)<\/span>\n<ul>\n<li class=\"typ7\"><a>\u00a01.6 74 kW<\/a><\/li>\n<li class=\"typ7\"><a>\u00a01.8 92 kW<\/a><\/li>\n<li class=\"typ7\"><a>\u00a01.8 T 110 kW<\/a><\/li>\n<li class=\"typ7\"><a>\u00a01.8 Syncro\/4motion 92 kW<\/a><\/li>\n<li class=\"typ7\"><a>\u00a01.9 TDI 66 kW<\/a><\/li>\n<li class=\"typ7\"><a>\u00a01.9 TDI 81 kW<\/a><\/li>\n<li class=\"typ7\"><a>\u00a01.9 TDI Syncro\/4motion 81 kW<\/a><\/li>\n<li class=\"typ7\"><a>\u00a01.9 TDI 85 kW<\/a><\/li>\n<li class=\"typ7\"><a>\u00a01.9 TDI 4motion 85 kW<\/a><\/li>\n<li class=\"typ7\"><a>\u00a02.3 VR5 110 kW<\/a><\/li>\n<li class=\"typ7\"><a>\u00a02.3 VR5 Syncro\/4motion 110 kW<\/a><\/li>\n<\/ul>\n<\/li>\n<\/ul>\n<\/li>\n<\/ul>\n<p>&nbsp;<\/p>\n","protected":false},"excerpt":{"rendered":"<p><span lang=\"pl\">\u00a0<\/span><\/p>\n<p>Poduszki skrzyni do AUDI Audi B5 A4\/S4<\/p>\n<p>&nbsp;<\/p>\n<p>do wyboru w twardo\u015bci:<\/p>\n<div><span id=\"result_box\" lang=\"pl\"><span title=\"Kliknij, aby wy\u015bwietli\u0107 alternatywne t\u0142umaczenia\"><span class=\"null\">poliuretanie<\/span> 63ShA\u00a0 lub <\/span>\u00a075ShA<\/span><\/div>\n<p><span id=\"result_box\" lang=\"pl\">\u00a0<\/span><\/p>\n","protected":false},"featured_media":10900,"template":"","meta":{"_seopress_robots_primary_cat":"none","_seopress_titles_title":"Poduszki skrzyni do AUDI Audi B5 A4\/S4\u00a0","_seopress_titles_desc":"Poduszki skrzyni do AUDI Audi B5 A4\/S4\u00a0\r\n\r\n\r\n\r\n\r\ndo wyboru w twardo\u015bci:\r\n\r\npoliuretanie 63ShA\u00a0 lub \u00a075ShA","_seopress_robots_index":"","inline_featured_image":false},"product_brand":[],"product_cat":[16,273],"product_tag":[587,586,588,193,585,116,138,246,589,445],"class_list":{"0":"post-10896","1":"product","2":"type-product","3":"status-publish","4":"has-post-thumbnail","6":"product_cat-czesci-do-audi","7":"product_cat-silnik-i-przeniesienie-napedu-do-audi","8":"product_tag-1-8t","9":"product_tag-1-8t-fwd","10":"product_tag-4motion","11":"product_tag-audi","12":"product_tag-audi-a4-b5","13":"product_tag-poduszka","14":"product_tag-poduszka-skrzyni","15":"product_tag-quattro","16":"product_tag-s4","17":"product_tag-skrzyni","19":"first","20":"instock","21":"taxable","22":"shipping-taxable","23":"purchasable","24":"product-type-variable"},"_links":{"self":[{"href":"https:\/\/silverproject.eu\/pl\/wp-json\/wp\/v2\/product\/10896","targetHints":{"allow":["GET"]}}],"collection":[{"href":"https:\/\/silverproject.eu\/pl\/wp-json\/wp\/v2\/product"}],"about":[{"href":"https:\/\/silverproject.eu\/pl\/wp-json\/wp\/v2\/types\/product"}],"wp:featuredmedia":[{"embeddable":true,"href":"https:\/\/silverproject.eu\/pl\/wp-json\/wp\/v2\/media\/10900"}],"wp:attachment":[{"href":"https:\/\/silverproject.eu\/pl\/wp-json\/wp\/v2\/media?parent=10896"}],"wp:term":[{"taxonomy":"product_brand","embeddable":true,"href":"https:\/\/silverproject.eu\/pl\/wp-json\/wp\/v2\/product_brand?post=10896"},{"taxonomy":"product_cat","embeddable":true,"href":"https:\/\/silverproject.eu\/pl\/wp-json\/wp\/v2\/product_cat?post=10896"},{"taxonomy":"product_tag","embeddable":true,"href":"https:\/\/silverproject.eu\/pl\/wp-json\/wp\/v2\/product_tag?post=10896"}],"curies":[{"name":"wp","href":"https:\/\/api.w.org\/{rel}","templated":true}]}}