{"id":10895,"date":"2022-02-24T13:31:28","date_gmt":"2022-02-24T12:31:28","guid":{"rendered":"https:\/\/silverproject.eu\/pl\/?post_type=product&#038;p=10895"},"modified":"2026-02-14T13:14:11","modified_gmt":"2026-02-14T12:14:11","slug":"poduszki-silnika-do-audi-audi-s6-rs6-c5-v8","status":"publish","type":"product","link":"https:\/\/silverproject.eu\/pl\/poduszki-silnika-do-audi-audi-s6-rs6-c5-v8\/","title":{"rendered":"Poduszki silnika do AUDI AUDI S6 RS6 C5 V8"},"content":{"rendered":"<p><span id=\"result_box\" lang=\"pl\">Poduszki silnika do Audi:<br \/>\nAUDI S6 RS6 C5 V8<br \/>\n<span title=\"Kliknij, aby wy\u015bwietli\u0107 alternatywne t\u0142umaczenia\"> poliuretane 60ShA<\/span><\/span><\/p>\n<p>&nbsp;<\/p>\n<p>wysoko\u015b\u0107 poduszki 90mm<\/p>\n<p>Kiedy moc wzrasta moment obrotowy silnika powoduje nadmierne poruszanie si\u0119 -te poduszki ca\u0142kowicie eliminuj\u0119 ten efekt.<br \/>\nTo rozwi\u0105zanie pomaga zmniejszy\u0107 te obci\u0105\u017cenia , a tak\u017ce jest lepszym rozwi\u0105zaniem w przypadku wymiany starej fabrycznej poduszki , kt\u00f3re zu\u017cywaj\u0105 si\u0119 w czasie. Pomaga w stabilizacji momentu obrotowego silnika i uk\u0142adu nap\u0119dowego zapewnia lepsz\u0105 reakcj\u0119.<\/p>\n<p>Polecana podczas tuningu silnika. .<br \/>\nZestaw zawiera lew\u0105 i praw\u0105 poduszk\u0119 silnika<\/p>\n<p>pasuje do :<\/p>\n<p><span title=\"Kliknij, aby wy\u015bwietli\u0107 alternatywne t\u0142umaczenia\">C5 A6-S6 V8\u00a0<\/span><\/p>\n<p>&nbsp;<\/p>\n","protected":false},"excerpt":{"rendered":"<p><span id=\"result_box\" lang=\"pl\"><br \/>\nPoduszki silnika do AUDI AUDI S6 RS6 C5 V8<br \/>\n<span title=\"Kliknij, aby wy\u015bwietli\u0107 alternatywne t\u0142umaczenia\"> poliuretane 60ShA<\/span><\/span><\/p>\n<p>wysoko\u015b\u0107 poduszki 90mm<\/p>\n","protected":false},"featured_media":425,"template":"","meta":{"_seopress_robots_primary_cat":"none","_seopress_titles_title":"Poduszki silnika do AUDI AUDI S6 RS6 C5 V8","_seopress_titles_desc":"wysoko\u015b\u0107 poduszki 90mm\r\nPoduszki silnika do AUDI AUDI S6 RS6 C5 V8","_seopress_robots_index":"","inline_featured_image":false},"product_brand":[],"product_cat":[16,273],"product_tag":[193,274,275,276,277,116,50,51],"class_list":{"0":"post-10895","1":"product","2":"type-product","3":"status-publish","4":"has-post-thumbnail","6":"product_cat-czesci-do-audi","7":"product_cat-silnik-i-przeniesienie-napedu-do-audi","8":"product_tag-audi","9":"product_tag-audi-a6-s6-v8","10":"product_tag-audi-rs4-b7","11":"product_tag-audi-s4-b6","12":"product_tag-audi-s6-c5","13":"product_tag-poduszka","14":"product_tag-poduszka-silnika","15":"product_tag-poduszki-silnika","17":"first","18":"instock","19":"taxable","20":"shipping-taxable","21":"purchasable","22":"product-type-simple"},"_links":{"self":[{"href":"https:\/\/silverproject.eu\/pl\/wp-json\/wp\/v2\/product\/10895","targetHints":{"allow":["GET"]}}],"collection":[{"href":"https:\/\/silverproject.eu\/pl\/wp-json\/wp\/v2\/product"}],"about":[{"href":"https:\/\/silverproject.eu\/pl\/wp-json\/wp\/v2\/types\/product"}],"wp:featuredmedia":[{"embeddable":true,"href":"https:\/\/silverproject.eu\/pl\/wp-json\/wp\/v2\/media\/425"}],"wp:attachment":[{"href":"https:\/\/silverproject.eu\/pl\/wp-json\/wp\/v2\/media?parent=10895"}],"wp:term":[{"taxonomy":"product_brand","embeddable":true,"href":"https:\/\/silverproject.eu\/pl\/wp-json\/wp\/v2\/product_brand?post=10895"},{"taxonomy":"product_cat","embeddable":true,"href":"https:\/\/silverproject.eu\/pl\/wp-json\/wp\/v2\/product_cat?post=10895"},{"taxonomy":"product_tag","embeddable":true,"href":"https:\/\/silverproject.eu\/pl\/wp-json\/wp\/v2\/product_tag?post=10895"}],"curies":[{"name":"wp","href":"https:\/\/api.w.org\/{rel}","templated":true}]}}