{"id":10815,"date":"2021-11-19T23:05:05","date_gmt":"2021-11-19T22:05:05","guid":{"rendered":"https:\/\/silverproject.eu\/pl\/?post_type=product&#038;p=10815"},"modified":"2026-04-16T15:05:08","modified_gmt":"2026-04-16T13:05:08","slug":"tylne-wahacze-regulowane-do-bmw-e53-x5-zestaw","status":"publish","type":"product","link":"https:\/\/silverproject.eu\/pl\/tylne-wahacze-regulowane-do-bmw-e53-x5-zestaw\/","title":{"rendered":"Tylne wahacze regulowane do BMW E53 x5 &#8211; zestaw"},"content":{"rendered":"<h4><span style=\"color: #ff0000;\"><strong><span id=\"result_box\" lang=\"pl\"><a style=\"color: #ff0000;\" href=\"https:\/\/silverproject.eu\/pl\/wp-content\/uploads\/2024\/12\/inst.-wahacz-pl.pdf\">instrukcja monta\u017cu<\/a><\/span><\/strong><\/span><\/h4>\n<div><\/div>\n<h4><span style=\"color: #ff0000;\"><strong><span id=\"result_box\" lang=\"pl\"><a style=\"color: #ff0000;\" href=\" \">certyfikat materia\u0142owy<\/a><\/span><\/strong><\/span><\/h4>\n<div><\/div>\n<p>Tylne wahacze regulowane BMW E53 x5 &#8211; zestaw do regulacji tylnych k\u00f3\u0142<\/p>\n<p>Tylny wahacz regulowany do BMW E53 x5 &#8211; pochylenie ko\u0142a \/ camber<\/p>\n<p>regulacja do\u00a0 -5 stopnia<\/p>\n<p>Tylny wahacz regulowany do BMW E53 x5 &#8211; zbie\u017cno\u015b\u0107 ko\u0142a \/ toe<br \/>\npoliuretan 95ShA<br \/>\n1 komplet &#8211; lewa i prawa strona (camber)<\/p>\n<p>1 komplet &#8211; lewa i prawa strona (toe)<\/p>\n<p>&nbsp;<\/p>\n<p>Do wyboru kolor: czarny mat .<\/p>\n<p>Pasuje do E53 x5 &#8211; wszystkie wersje silnikowe i wszystkie wersje nadwozia.<\/p>\n<p>&nbsp;<\/p>\n<p>&nbsp;<\/p>\n","protected":false},"excerpt":{"rendered":"<p>instrukcja monta\u017cu certyfikat materia\u0142owy Tylne wahacze regulowane BMW E53 x5 &#8211; zestaw do regulacji tylnych k\u00f3\u0142 Tylny wahacz regulowany do BMW E53 x5 &#8211; pochylenie ko\u0142a \/ camber regulacja do\u00a0 -5 stopnia Tylny wahacz regulowany do BMW E53 x5 &#8211; zbie\u017cno\u015b\u0107 ko\u0142a \/ toe poliuretan 95ShA 1 komplet &#8211; lewa i prawa strona (camber) 1 [&hellip;]<\/p>\n","protected":false},"featured_media":805,"template":"","meta":{"_seopress_robots_primary_cat":"none","_seopress_titles_title":"Tylne wahacze regulowane do BMW E39 - zestaw","_seopress_titles_desc":"Tylne wahacze regulowane do BMW E39 - zestaw","_seopress_robots_index":"","inline_featured_image":false},"product_brand":[],"product_cat":[18,60],"product_tag":[61,66,173,430,583,366,58,68,560,406,117,118,244,582,119,459],"class_list":{"0":"post-10815","1":"product","2":"type-product","3":"status-publish","4":"has-post-thumbnail","6":"product_cat-czesci-do-bmw","7":"product_cat-zawieszenie-do-bmw","8":"product_tag-bmw","9":"product_tag-camber","10":"product_tag-drazek","11":"product_tag-e39","12":"product_tag-e53","13":"product_tag-kit","14":"product_tag-pochylenie","15":"product_tag-pochylenie-kola","16":"product_tag-regulowane-wahacze","17":"product_tag-toe","18":"product_tag-tyl","19":"product_tag-wahacz","20":"product_tag-wahacze","21":"product_tag-x5","22":"product_tag-zbieznosc","23":"product_tag-zestaw","25":"first","26":"instock","27":"sale","28":"taxable","29":"shipping-taxable","30":"purchasable","31":"product-type-simple"},"_links":{"self":[{"href":"https:\/\/silverproject.eu\/pl\/wp-json\/wp\/v2\/product\/10815","targetHints":{"allow":["GET"]}}],"collection":[{"href":"https:\/\/silverproject.eu\/pl\/wp-json\/wp\/v2\/product"}],"about":[{"href":"https:\/\/silverproject.eu\/pl\/wp-json\/wp\/v2\/types\/product"}],"wp:featuredmedia":[{"embeddable":true,"href":"https:\/\/silverproject.eu\/pl\/wp-json\/wp\/v2\/media\/805"}],"wp:attachment":[{"href":"https:\/\/silverproject.eu\/pl\/wp-json\/wp\/v2\/media?parent=10815"}],"wp:term":[{"taxonomy":"product_brand","embeddable":true,"href":"https:\/\/silverproject.eu\/pl\/wp-json\/wp\/v2\/product_brand?post=10815"},{"taxonomy":"product_cat","embeddable":true,"href":"https:\/\/silverproject.eu\/pl\/wp-json\/wp\/v2\/product_cat?post=10815"},{"taxonomy":"product_tag","embeddable":true,"href":"https:\/\/silverproject.eu\/pl\/wp-json\/wp\/v2\/product_tag?post=10815"}],"curies":[{"name":"wp","href":"https:\/\/api.w.org\/{rel}","templated":true}]}}