{"id":10688,"date":"2021-04-27T20:19:46","date_gmt":"2021-04-27T18:19:46","guid":{"rendered":"https:\/\/silverproject.eu\/pl\/?post_type=product&#038;p=10688"},"modified":"2024-01-06T18:14:08","modified_gmt":"2024-01-06T17:14:08","slug":"wieszak-na-klucze-dla-fanow-bmw-e30-3d","status":"publish","type":"product","link":"https:\/\/silverproject.eu\/pl\/wieszak-na-klucze-dla-fanow-bmw-e30-3d\/","title":{"rendered":"Wieszak na klucze dla fan\u00f3w Bmw E30 3D"},"content":{"rendered":"<p>Wieszak na klucze dla fan\u00f3w Bmw E30 3D<\/p>\n","protected":false},"excerpt":{"rendered":"<p>Wieszak na klucze dla fan\u00f3w Bmw E30 3D<\/p>\n","protected":false},"featured_media":10663,"template":"","meta":{"_seopress_robots_primary_cat":"none","_seopress_titles_title":"Wieszak na klucze dla fan\u00f3w Bmw E30 3D","_seopress_titles_desc":"Wieszak na klucze dla fan\u00f3w Bmw E30 3D Wieszak na klucze dla fan\u00f3w Bmw E30 3D","_seopress_robots_index":"","inline_featured_image":false},"product_brand":[],"product_cat":[18,156,71,19,60],"product_tag":[61,57,40,64,114,116],"class_list":{"0":"post-10688","1":"product","2":"type-product","3":"status-publish","4":"has-post-thumbnail","6":"product_cat-czesci-do-bmw","7":"product_cat-silnik-i-przeniesienie-napedu-do-bmw","8":"product_cat-uklad-dolotowy-do-bmw","9":"product_cat-uklad-hamulcowy-do-bmw","10":"product_cat-zawieszenie-do-bmw","11":"product_tag-bmw","12":"product_tag-camber-plates","13":"product_tag-drift","14":"product_tag-e30","15":"product_tag-gwint","16":"product_tag-poduszka","18":"first","19":"instock","20":"taxable","21":"shipping-taxable","22":"purchasable","23":"product-type-simple"},"_links":{"self":[{"href":"https:\/\/silverproject.eu\/pl\/wp-json\/wp\/v2\/product\/10688","targetHints":{"allow":["GET"]}}],"collection":[{"href":"https:\/\/silverproject.eu\/pl\/wp-json\/wp\/v2\/product"}],"about":[{"href":"https:\/\/silverproject.eu\/pl\/wp-json\/wp\/v2\/types\/product"}],"wp:featuredmedia":[{"embeddable":true,"href":"https:\/\/silverproject.eu\/pl\/wp-json\/wp\/v2\/media\/10663"}],"wp:attachment":[{"href":"https:\/\/silverproject.eu\/pl\/wp-json\/wp\/v2\/media?parent=10688"}],"wp:term":[{"taxonomy":"product_brand","embeddable":true,"href":"https:\/\/silverproject.eu\/pl\/wp-json\/wp\/v2\/product_brand?post=10688"},{"taxonomy":"product_cat","embeddable":true,"href":"https:\/\/silverproject.eu\/pl\/wp-json\/wp\/v2\/product_cat?post=10688"},{"taxonomy":"product_tag","embeddable":true,"href":"https:\/\/silverproject.eu\/pl\/wp-json\/wp\/v2\/product_tag?post=10688"}],"curies":[{"name":"wp","href":"https:\/\/api.w.org\/{rel}","templated":true}]}}