{"id":10623,"date":"2021-04-08T16:10:22","date_gmt":"2021-04-08T14:10:22","guid":{"rendered":"https:\/\/silverproject.eu\/pl\/?post_type=product&#038;p=10623"},"modified":"2026-03-01T02:49:43","modified_gmt":"2026-03-01T01:49:43","slug":"tylny-wahacz-regulowany-do-audi-a4-b6-b7","status":"publish","type":"product","link":"https:\/\/silverproject.eu\/pl\/tylny-wahacz-regulowany-do-audi-a4-b6-b7\/","title":{"rendered":"Tylny wahacz regulowany do Audi A4 B6, B7"},"content":{"rendered":"<h4><span style=\"color: #ff0000;\"><strong><span id=\"result_box\" lang=\"pl\"><a style=\"color: #ff0000;\" href=\"https:\/\/silverproject.eu\/pl\/wp-content\/uploads\/2024\/12\/inst.-wahacz-pl.pdf\">instrukcja monta\u017cu<\/a><\/span><\/strong><\/span><\/h4>\n<div><\/div>\n<h4><span style=\"color: #ff0000;\"><strong><span id=\"result_box\" lang=\"pl\"><a style=\"color: #ff0000;\" href=\"       \">certyfikat materia\u0142owy<\/a><\/span><\/strong><\/span><\/h4>\n<div><\/div>\n<\/div>\n<p>Tylny wahacz regulowany do <span lang=\"pl\">Audi A4 B6 , B7<\/span><\/p>\n<div><span lang=\"pl\"> tuleje z poliuretanu w twardo\u015bci 75ShA<\/span><\/div>\n<div><\/div>\n<div><span title=\"Kliknij, aby wy\u015bwietli\u0107 alternatywne t\u0142umaczenia\">Mo\u017cliwe pochylenie ko\u0142a: -3.00 do +2.00 stopnia<\/span><\/div>\n<div><span title=\"Kliknij, aby wy\u015bwietli\u0107 alternatywne t\u0142umaczenia\">1 Para (Lewa &amp; Prawa)<\/span><\/div>\n<div>Kolor <span title=\"Kliknij, aby wy\u015bwietli\u0107 alternatywne t\u0142umaczenia\">: Niebieski mat lub Czarny mat.<\/span><\/div>\n<div><span title=\"Kliknij, aby wy\u015bwietli\u0107 alternatywne t\u0142umaczenia\">Polecany dla tych kt\u00f3rzy chc\u0105 mie\u0107 lepsz\u0105 przyczepno\u015b\u0107 !!!<\/span><\/div>\n<div><span title=\"Kliknij, aby wy\u015bwietli\u0107 alternatywne t\u0142umaczenia\">Pasuje do :<\/span><\/div>\n<div>\n<div>AUDI:<\/div>\n<\/div>\n<div>\n<div>\n<p><b>AUDI A4<\/b><\/p>\n<\/div>\n<div>\n<p><strong>A4 (8E2, B6)<\/strong><br \/>\n1.6 75 kW<br \/>\n1.8 T 110 kW<br \/>\n1.8 T quattro 110 kW<br \/>\n1.8 T 120 kW<br \/>\n1.8 T quattro 120 kW<br \/>\n1.8 T 140 kW<br \/>\n1.8 T quattro 140 kW<br \/>\n1.8 T 125 kW<br \/>\n1.8 T quattro 125 kW<br \/>\n1.9 TDI 96 kW<br \/>\n1.9 TDI 74 kW<br \/>\n1.9 TDI quattro 96 kW<br \/>\n1.9 TDI 85 kW<br \/>\n2.0 96 kW<br \/>\n2.0 FSI 110 kW<br \/>\n2.4 125 kW<br \/>\n2.4 120 kW<br \/>\n2.5 TDI quattro 132 kW<br \/>\n2.5 TDI 114 kW<br \/>\n2.5 TDI 120 kW<br \/>\n3.0 162 kW<br \/>\n3.0 quattro 162 kW<br \/>\n3.0 160 kW<br \/>\n3.0 quattro 160 kW<br \/>\nS4 quattro 253 kW<br \/>\n<strong>A4 Avant (8E5, B6)<\/strong><br \/>\n1.6 75 kW<br \/>\n1.8 T 110 kW<br \/>\n1.8 T quattro 110 kW<br \/>\n1.8 T 120 kW<br \/>\n1.8 T quattro 120 kW<br \/>\n1.8 T 140 kW<br \/>\n1.8 T quattro 140 kW<br \/>\n1.8 T quattro 125 kW<br \/>\n1.9 TDI 96 kW<br \/>\n1.9 TDI 74 kW<br \/>\n1.9 TDI quattro 96 kW<br \/>\n1.9 TDI 85 kW<br \/>\n2.0 96 kW<br \/>\n2.0 FSI 110 kW<br \/>\n2.4 125 kW<br \/>\n2.4 120 kW<br \/>\n2.5 TDI quattro 132 kW<br \/>\n2.5 TDI 114 kW<br \/>\n2.5 TDI 120 kW<br \/>\n3.0 162 kW<br \/>\n3.0 quattro 162 kW<br \/>\n3.0 160 kW<br \/>\n3.0 quattro 160 kW<br \/>\nS4 quattro 253 kW<br \/>\n<strong>A4 kabriolet (8H7, B6, 8HE, B7)<\/strong><br \/>\n1.8 T 120 kW<br \/>\n1.8 T quattro 120 kW<br \/>\n1.8 T 125 kW<br \/>\n2.0 TDI 103 kW<br \/>\n2.0 TDI 100 kW<br \/>\n2.0 96 kW<br \/>\n2.0 TFSI 16V 147 kW<br \/>\n2.4 125 kW<br \/>\n2.4 120 kW<br \/>\n2.5 TDI 120 kW<br \/>\n2.7 TDI 132 kW<br \/>\n3.0 TDI quattro 171 kW<br \/>\n3.0 TDI quattro 150 kW<br \/>\n3.0 162 kW<br \/>\n3.0 quattro 162 kW<br \/>\n3.0 160 kW<br \/>\n3.2 FSI 188 kW<br \/>\n3.2 FSI quattro 188 kW<br \/>\nS4 quattro 253 kW<br \/>\nRS4 quattro 309 kW<br \/>\n<strong>A4 (8EC, B7)<\/strong><br \/>\n1.6 75 kW<br \/>\n1.8 T 120 kW<br \/>\n1.8 T quattro 120 kW<br \/>\n1.9 TDI 85 kW<br \/>\n2.0 TDI 100 kW<br \/>\n2.0 TDI 16V 103 kW<br \/>\n2.0 TDI quattro 103 kW<br \/>\n2.0 TDI 125 kW<br \/>\n2.0 TDI quattro 125 kW<br \/>\n2.0 TDI 103 kW<br \/>\n2.0 TDI 89 kW<br \/>\n2.0 TDI 120 kW<br \/>\n2.0 TDI quattro 120 kW<br \/>\n2.0 TDI 93 kW<br \/>\n2.0 TFSI 147 kW<br \/>\n2.0 TFSI quattro 147 kW<br \/>\n2.0 96 kW<br \/>\n2.0 TFSI 162 kW<br \/>\n2.0 TFSI quattro 162 kW<br \/>\n2.0 TFSI 125 kW<br \/>\n2.5 TDI 120 kW<br \/>\n2.7 TDI 132 kW<br \/>\n2.7 TDI 120 kW<br \/>\n3.0 TDI quattro 150 kW<br \/>\n3.0 TDI quattro 171 kW<br \/>\n3.0 quattro 160 kW<br \/>\n3.2 FSI 188 kW<br \/>\n3.2 FSI quattro 188 kW<br \/>\nRS4 quattro 309 kW<br \/>\nS4 quattro 253 kW<br \/>\n<strong>A4 Avant (8ED, B7)<\/strong><br \/>\n1.6 75 kW<br \/>\n1.8 T 120 kW<br \/>\n1.8 T quattro 120 kW<br \/>\n1.9 TDI 85 kW<br \/>\n2.0 TDI 16V 103 kW<br \/>\n2.0 TDI quattro 103 kW<br \/>\n2.0 TDI 125 kW<br \/>\n2.0 TDI quattro 125 kW<br \/>\n2.0 TDI 100 kW<br \/>\n2.0 TDI 103 kW<br \/>\n2.0 TDI 89 kW<br \/>\n2.0 TDI 120 kW<br \/>\n2.0 TDI quattro 120 kW<br \/>\n2.0 TDI 93 kW<br \/>\n2.0 96 kW<br \/>\n2.0 TFSI 147 kW<br \/>\n2.0 TFSI quattro 147 kW<br \/>\n2.0 TFSI 162 kW<br \/>\n2.0 TFSI quattro 162 kW<br \/>\n2.0 TFSI 125 kW<br \/>\n2.5 TDI 120 kW<br \/>\n2.7 TDI 132 kW<br \/>\n2.7 TDi 120 kW<br \/>\n3.0 TDI quattro 150 kW<br \/>\n3.0 TDI quattro 171 kW<br \/>\n3.0 quattro 160 kW<br \/>\n3.0 160 kW<br \/>\n3.2 FSI 188 kW<br \/>\n3.2 FSI quattro 188 kW<br \/>\nRS4 quattro 309 kW<br \/>\nS4 quattro 253 kW<br \/>\n<strong>SEAT<\/strong><br \/>\n<strong>EXEO (3R2<\/strong>)<br \/>\n1.6 75 kW<br \/>\n1.8 T 110 kW<br \/>\n1.8 TSI 88 kW<br \/>\n1.8 TSI 118 kW<br \/>\n2.0 TDI 105 kW<br \/>\n2.0 TDI 125 kW<br \/>\n2.0 TDI 88 kW<br \/>\n2.0 TFSI 147 kW<br \/>\n2.0 TFSI 155 kW<br \/>\n<strong>EXEO ST (3R5)<\/strong><br \/>\n1.6 75 kW<br \/>\n1.8 T 110 kW<br \/>\n1.8 TSI 88 kW<br \/>\n1.8 TSI 118 kW<br \/>\n2.0 TDI 105 kW<br \/>\n2.0 TDI 125 kW<br \/>\n2.0 TDI 88 kW<br \/>\n2.0 TFSI 147 kW<br \/>\n2.0 TFSI 155 kW<\/p>\n<p>&nbsp;<\/p>\n<\/div>\n<\/div>\n<div>\n<div><\/div>\n<\/div>\n<div>\n<div><span title=\"Kliknij, aby wy\u015bwietli\u0107 alternatywne t\u0142umaczenia\">Polecane na zloty,na tor\/ track days ,wy\u015bcigi.<br \/>\n<\/span><\/div>\n<p><span id=\"result_box\" lang=\"pl\"><span title=\"Kliknij, aby wy\u015bwietli\u0107 alternatywne t\u0142umaczenia\">Nie zawiera instrukcji monta\u017cu . Polecamy monta\u017c przez profesjonalist\u0119.<\/span><\/span><\/p>\n<\/div>\n<div><\/div>\n","protected":false},"excerpt":{"rendered":"<p>instrukcja monta\u017cu certyfikat materia\u0142owy Tylny wahacz regulowany do Audi A4 B6 , B7 tuleje z poliuretanu w twardo\u015bci 75ShA Mo\u017cliwe pochylenie ko\u0142a: -3.00 do +2.00 stopnia 1 Para (Lewa &amp; Prawa) Kolor : Niebieski mat lub Czarny mat. Polecany dla tych kt\u00f3rzy chc\u0105 mie\u0107 lepsz\u0105 przyczepno\u015b\u0107 !!! Pasuje do : AUDI: AUDI A4 A4 (8E2, [&hellip;]<\/p>\n","protected":false},"featured_media":10618,"template":"","meta":{"_seopress_robots_primary_cat":"none","_seopress_titles_title":"","_seopress_titles_desc":"Tylny wahacz regulowany do Audi A4 B6, B7 tuleje z poliuretanu w twardo\u015bci 75ShA Mo\u017cliwe pochylenie ko\u0142a: -3.00 do +2.00 stopnia 1 Para (Lewa & Prawa)","_seopress_robots_index":"","inline_featured_image":false},"product_brand":[],"product_cat":[16,30,182,143],"product_tag":[564,563,567,566,570,565,571,572,464,193,330,569,568,338,562,561,560],"class_list":{"0":"post-10623","1":"product","2":"type-product","3":"status-publish","4":"has-post-thumbnail","6":"product_cat-czesci-do-audi","7":"product_cat-czesci-do-seat","8":"product_cat-zawieszenie-do-audi","9":"product_cat-zawieszenie-do-seat","10":"product_tag-3r2","11":"product_tag-3r5","12":"product_tag-567","13":"product_tag-566","14":"product_tag-8ec","15":"product_tag-8ed","16":"product_tag-8h7","17":"product_tag-8he","18":"product_tag-a4","19":"product_tag-audi","20":"product_tag-avant","21":"product_tag-b6","22":"product_tag-b7","23":"product_tag-control-arm","24":"product_tag-exeo","25":"product_tag-exeo-st","26":"product_tag-regulowane-wahacze","28":"first","29":"instock","30":"taxable","31":"shipping-taxable","32":"purchasable","33":"product-type-variable"},"_links":{"self":[{"href":"https:\/\/silverproject.eu\/pl\/wp-json\/wp\/v2\/product\/10623","targetHints":{"allow":["GET"]}}],"collection":[{"href":"https:\/\/silverproject.eu\/pl\/wp-json\/wp\/v2\/product"}],"about":[{"href":"https:\/\/silverproject.eu\/pl\/wp-json\/wp\/v2\/types\/product"}],"wp:featuredmedia":[{"embeddable":true,"href":"https:\/\/silverproject.eu\/pl\/wp-json\/wp\/v2\/media\/10618"}],"wp:attachment":[{"href":"https:\/\/silverproject.eu\/pl\/wp-json\/wp\/v2\/media?parent=10623"}],"wp:term":[{"taxonomy":"product_brand","embeddable":true,"href":"https:\/\/silverproject.eu\/pl\/wp-json\/wp\/v2\/product_brand?post=10623"},{"taxonomy":"product_cat","embeddable":true,"href":"https:\/\/silverproject.eu\/pl\/wp-json\/wp\/v2\/product_cat?post=10623"},{"taxonomy":"product_tag","embeddable":true,"href":"https:\/\/silverproject.eu\/pl\/wp-json\/wp\/v2\/product_tag?post=10623"}],"curies":[{"name":"wp","href":"https:\/\/api.w.org\/{rel}","templated":true}]}}