{"id":10522,"date":"2021-01-30T00:21:42","date_gmt":"2021-01-29T23:21:42","guid":{"rendered":"https:\/\/silverproject.eu\/pl\/?post_type=product&#038;p=10522"},"modified":"2024-12-12T22:51:43","modified_gmt":"2024-12-12T21:51:43","slug":"wahacze-regulowane-przod-do-nissan-370z","status":"publish","type":"product","link":"https:\/\/silverproject.eu\/pl\/wahacze-regulowane-przod-do-nissan-370z\/","title":{"rendered":"Wahacze regulowane prz\u00f3d do NISSAN 370Z"},"content":{"rendered":"<h4><span style=\"color: #ff0000;\"><strong><span id=\"result_box\" lang=\"pl\"><a style=\"color: #ff0000;\" href=\"https:\/\/silverproject.eu\/pl\/wp-content\/uploads\/2024\/12\/inst.-wahacz-pl.pdf\">instrukcja monta\u017cu<\/a><\/span><\/strong><\/span><\/h4>\n<div><\/div>\n<h4><span style=\"color: #ff0000;\"><strong><span id=\"result_box\" lang=\"pl\"><a style=\"color: #ff0000;\" href=\"       \">certyfikat materia\u0142owy<\/a><\/span><\/strong><\/span><\/h4>\n<div><\/div>\n<\/div>\n<p>Wahacze regulowane prz\u00f3d do :<\/p>\n<p>NISSAN 370Z\u00a0 oraz INFINITY G37<\/p>\n<div><span title=\"Kliknij, aby wy\u015bwietli\u0107 alternatywne t\u0142umaczenia\">1 Para (Lewa &amp; Prawa) przednie g\u00f3rne wahacze<\/span><br \/>\n<span title=\"Kliknij, aby wy\u015bwietli\u0107 alternatywne t\u0142umaczenia\">kolor : Czarny mat .<\/span><\/div>\n<div>\n<div>camber -3 \u00b0<\/div>\n<div>caster 10 \u00b0<\/div>\n<\/div>\n<div><span title=\"Kliknij, aby wy\u015bwietli\u0107 alternatywne t\u0142umaczenia\">Polecana dla lepszej przyczepno\u015bci auta<\/span><span title=\"Kliknij, aby wy\u015bwietli\u0107 alternatywne t\u0142umaczenia\"> !!!<\/span><\/div>\n<div><span title=\"Kliknij, aby wy\u015bwietli\u0107 alternatywne t\u0142umaczenia\">Pasuj\u0105 do :<\/span><\/div>\n<div>\n<div>NISSAN 370Z Z34 (2009-2014)<\/div>\n<div>i<\/div>\n<div>INFINITY G37 VQ37 (2008-2014)<\/div>\n<\/div>\n","protected":false},"excerpt":{"rendered":"<p>instrukcja monta\u017cu certyfikat materia\u0142owy Wahacze regulowane prz\u00f3d do : NISSAN 370Z\u00a0 oraz INFINITY G37 1 Para (Lewa &amp; Prawa) przednie g\u00f3rne wahacze kolor : Czarny mat . camber -3 \u00b0 caster 10 \u00b0 Polecana dla lepszej przyczepno\u015bci auta !!! Pasuj\u0105 do : NISSAN 370Z Z34 (2009-2014) i INFINITY G37 VQ37 (2008-2014)<\/p>\n","protected":false},"featured_media":10510,"template":"","meta":{"_seopress_robots_primary_cat":"none","_seopress_titles_title":"Wahacze regulowane prz\u00f3d do NISSAN 370Z","_seopress_titles_desc":"Wahacze regulowane prz\u00f3d do NISSAN 370Z Z33 (2009-2014) i INFINITY G37 VQ37 (2008-2014). przednie g\u00f3rne wahacze","_seopress_robots_index":"","inline_featured_image":false},"product_brand":[],"product_cat":[24,46],"product_tag":[453,66,173,454,114,449,49,58,560,451,450,118,452],"class_list":{"0":"post-10522","1":"product","2":"type-product","3":"status-publish","4":"has-post-thumbnail","6":"product_cat-czesci-do-nissan","7":"product_cat-zawieszenie-do-nissan","8":"product_tag-370z","9":"product_tag-camber","10":"product_tag-drazek","11":"product_tag-g37","12":"product_tag-gwint","13":"product_tag-infinity","14":"product_tag-nissan","15":"product_tag-pochylenie","16":"product_tag-regulowane-wahacze","17":"product_tag-sprezyna","18":"product_tag-vq35","19":"product_tag-wahacz","20":"product_tag-zawieszenie-gwintowane","22":"first","23":"outofstock","24":"taxable","25":"shipping-taxable","26":"purchasable","27":"product-type-simple"},"_links":{"self":[{"href":"https:\/\/silverproject.eu\/pl\/wp-json\/wp\/v2\/product\/10522","targetHints":{"allow":["GET"]}}],"collection":[{"href":"https:\/\/silverproject.eu\/pl\/wp-json\/wp\/v2\/product"}],"about":[{"href":"https:\/\/silverproject.eu\/pl\/wp-json\/wp\/v2\/types\/product"}],"wp:featuredmedia":[{"embeddable":true,"href":"https:\/\/silverproject.eu\/pl\/wp-json\/wp\/v2\/media\/10510"}],"wp:attachment":[{"href":"https:\/\/silverproject.eu\/pl\/wp-json\/wp\/v2\/media?parent=10522"}],"wp:term":[{"taxonomy":"product_brand","embeddable":true,"href":"https:\/\/silverproject.eu\/pl\/wp-json\/wp\/v2\/product_brand?post=10522"},{"taxonomy":"product_cat","embeddable":true,"href":"https:\/\/silverproject.eu\/pl\/wp-json\/wp\/v2\/product_cat?post=10522"},{"taxonomy":"product_tag","embeddable":true,"href":"https:\/\/silverproject.eu\/pl\/wp-json\/wp\/v2\/product_tag?post=10522"}],"curies":[{"name":"wp","href":"https:\/\/api.w.org\/{rel}","templated":true}]}}