{"id":10519,"date":"2021-01-30T00:05:10","date_gmt":"2021-01-29T23:05:10","guid":{"rendered":"https:\/\/silverproject.eu\/pl\/?post_type=product&#038;p=10519"},"modified":"2025-08-09T06:59:45","modified_gmt":"2025-08-09T04:59:45","slug":"wahacze-regulowane-przod-do-nissan-350z-z33","status":"publish","type":"product","link":"https:\/\/silverproject.eu\/pl\/wahacze-regulowane-przod-do-nissan-350z-z33\/","title":{"rendered":"Wahacze regulowane prz\u00f3d do NISSAN 350Z Z33"},"content":{"rendered":"<h4><span style=\"color: #ff0000;\"><strong><span id=\"result_box\" lang=\"pl\"><a style=\"color: #ff0000;\" href=\"https:\/\/silverproject.eu\/pl\/wp-content\/uploads\/2024\/12\/inst.-wahacz-pl.pdf\">instrukcja monta\u017cu<\/a><\/span><\/strong><\/span><\/h4>\n<div><\/div>\n<h4><span style=\"color: #ff0000;\"><strong><span id=\"result_box\" lang=\"pl\"><a style=\"color: #ff0000;\" href=\" \">certyfikat materia\u0142owy<\/a><\/span><\/strong><\/span><\/h4>\n<div><\/div>\n<p>Wahacze regulowane prz\u00f3d do :<\/p>\n<p>NISSAN 350Z\u00a0 Z33 oraz INFINITY G35 VQ35.<\/p>\n<div><span title=\"Kliknij, aby wy\u015bwietli\u0107 alternatywne t\u0142umaczenia\">1 Para (Lewa &amp; Prawa) przednie g\u00f3rne wahacze<\/span><br \/>\n<span title=\"Kliknij, aby wy\u015bwietli\u0107 alternatywne t\u0142umaczenia\">kolor : Czarny mat .<\/span><\/div>\n<div>camber -3 stopnie<\/div>\n<div>caster 10 stopni<br \/>\n<span title=\"Kliknij, aby wy\u015bwietli\u0107 alternatywne t\u0142umaczenia\">Polecana dla lepszej przyczepno\u015bci auta<\/span><span title=\"Kliknij, aby wy\u015bwietli\u0107 alternatywne t\u0142umaczenia\"> !!!<\/span><\/div>\n<div><span title=\"Kliknij, aby wy\u015bwietli\u0107 alternatywne t\u0142umaczenia\">Pasuj\u0105 do :<\/span><\/div>\n<div>NISSAN 350Z Z33 (2003-2008)<\/div>\n<div>and<\/div>\n<div>INFINITY G35 VQ35 (2003-2007)<\/div>\n","protected":false},"excerpt":{"rendered":"<p>instrukcja monta\u017cu certyfikat materia\u0142owy Wahacze regulowane prz\u00f3d do : NISSAN 350Z\u00a0 Z33 oraz INFINITY G35 VQ35. 1 Para (Lewa &amp; Prawa) przednie g\u00f3rne wahacze kolor : Czarny mat . camber -3 stopnie caster 10 stopni Polecana dla lepszej przyczepno\u015bci auta !!! Pasuj\u0105 do : NISSAN 350Z Z33 (2003-2008) and INFINITY G35 VQ35 (2003-2007)<\/p>\n","protected":false},"featured_media":10515,"template":"","meta":{"_seopress_robots_primary_cat":"none","_seopress_titles_title":"Wahacze regulowane prz\u00f3d do NISSAN 350Z","_seopress_titles_desc":"Wahacze regulowane prz\u00f3d do NISSAN 350Z Z33 oraz INFINITY G35 VQ35. przednie g\u00f3rne wahacze","_seopress_robots_index":"","inline_featured_image":false},"product_brand":[],"product_cat":[24,46],"product_tag":[257,66,173,259,114,449,49,58,560,451,450,118,452],"class_list":{"0":"post-10519","1":"product","2":"type-product","3":"status-publish","4":"has-post-thumbnail","6":"product_cat-czesci-do-nissan","7":"product_cat-zawieszenie-do-nissan","8":"product_tag-350z","9":"product_tag-camber","10":"product_tag-drazek","11":"product_tag-g35","12":"product_tag-gwint","13":"product_tag-infinity","14":"product_tag-nissan","15":"product_tag-pochylenie","16":"product_tag-regulowane-wahacze","17":"product_tag-sprezyna","18":"product_tag-vq35","19":"product_tag-wahacz","20":"product_tag-zawieszenie-gwintowane","22":"first","23":"instock","24":"taxable","25":"shipping-taxable","26":"purchasable","27":"product-type-simple"},"_links":{"self":[{"href":"https:\/\/silverproject.eu\/pl\/wp-json\/wp\/v2\/product\/10519","targetHints":{"allow":["GET"]}}],"collection":[{"href":"https:\/\/silverproject.eu\/pl\/wp-json\/wp\/v2\/product"}],"about":[{"href":"https:\/\/silverproject.eu\/pl\/wp-json\/wp\/v2\/types\/product"}],"wp:featuredmedia":[{"embeddable":true,"href":"https:\/\/silverproject.eu\/pl\/wp-json\/wp\/v2\/media\/10515"}],"wp:attachment":[{"href":"https:\/\/silverproject.eu\/pl\/wp-json\/wp\/v2\/media?parent=10519"}],"wp:term":[{"taxonomy":"product_brand","embeddable":true,"href":"https:\/\/silverproject.eu\/pl\/wp-json\/wp\/v2\/product_brand?post=10519"},{"taxonomy":"product_cat","embeddable":true,"href":"https:\/\/silverproject.eu\/pl\/wp-json\/wp\/v2\/product_cat?post=10519"},{"taxonomy":"product_tag","embeddable":true,"href":"https:\/\/silverproject.eu\/pl\/wp-json\/wp\/v2\/product_tag?post=10519"}],"curies":[{"name":"wp","href":"https:\/\/api.w.org\/{rel}","templated":true}]}}