{"id":105,"date":"2018-12-03T18:01:57","date_gmt":"2018-12-03T17:01:57","guid":{"rendered":"https:\/\/silverproject.eu\/pl\/produkt\/import-placeholder-for-2612\/"},"modified":"2026-04-01T10:42:34","modified_gmt":"2026-04-01T08:42:34","slug":"camber-plates-do-bmw-e21-drift","status":"publish","type":"product","link":"https:\/\/silverproject.eu\/pl\/camber-plates-do-bmw-e21-drift\/","title":{"rendered":"Camber Plates do BMW E21 Drift"},"content":{"rendered":"<p>Camber Plates do BMW E21- prz\u00f3d<br \/>\n(1975-1983)<\/p>\n<h4><span style=\"color: #ff0000;\"><strong><span id=\"result_box\" lang=\"pl\"><a style=\"color: #ff0000;\" href=\"https:\/\/silverproject.eu\/pl\/wp-content\/uploads\/2024\/12\/inst.-camber-pl.pdf\">instrukcja monta\u017cu<\/a><\/span><\/strong><\/span><\/h4>\n<div><\/div>\n<h4><span style=\"color: #ff0000;\"><strong><span id=\"result_box\" lang=\"pl\"><a style=\"color: #ff0000;\" href=\"https:\/\/silverproject.eu\/pl\/wp-content\/uploads\/2024\/12\/parts-pl.pdf\">elementy camber plates<\/a><\/span><\/strong><\/span><\/h4>\n<div><\/div>\n<h4><span style=\"color: #ff0000;\"><strong><span id=\"result_box\" lang=\"pl\"><a style=\"color: #ff0000;\" href=\"https:\/\/silverproject.eu\/pl\/wp-content\/uploads\/2024\/12\/Nm-camber-caster-PL.pdf\">instrukcja ustawienia<\/a><\/span><\/strong><\/span><\/h4>\n<div><\/div>\n<h4><span style=\"color: #ff0000;\"><strong><span id=\"result_box\" lang=\"pl\"><a style=\"color: #ff0000;\" href=\"https:\/\/silverproject.eu\/pl\/wp-content\/uploads\/2024\/12\/material-certyf.pdf\">certyfikat materia\u0142owy<\/a><\/span><\/strong><\/span><\/h4>\n<div><\/div>\n<\/div>\n<p>cena za 2 sztuki na przedni\u0105 o\u015b<br \/>\npasuje pod seryjny i gwintowany amortyzator<\/p>\n<p>Jeste\u015bmy jedyn\u0105 firm\u0105 kt\u00f3ra wykonuje takie cambery w Polsce i prawdopodobnie w Europie.<\/p>\n<p>Zaprojektowane i wykonane na zam\u00f3wienie klienta z Hiszpanii.<\/p>\n<p>\u0141o\u017cyska z wk\u0142adem teflonowym.<\/p>\n<p>Dost\u0119pne w kolorze:Czarny mat , Niebieski mat , Pomara\u0144czowy mat , Zielony mat.<\/p>\n","protected":false},"excerpt":{"rendered":"<p>Camber Plates do BMW E21- prz\u00f3d (1975-1983) instrukcja monta\u017cu elementy camber plates instrukcja ustawienia certyfikat materia\u0142owy cena za 2 sztuki na przedni\u0105 o\u015b pasuje pod seryjny i gwintowany amortyzator Jeste\u015bmy jedyn\u0105 firm\u0105 kt\u00f3ra wykonuje takie cambery w Polsce i prawdopodobnie w Europie. Zaprojektowane i wykonane na zam\u00f3wienie klienta z Hiszpanii. \u0141o\u017cyska z wk\u0142adem teflonowym. Dost\u0119pne [&hellip;]<\/p>\n","protected":false},"featured_media":223,"template":"","meta":{"_seopress_robots_primary_cat":"none","_seopress_titles_title":"Camber Plates do BMW E21 Drift","_seopress_titles_desc":"Camber Plates do BMW E21- prz\u00f3d (1975-1983) cena za 2 sztuki na przedni\u0105 o\u015b pasuje pod seryjny i gwintowany amortyzator.","_seopress_robots_index":"","inline_featured_image":false},"product_brand":[],"product_cat":[18,60],"product_tag":[61,57,40,161],"class_list":{"0":"post-105","1":"product","2":"type-product","3":"status-publish","4":"has-post-thumbnail","6":"product_cat-czesci-do-bmw","7":"product_cat-zawieszenie-do-bmw","8":"product_tag-bmw","9":"product_tag-camber-plates","10":"product_tag-drift","11":"product_tag-e21","13":"first","14":"instock","15":"taxable","16":"shipping-taxable","17":"purchasable","18":"product-type-variable"},"_links":{"self":[{"href":"https:\/\/silverproject.eu\/pl\/wp-json\/wp\/v2\/product\/105","targetHints":{"allow":["GET"]}}],"collection":[{"href":"https:\/\/silverproject.eu\/pl\/wp-json\/wp\/v2\/product"}],"about":[{"href":"https:\/\/silverproject.eu\/pl\/wp-json\/wp\/v2\/types\/product"}],"wp:featuredmedia":[{"embeddable":true,"href":"https:\/\/silverproject.eu\/pl\/wp-json\/wp\/v2\/media\/223"}],"wp:attachment":[{"href":"https:\/\/silverproject.eu\/pl\/wp-json\/wp\/v2\/media?parent=105"}],"wp:term":[{"taxonomy":"product_brand","embeddable":true,"href":"https:\/\/silverproject.eu\/pl\/wp-json\/wp\/v2\/product_brand?post=105"},{"taxonomy":"product_cat","embeddable":true,"href":"https:\/\/silverproject.eu\/pl\/wp-json\/wp\/v2\/product_cat?post=105"},{"taxonomy":"product_tag","embeddable":true,"href":"https:\/\/silverproject.eu\/pl\/wp-json\/wp\/v2\/product_tag?post=105"}],"curies":[{"name":"wp","href":"https:\/\/api.w.org\/{rel}","templated":true}]}}