{"id":104,"date":"2018-12-03T18:01:57","date_gmt":"2018-12-03T17:01:57","guid":{"rendered":"https:\/\/silverproject.eu\/pl\/produkt\/import-placeholder-for-2610\/"},"modified":"2026-02-10T12:39:31","modified_gmt":"2026-02-10T11:39:31","slug":"camber-plates-do-subaru-impreza-gc-tyl-1993-2001","status":"publish","type":"product","link":"https:\/\/silverproject.eu\/pl\/camber-plates-do-subaru-impreza-gc-tyl-1993-2001\/","title":{"rendered":"Camber Plates do SUBARU IMPREZA GC TY\u0141 1993-2001"},"content":{"rendered":"<p>Camber Plates na prz\u00f3d do SUBARU IMPREZA GC TY\u0141<br \/>\n1993-2001<\/p>\n<h4><span style=\"color: #ff0000;\"><strong><span id=\"result_box\" lang=\"pl\"><a style=\"color: #ff0000;\" href=\"https:\/\/silverproject.eu\/pl\/wp-content\/uploads\/2024\/12\/inst.-camber-pl.pdf\">instrukcja monta\u017cu<\/a><\/span><\/strong><\/span><\/h4>\n<div><\/div>\n<h4><span style=\"color: #ff0000;\"><strong><span id=\"result_box\" lang=\"pl\"><a style=\"color: #ff0000;\" href=\"https:\/\/silverproject.eu\/pl\/wp-content\/uploads\/2024\/12\/parts-pl.pdf\">elementy camber plates<\/a><\/span><\/strong><\/span><\/h4>\n<div><\/div>\n<h4><span style=\"color: #ff0000;\"><strong><span id=\"result_box\" lang=\"pl\"><a style=\"color: #ff0000;\" href=\"https:\/\/silverproject.eu\/pl\/wp-content\/uploads\/2024\/12\/Nm-camber-caster-PL.pdf\">instrukcja ustawienia<\/a><\/span><\/strong><\/span><\/h4>\n<div><\/div>\n<h4><span style=\"color: #ff0000;\"><strong><span id=\"result_box\" lang=\"pl\"><a style=\"color: #ff0000;\" href=\"https:\/\/silverproject.eu\/pl\/wp-content\/uploads\/2024\/12\/material-certyf.pdf\">certyfikat materia\u0142owy<\/a><\/span><\/strong><\/span><\/h4>\n<div><\/div>\n<\/div>\n<p>W KOMPLECIE Z NAKR\u0118TKAMI (M14x1,5mm)<\/p>\n<p>Pozwala pochyli\u0107 ko\u0142o\/amortyzator o kilka stopni<br \/>\nco jest niezb\u0119dne gdy chcemy je\u017adzi\u0107 w wy\u015bcigach i mie\u0107 wi\u0119ksz\u0105 przyczepno\u015b\u0107.<br \/>\n\u0141o\u017cyska z wk\u0142adem teflonowym.<\/p>\n<p>Przetestowane na torach Polski , UK , Stan\u00f3w Zjednoczonych oraz Niemiec<\/p>\n<p>Nasze Cambery wysy\u0142amy do wielu pa\u0144stw Europy oraz do Stan\u00f3w Zjednoczonych i Australii<\/p>\n<p>CENA ZA 2 SZTUKI<br \/>\nDzi\u0119ki naniesionej skali<br \/>\n\u0141atwa mo\u017cliwo\u015b\u0107 powrotu do starych ustawie\u0144.<\/p>\n<p>Pasuje pod seryjny i gwintowany amortyzator.<\/p>\n","protected":false},"excerpt":{"rendered":"<p>Camber Plates na prz\u00f3d do SUBARU IMPREZA GC TY\u0141 1993-2001 instrukcja monta\u017cu elementy camber plates instrukcja ustawienia certyfikat materia\u0142owy W KOMPLECIE Z NAKR\u0118TKAMI (M14x1,5mm) Pozwala pochyli\u0107 ko\u0142o\/amortyzator o kilka stopni co jest niezb\u0119dne gdy chcemy je\u017adzi\u0107 w wy\u015bcigach i mie\u0107 wi\u0119ksz\u0105 przyczepno\u015b\u0107. \u0141o\u017cyska z wk\u0142adem teflonowym. Przetestowane na torach Polski , UK , Stan\u00f3w Zjednoczonych [&hellip;]<\/p>\n","protected":false},"featured_media":221,"template":"","meta":{"_seopress_robots_primary_cat":"none","_seopress_titles_title":"Camber Plates do SUBARU IMPREZA GC TY\u0141","_seopress_titles_desc":"Camber Plates do SUBARU IMPREZA GC TY\u0141 1993-2001.","_seopress_robots_index":"","inline_featured_image":false},"product_brand":[],"product_cat":[34,127],"product_tag":[57,135,130,117],"class_list":{"0":"post-104","1":"product","2":"type-product","3":"status-publish","4":"has-post-thumbnail","6":"product_cat-czesci-do-subaru","7":"product_cat-zawieszenie-do-subaru","8":"product_tag-camber-plates","9":"product_tag-gc","10":"product_tag-subaru","11":"product_tag-tyl","13":"first","14":"instock","15":"taxable","16":"shipping-taxable","17":"purchasable","18":"product-type-simple"},"_links":{"self":[{"href":"https:\/\/silverproject.eu\/pl\/wp-json\/wp\/v2\/product\/104","targetHints":{"allow":["GET"]}}],"collection":[{"href":"https:\/\/silverproject.eu\/pl\/wp-json\/wp\/v2\/product"}],"about":[{"href":"https:\/\/silverproject.eu\/pl\/wp-json\/wp\/v2\/types\/product"}],"wp:featuredmedia":[{"embeddable":true,"href":"https:\/\/silverproject.eu\/pl\/wp-json\/wp\/v2\/media\/221"}],"wp:attachment":[{"href":"https:\/\/silverproject.eu\/pl\/wp-json\/wp\/v2\/media?parent=104"}],"wp:term":[{"taxonomy":"product_brand","embeddable":true,"href":"https:\/\/silverproject.eu\/pl\/wp-json\/wp\/v2\/product_brand?post=104"},{"taxonomy":"product_cat","embeddable":true,"href":"https:\/\/silverproject.eu\/pl\/wp-json\/wp\/v2\/product_cat?post=104"},{"taxonomy":"product_tag","embeddable":true,"href":"https:\/\/silverproject.eu\/pl\/wp-json\/wp\/v2\/product_tag?post=104"}],"curies":[{"name":"wp","href":"https:\/\/api.w.org\/{rel}","templated":true}]}}