{"id":10398,"date":"2020-10-21T11:15:07","date_gmt":"2020-10-21T09:15:07","guid":{"rendered":"https:\/\/silverproject.eu\/pl\/?post_type=product&#038;p=10398"},"modified":"2026-04-16T15:05:08","modified_gmt":"2026-04-16T13:05:08","slug":"poduszki-skrzyni-do-bmw-f20-f22-f30-f32-f33-f36-g29","status":"publish","type":"product","link":"https:\/\/silverproject.eu\/pl\/poduszki-skrzyni-do-bmw-f20-f22-f30-f32-f33-f36-g29\/","title":{"rendered":"Poduszki skrzyni do BMW F20 , F22 , F30 , F32 , F33 , F36 , G29"},"content":{"rendered":"<p>Poduszki skrzyni do BMW F20 , F22 , F30 , F32 , F33 , F36 , G29<\/p>\n<p>na poliuretanie o Twardo\u015bci 75ShA<\/p>\n<p>du\u017co sztywniejsze ni\u017c seryjne<\/p>\n<p>doskonale sprawdzaj\u0105 si\u0119\u00a0 w sporcie<\/p>\n<p>cena za komplet czyli lewa i prawa strona<\/p>\n<p>Pasuj\u0105 do :<\/p>\n<div><strong> 1 (F20)<\/strong><br \/>\n116 d 85 kW<br \/>\n118 i 100 kW<br \/>\n116 i 100 kW<br \/>\n118 i 125 kW<br \/>\n118 i 100 kW<br \/>\n120 i 130 kW<br \/>\n125 d 155 kW<br \/>\n120 d 120 kW<br \/>\n118 d 100 kW<br \/>\n116 d 85 kW<br \/>\n118 d 105 kW<br \/>\n120 d 135 kW<br \/>\n125 d 160 kW<br \/>\n120 d xDrive 135 kW<br \/>\n118 d xDrive 105 kW<br \/>\n120 d xDrive 147 kW<br \/>\n120 d 147 kW<br \/>\n118 d 110 kW<br \/>\n118 d xDrive 110 kW<br \/>\n120 d 140 kW<br \/>\n120 d xDrive 140 kW<br \/>\n125 d 165 kW<br \/>\n125 i 160 kW<br \/>\n125 i 175 kW<br \/>\n120 i 135 kW<br \/>\n125 i 165 kW<br \/>\nM 135 i 235 kW<br \/>\nM 135 i xDrive 235 kW<br \/>\nM 135 i 240 kW<br \/>\nM 135 i xDrive 240 kW<\/div>\n<div>\n<strong>1 (F21)<\/strong><br \/>\n116 d 85 kW<br \/>\n118 i 100 kW<br \/>\n116 i 100 kW<br \/>\n118 i 125 kW<br \/>\n118 i 100 kW<br \/>\n120 i 130 kW<br \/>\n118 d xDrive 105 kW<br \/>\n116 d 85 kW<br \/>\n118 d 100 kW<br \/>\n118 d 105 kW<br \/>\n120 d 120 kW<br \/>\n120 d 135 kW<br \/>\n120 d xDrive 135 kW<br \/>\n125 d 155 kW<br \/>\n125 d 160 kW<br \/>\n120 d xDrive 147 kW<br \/>\n120 d 147 kW<br \/>\n118 d 110 kW<br \/>\n120 d 140 kW<br \/>\n120 d xDrive 140 kW<br \/>\n125 d 165 kW<br \/>\n125 i 160 kW<br \/>\n125 i 175 kW<br \/>\n120 i 135 kW<br \/>\n125 i 165 kW<br \/>\nM 135 i 235 kW<br \/>\nM 135 i xDrive 235 kW<br \/>\nM 135 i 240 kW<br \/>\nM 135 i xDrive 240 kW<br \/>\nM 140 i 250 kW<\/div>\n<div>\n<strong>2 coupe (F22, F87)<\/strong><br \/>\n218 i 100 kW<br \/>\n220 d 135 kW<br \/>\n218 d 105 kW<br \/>\n225 d 160 kW<br \/>\n220 d 147 kW<br \/>\n220 d 140 kW<br \/>\n220 d xDrive 140 kW<br \/>\n218 d 110 kW<br \/>\n225 d 165 kW<br \/>\n218 d 100 kW<br \/>\n220 d 120 kW<br \/>\n220 i 135 kW<br \/>\n228 i 180 kW<br \/>\n220 i 135 kW<br \/>\n230 i 185 kW<\/div>\n<div>\n<strong>2 kabriolet (F23)<\/strong><br \/>\n218 i 100 kW<br \/>\n220 d 140 kW<br \/>\n218 d 110 kW<br \/>\n225 d 165 kW<br \/>\n220 d 120 kW<br \/>\n218 d 100 kW<br \/>\n220 i 135 kW<br \/>\n228 i 180 kW<br \/>\n220 i 135 kW<br \/>\n230 i 185 kW<\/div>\n<div>\n<strong>3 (F30, F80)<\/strong><br \/>\n316 i 100 kW<br \/>\n320 i 125 kW<br \/>\n320 d 135 kW<br \/>\n320 d 120 kW<br \/>\n316 d 85 kW<br \/>\n318 d 105 kW<br \/>\n318 d 100 kW<br \/>\n325 d 160 kW<br \/>\n320 d 147 kW<br \/>\n318 d 110 kW<br \/>\n320 d 140 kW<br \/>\n325 d 155 kW<br \/>\n325 d 165 kW<br \/>\n328 i 180 kW<br \/>\n320 i 135 kW<br \/>\n330 i 185 kW<br \/>\n320 i 135 kW<br \/>\n330 e 185 kW<br \/>\n330 e 135 kW<\/div>\n<div>\n<strong>3 Touring (F31)<\/strong><br \/>\n318 i 100 kW<br \/>\n316 i 100 kW<br \/>\n316 d 85 kW<br \/>\n318 d 105 kW<br \/>\n320 d 135 kW<br \/>\n320 d 120 kW<br \/>\n325 d 160 kW<br \/>\n320 d 147 kW<br \/>\n318 d 110 kW<br \/>\n320 d 140 kW<br \/>\n325 d 155 kW<br \/>\n318 d 100 kW<br \/>\n325 d 165 kW<br \/>\n320 i 135 kW<br \/>\n328 i 180 kW<br \/>\n320 i 120 kW<br \/>\n330 i 185 kW<br \/>\n320 i 135 kW<br \/>\n340 i 240 kW<br \/>\n340 i 265 kW<\/div>\n<div>\n<strong>3 Gran Turismo (F34)<\/strong><br \/>\n318 d 105 kW<br \/>\n320 d 135 kW<br \/>\n325 d 160 kW<br \/>\n320 d 147 kW<br \/>\n318 d 110 kW<br \/>\n320 d 140 kW<br \/>\n318 d 100 kW<br \/>\n325 d 165 kW<br \/>\n320 i 135 kW<br \/>\n328 i 180 kW<br \/>\n320 i 120 kW<br \/>\n330 i 185 kW<br \/>\n320 i 135 kW<br \/>\n330 d 190 kW<br \/>\n330 d 210 kW<\/div>\n<div>\n<strong>4 coupe (F32, F82)<\/strong><br \/>\n420 d 135 kW<br \/>\n425 d 160 kW<br \/>\n418 d 110 kW<br \/>\n420 d 140 kW<br \/>\n418 d 100 kW<br \/>\n420 d 120 kW<br \/>\n425 d 155 kW<br \/>\n420 d 147 kW<br \/>\n425 d 165 kW<br \/>\n420 i 135 kW<br \/>\n428 i 180 kW<br \/>\n420 i 120 kW<br \/>\n430 i 185 kW<br \/>\n420 i 135 kW<\/div>\n<div>\n<strong>4 kabriolet (F33, F83)<\/strong><br \/>\n420 d 135 kW<br \/>\n425 d 160 kW<br \/>\n420 d 147 kW<br \/>\n420 d 140 kW<br \/>\n425 d 155 kW<br \/>\n420 d 120 kW<br \/>\n425 d 165 kW<br \/>\n428 i 180 kW<br \/>\n420 i 135 kW<br \/>\n420 i 120 kW<br \/>\n430 i 185 kW<br \/>\n420 i 135 kW<\/div>\n<div>\n<strong>4 Gran Coupe (F36)<\/strong><br \/>\n418 d 105 kW<br \/>\n420 d 135 kW<br \/>\n420 d 140 kW<br \/>\n418 d 110 kW<br \/>\n420 d 120 kW<br \/>\n418 d 100 kW<br \/>\n420 d 147 kW<br \/>\n425 d 165 kW<br \/>\n425 d 155 kW<br \/>\n420 i 135 kW<br \/>\n428 i 180 kW<br \/>\n420 i 120 kW<br \/>\n430 i 185 kW<br \/>\n420 i 135 kW<\/div>\n<div>\n<strong>Z4 Roadster (G29)<\/strong><br \/>\nsDrive 20 i 145 kW<br \/>\nsDrive 30 i 190 kW<\/div>\n","protected":false},"excerpt":{"rendered":"<p>Poduszki skrzyni do BMW F20 , F22 , F30 , F32 , F33 , F36 , G29 na poliuretanie o Twardo\u015bci 75ShA du\u017co sztywniejsze ni\u017c seryjne doskonale sprawdzaj\u0105 si\u0119\u00a0 w sporcie cena za komplet czyli lewa i prawa strona Pasuj\u0105 do : 1 (F20) 116 d 85 kW 118 i 100 kW 116 i 100 [&hellip;]<\/p>\n","protected":false},"featured_media":731,"template":"","meta":{"_seopress_robots_primary_cat":"","_seopress_titles_title":"Poduszki skrzyni do BMW F30 SilverProject.eu","_seopress_titles_desc":"Poduszki skrzyni do BMW F20 , F22 , F30 , F32 , F33 , F36 , G29 na poliuretanie o Twardo\u015bci 75ShA doskonale sprawdzaj\u0105 si\u0119 w sporcie","_seopress_robots_index":"","inline_featured_image":false},"product_brand":[],"product_cat":[18,156],"product_tag":[61,40,427,428,65,67,429,430,69,431,432,433,369,370,434,435,372,373,436,374,376,437,438,439,440,441,442,443,544,545,546,548,549,551,554,556,553,558,550,555,557,547,559,444,116,136,137,445,142,552,446,181],"class_list":{"0":"post-10398","1":"product","2":"type-product","3":"status-publish","4":"has-post-thumbnail","6":"product_cat-czesci-do-bmw","7":"product_cat-silnik-i-przeniesienie-napedu-do-bmw","8":"product_tag-bmw","9":"product_tag-drift","10":"product_tag-e31","11":"product_tag-e32","12":"product_tag-e34","13":"product_tag-e36","14":"product_tag-e38","15":"product_tag-e39","16":"product_tag-e46","17":"product_tag-e65","18":"product_tag-e66","19":"product_tag-e67","20":"product_tag-e81","21":"product_tag-e82","22":"product_tag-e85","23":"product_tag-e86","24":"product_tag-e87","25":"product_tag-e88","26":"product_tag-e89","27":"product_tag-e90","28":"product_tag-e92","29":"product_tag-f01","30":"product_tag-f02","31":"product_tag-f03","32":"product_tag-f04","33":"product_tag-f07","34":"product_tag-f10","35":"product_tag-f11","36":"product_tag-f20","37":"product_tag-f21","38":"product_tag-f22","39":"product_tag-f23","40":"product_tag-f30","41":"product_tag-f31","42":"product_tag-f32","43":"product_tag-f33","44":"product_tag-f34","45":"product_tag-f36","46":"product_tag-f80","47":"product_tag-f82","48":"product_tag-f83","49":"product_tag-f87","50":"product_tag-g29","51":"product_tag-m-power","52":"product_tag-poduszka","53":"product_tag-poduszki","54":"product_tag-silnika","55":"product_tag-skrzyni","56":"product_tag-skrzynia","57":"product_tag-touring","58":"product_tag-z3","59":"product_tag-z4","61":"first","62":"instock","63":"taxable","64":"shipping-taxable","65":"purchasable","66":"product-type-simple"},"_links":{"self":[{"href":"https:\/\/silverproject.eu\/pl\/wp-json\/wp\/v2\/product\/10398","targetHints":{"allow":["GET"]}}],"collection":[{"href":"https:\/\/silverproject.eu\/pl\/wp-json\/wp\/v2\/product"}],"about":[{"href":"https:\/\/silverproject.eu\/pl\/wp-json\/wp\/v2\/types\/product"}],"wp:featuredmedia":[{"embeddable":true,"href":"https:\/\/silverproject.eu\/pl\/wp-json\/wp\/v2\/media\/731"}],"wp:attachment":[{"href":"https:\/\/silverproject.eu\/pl\/wp-json\/wp\/v2\/media?parent=10398"}],"wp:term":[{"taxonomy":"product_brand","embeddable":true,"href":"https:\/\/silverproject.eu\/pl\/wp-json\/wp\/v2\/product_brand?post=10398"},{"taxonomy":"product_cat","embeddable":true,"href":"https:\/\/silverproject.eu\/pl\/wp-json\/wp\/v2\/product_cat?post=10398"},{"taxonomy":"product_tag","embeddable":true,"href":"https:\/\/silverproject.eu\/pl\/wp-json\/wp\/v2\/product_tag?post=10398"}],"curies":[{"name":"wp","href":"https:\/\/api.w.org\/{rel}","templated":true}]}}