{"id":103,"date":"2018-12-03T18:01:57","date_gmt":"2018-12-03T17:01:57","guid":{"rendered":"https:\/\/silverproject.eu\/pl\/produkt\/import-placeholder-for-2605\/"},"modified":"2025-01-13T19:29:25","modified_gmt":"2025-01-13T18:29:25","slug":"tuleje-tylnej-belki-sport-drift-do-bmw-e30-3-seria","status":"publish","type":"product","link":"https:\/\/silverproject.eu\/pl\/tuleje-tylnej-belki-sport-drift-do-bmw-e30-3-seria\/","title":{"rendered":"Tuleje tylnej belki sport drift do BMW E30 3 seria"},"content":{"rendered":"<p>Tuleje tylnej belki sport drift do BMW 3 Series E30 (1982 &#8211; 1991)<\/p>\n<p>pasuje do: 316i, 318i, 320i, 323i, 325i, 325e (NOT M3)<br \/>\npoliuretane 95ShA -na tor<br \/>\n2sztuki<br \/>\nwyst\u0119puj\u0105 w twardo\u015bci: 75ShA i 95ShA<br \/>\nwi\u0119ksza kontrola trakcji<\/p>\n<p>75ShA- na ulic\u0119<\/p>\n<p>95ShA &#8211; na tor<\/p>\n<p>Materia\u0142 najwy\u017cszej jako\u015bci.<\/p>\n","protected":false},"excerpt":{"rendered":"<p>Tuleje tylnej belki sport drift do BMW 3 Series E30 (1982 &#8211; 1991) pasuje do: 316i, 318i, 320i, 323i, 325i, 325e (NOT M3) poliuretane 95ShA -na tor 2sztuki wyst\u0119puj\u0105 w twardo\u015bci: 75ShA i 95ShA wi\u0119ksza kontrola trakcji 75ShA- na ulic\u0119 95ShA &#8211; na tor Materia\u0142 najwy\u017cszej jako\u015bci.<\/p>\n","protected":false},"featured_media":217,"template":"","meta":{"_seopress_robots_primary_cat":"","_seopress_titles_title":"Tuleje tylnej belki sport drift do BMW E30 3","_seopress_titles_desc":"Tuleje tylnej belki sport drift do BMW 3 Series E30 (1982 &#x2d; 1991) pasuje do: 316i, 318i, 320i, 323i, 325i, 325e (NOT M3)","_seopress_robots_index":"","inline_featured_image":false},"product_brand":[],"product_cat":[18,60],"product_tag":[157,158,61,40,64,159,160],"class_list":{"0":"post-103","1":"product","2":"type-product","3":"status-publish","4":"has-post-thumbnail","6":"product_cat-czesci-do-bmw","7":"product_cat-zawieszenie-do-bmw","8":"product_tag-belka","9":"product_tag-belki","10":"product_tag-bmw","11":"product_tag-drift","12":"product_tag-e30","13":"product_tag-tuleja","14":"product_tag-tuleje","16":"first","17":"instock","18":"taxable","19":"shipping-taxable","20":"purchasable","21":"product-type-variable"},"_links":{"self":[{"href":"https:\/\/silverproject.eu\/pl\/wp-json\/wp\/v2\/product\/103","targetHints":{"allow":["GET"]}}],"collection":[{"href":"https:\/\/silverproject.eu\/pl\/wp-json\/wp\/v2\/product"}],"about":[{"href":"https:\/\/silverproject.eu\/pl\/wp-json\/wp\/v2\/types\/product"}],"wp:featuredmedia":[{"embeddable":true,"href":"https:\/\/silverproject.eu\/pl\/wp-json\/wp\/v2\/media\/217"}],"wp:attachment":[{"href":"https:\/\/silverproject.eu\/pl\/wp-json\/wp\/v2\/media?parent=103"}],"wp:term":[{"taxonomy":"product_brand","embeddable":true,"href":"https:\/\/silverproject.eu\/pl\/wp-json\/wp\/v2\/product_brand?post=103"},{"taxonomy":"product_cat","embeddable":true,"href":"https:\/\/silverproject.eu\/pl\/wp-json\/wp\/v2\/product_cat?post=103"},{"taxonomy":"product_tag","embeddable":true,"href":"https:\/\/silverproject.eu\/pl\/wp-json\/wp\/v2\/product_tag?post=103"}],"curies":[{"name":"wp","href":"https:\/\/api.w.org\/{rel}","templated":true}]}}