{"id":10208,"date":"2020-02-11T21:39:01","date_gmt":"2020-02-11T20:39:01","guid":{"rendered":"https:\/\/silverproject.eu\/pl\/?post_type=product&#038;p=10208"},"modified":"2026-03-26T21:53:11","modified_gmt":"2026-03-26T20:53:11","slug":"camber-plates-do-mg-zr-rover-25","status":"publish","type":"product","link":"https:\/\/silverproject.eu\/pl\/camber-plates-do-mg-zr-rover-25\/","title":{"rendered":"Camber Plates do MG zr , Rover 25"},"content":{"rendered":"<p>Nowo\u015b\u0107 !!!<\/p>\n<p>Camber Plates do MG zr , Rover 25 3D 2WAY<\/p>\n<h4><span style=\"color: #ff0000;\"><strong><span id=\"result_box\" lang=\"pl\"><a style=\"color: #ff0000;\" href=\"https:\/\/silverproject.eu\/pl\/wp-content\/uploads\/2024\/12\/inst.-camber-pl.pdf\">instrukcja monta\u017cu<\/a><\/span><\/strong><\/span><\/h4>\n<div><\/div>\n<h4><span style=\"color: #ff0000;\"><strong><span id=\"result_box\" lang=\"pl\"><a style=\"color: #ff0000;\" href=\"https:\/\/silverproject.eu\/pl\/wp-content\/uploads\/2024\/12\/parts-pl.pdf\">elementy camber plates<\/a><\/span><\/strong><\/span><\/h4>\n<div><\/div>\n<h4><span style=\"color: #ff0000;\"><strong><span id=\"result_box\" lang=\"pl\"><a style=\"color: #ff0000;\" href=\"https:\/\/silverproject.eu\/pl\/wp-content\/uploads\/2024\/12\/Nm-camber-caster-PL.pdf\">instrukcja ustawienia<\/a><\/span><\/strong><\/span><\/h4>\n<div><\/div>\n<h4><span style=\"color: #ff0000;\"><strong><span id=\"result_box\" lang=\"pl\"><a style=\"color: #ff0000;\" href=\"https:\/\/silverproject.eu\/pl\/wp-content\/uploads\/2024\/12\/material-certyf.pdf\">certyfikat materia\u0142owy<\/a><\/span><\/strong><\/span><\/h4>\n<div><\/div>\n<\/div>\n<div><span id=\"result_box\" lang=\"pl\">Camber plates do MG zr \/ Rover 25<\/span><\/div>\n<div><span id=\"result_box\" lang=\"pl\">caster + camber<\/span><\/div>\n<div>https:\/\/www.instagram.com\/p\/BurI5LLgZZ0\/?utm_source=ig_web_copy_link<\/div>\n<p>mo\u017cliwo\u015b\u0107 ustawienia wyprzedzenia k\u0105ta sworznia niezale\u017cnie od ustawienia camber(pochylenia ko\u0142a)<br \/>\nTo sprz\u0119t dla zawodowc\u00f3w kt\u00f3rzy szukaj\u0105 ekstremalnych ustawie\u0144 zawieszenia<br \/>\npasuje pod gwintowany amortyzator<\/p>\n<p>\u0141o\u017cyska z wk\u0142adem teflonowym.<\/p>\n<p>Dost\u0119pne w kolorze: Czarny mat , Niebieski mat .<\/p>\n<p>Nasze Cambery wysy\u0142amy do wielu pa\u0144stw Europy oraz do Stan\u00f3w Zjednoczonych i Australii<br \/>\nWykonane ze stali nie z aluminium !!!<\/p>\n","protected":false},"excerpt":{"rendered":"<p>Nowo\u015b\u0107 !!! Camber Plates do MG zr , Rover 25 3D 2WAY instrukcja monta\u017cu elementy camber plates instrukcja ustawienia certyfikat materia\u0142owy Camber plates do MG zr \/ Rover 25 caster + camber https:\/\/www.instagram.com\/p\/BurI5LLgZZ0\/?utm_source=ig_web_copy_link mo\u017cliwo\u015b\u0107 ustawienia wyprzedzenia k\u0105ta sworznia niezale\u017cnie od ustawienia camber(pochylenia ko\u0142a) To sprz\u0119t dla zawodowc\u00f3w kt\u00f3rzy szukaj\u0105 ekstremalnych ustawie\u0144 zawieszenia pasuje pod gwintowany [&hellip;]<\/p>\n","protected":false},"featured_media":10212,"template":"","meta":{"_seopress_robots_primary_cat":"none","_seopress_titles_title":"Camber Plates do MG zr Rover 25","_seopress_titles_desc":"Camber Plates do MG zr, Rover 25 3D 2WAY. Mo\u017cliwo\u015b\u0107 ustawienia wyprzedzenia k\u0105ta sworznia niezale\u017cnie od ustawienia camber (pochylenia ko\u0142a).","_seopress_robots_index":"","inline_featured_image":false},"product_brand":[],"product_cat":[537,538],"product_tag":[542,132,57,40,114,540,541,539],"class_list":{"0":"post-10208","1":"product","2":"type-product","3":"status-publish","4":"has-post-thumbnail","6":"product_cat-czesci-do-mg-zr","7":"product_cat-zawieszenie-do-mg-zr","8":"product_tag-2way","9":"product_tag-3d","10":"product_tag-camber-plates","11":"product_tag-drift","12":"product_tag-gwint","13":"product_tag-mg","14":"product_tag-mgzr","15":"product_tag-rover","17":"first","18":"instock","19":"taxable","20":"shipping-taxable","21":"purchasable","22":"product-type-variable"},"_links":{"self":[{"href":"https:\/\/silverproject.eu\/pl\/wp-json\/wp\/v2\/product\/10208","targetHints":{"allow":["GET"]}}],"collection":[{"href":"https:\/\/silverproject.eu\/pl\/wp-json\/wp\/v2\/product"}],"about":[{"href":"https:\/\/silverproject.eu\/pl\/wp-json\/wp\/v2\/types\/product"}],"wp:featuredmedia":[{"embeddable":true,"href":"https:\/\/silverproject.eu\/pl\/wp-json\/wp\/v2\/media\/10212"}],"wp:attachment":[{"href":"https:\/\/silverproject.eu\/pl\/wp-json\/wp\/v2\/media?parent=10208"}],"wp:term":[{"taxonomy":"product_brand","embeddable":true,"href":"https:\/\/silverproject.eu\/pl\/wp-json\/wp\/v2\/product_brand?post=10208"},{"taxonomy":"product_cat","embeddable":true,"href":"https:\/\/silverproject.eu\/pl\/wp-json\/wp\/v2\/product_cat?post=10208"},{"taxonomy":"product_tag","embeddable":true,"href":"https:\/\/silverproject.eu\/pl\/wp-json\/wp\/v2\/product_tag?post=10208"}],"curies":[{"name":"wp","href":"https:\/\/api.w.org\/{rel}","templated":true}]}}