{"id":102,"date":"2018-12-03T18:01:57","date_gmt":"2018-12-03T17:01:57","guid":{"rendered":"https:\/\/silverproject.eu\/pl\/produkt\/import-placeholder-for-2601\/"},"modified":"2025-05-13T13:39:30","modified_gmt":"2025-05-13T11:39:30","slug":"poduszki-silnika-do-bmw-e36-drift","status":"publish","type":"product","link":"https:\/\/silverproject.eu\/pl\/poduszki-silnika-do-bmw-e36-drift\/","title":{"rendered":"Poduszki silnika do BMW E36 Drift"},"content":{"rendered":"<p>Poduszki silnika do BMW E36 na poliuretanie o Twardo\u015bci 60ShA<\/p>\n<p>du\u017co sztywniejsze ni\u017c seryjne<\/p>\n<p>doskonale sprawdzaj\u0105 si\u0119\u00a0 w sporcie<\/p>\n<p>cena za komplet czyli lewa i prawa strona<\/p>\n<p>pasuje do wszystkich wersji silnikowych<\/p>\n","protected":false},"excerpt":{"rendered":"<p>Poduszki silnika do BMW E36 na poliuretanie o Twardo\u015bci 60ShA du\u017co sztywniejsze ni\u017c seryjne doskonale sprawdzaj\u0105 si\u0119\u00a0 w sporcie cena za komplet czyli lewa i prawa strona pasuje do wszystkich wersji silnikowych<\/p>\n","protected":false},"featured_media":200,"template":"","meta":{"_seopress_robots_primary_cat":"none","_seopress_titles_title":"Poduszki silnika do BMW E36 Drift","_seopress_titles_desc":"Poduszki silnika do BMW E36 Drift na poliuretanie o Twardo\u015bci 60ShA, du\u017co sztywniejsze ni\u017c seryjne doskonale sprawdzaj\u0105 si\u0119 w sporcie.","_seopress_robots_index":"","inline_featured_image":false},"product_brand":[],"product_cat":[18,156],"product_tag":[61,40,67,116,50,136,137],"class_list":{"0":"post-102","1":"product","2":"type-product","3":"status-publish","4":"has-post-thumbnail","6":"product_cat-czesci-do-bmw","7":"product_cat-silnik-i-przeniesienie-napedu-do-bmw","8":"product_tag-bmw","9":"product_tag-drift","10":"product_tag-e36","11":"product_tag-poduszka","12":"product_tag-poduszka-silnika","13":"product_tag-poduszki","14":"product_tag-silnika","16":"first","17":"instock","18":"taxable","19":"shipping-taxable","20":"purchasable","21":"product-type-simple"},"_links":{"self":[{"href":"https:\/\/silverproject.eu\/pl\/wp-json\/wp\/v2\/product\/102","targetHints":{"allow":["GET"]}}],"collection":[{"href":"https:\/\/silverproject.eu\/pl\/wp-json\/wp\/v2\/product"}],"about":[{"href":"https:\/\/silverproject.eu\/pl\/wp-json\/wp\/v2\/types\/product"}],"wp:featuredmedia":[{"embeddable":true,"href":"https:\/\/silverproject.eu\/pl\/wp-json\/wp\/v2\/media\/200"}],"wp:attachment":[{"href":"https:\/\/silverproject.eu\/pl\/wp-json\/wp\/v2\/media?parent=102"}],"wp:term":[{"taxonomy":"product_brand","embeddable":true,"href":"https:\/\/silverproject.eu\/pl\/wp-json\/wp\/v2\/product_brand?post=102"},{"taxonomy":"product_cat","embeddable":true,"href":"https:\/\/silverproject.eu\/pl\/wp-json\/wp\/v2\/product_cat?post=102"},{"taxonomy":"product_tag","embeddable":true,"href":"https:\/\/silverproject.eu\/pl\/wp-json\/wp\/v2\/product_tag?post=102"}],"curies":[{"name":"wp","href":"https:\/\/api.w.org\/{rel}","templated":true}]}}