{"id":100,"date":"2018-12-03T18:01:56","date_gmt":"2018-12-03T17:01:56","guid":{"rendered":"https:\/\/silverproject.eu\/pl\/produkt\/import-placeholder-for-2599\/"},"modified":"2026-03-03T11:03:51","modified_gmt":"2026-03-03T10:03:51","slug":"aluminiowy-lacznik-kolumny-kierowniczej-do-nissan-200sx-s13","status":"publish","type":"product","link":"https:\/\/silverproject.eu\/pl\/aluminiowy-lacznik-kolumny-kierowniczej-do-nissan-200sx-s13\/","title":{"rendered":"Aluminiowy \u0142\u0105cznik kolumny kierowniczej do Nissan 200sx S13"},"content":{"rendered":"<p>Aluminiowy \u0142\u0105cznik kolumny kierowniczej do Nissan 200sx S13<\/p>\n<p>Aluminiowy zamiennik gumowego elementu, wzmocnione stalowymi wstawkami.<\/p>\n<p>Sprawia ,\u017ce prowadzenie auta jest bardziej precyzyjne.<\/p>\n<p>W tych autach po kilkunastu latach po prostu trzeba to wymieni\u0107\u0087.<\/p>\n<p>Pasuje zamiennie z seryjn\u0105\u0085 cz\u0119\u015bci\u0105.<\/p>\n","protected":false},"excerpt":{"rendered":"<p>Aluminiowy \u0142\u0105cznik kolumny kierowniczej do Nissan 200sx S13 Aluminiowy zamiennik gumowego elementu, wzmocnione stalowymi wstawkami. Sprawia ,\u017ce prowadzenie auta jest bardziej precyzyjne. W tych autach po kilkunastu latach po prostu trzeba to wymieni\u0107\u0087. Pasuje zamiennie z seryjn\u0105\u0085 cz\u0119\u015bci\u0105.<\/p>\n","protected":false},"featured_media":195,"template":"","meta":{"_seopress_robots_primary_cat":"none","_seopress_titles_title":"Aluminiowy \u0142\u0105cznik kolumny kierowniczej do Nissan 200sx S13","_seopress_titles_desc":"Aluminiowy \u0142\u0105cznik kolumny kierowniczej do Nissan 200sx S13. Aluminiowy zamiennik gumowego elementu, wzmocnione stalowymi wstawkami.sprawia \u017ce prowadzenie auta","_seopress_robots_index":"","inline_featured_image":false},"product_brand":[],"product_cat":[24,150],"product_tag":[48,89,49,151,52],"class_list":{"0":"post-100","1":"product","2":"type-product","3":"status-publish","4":"has-post-thumbnail","6":"product_cat-czesci-do-nissan","7":"product_cat-uklad-kierowniczy-do-nissan","8":"product_tag-200sx","9":"product_tag-lacznik","10":"product_tag-nissan","11":"product_tag-ps13","12":"product_tag-s13","14":"first","15":"instock","16":"taxable","17":"shipping-taxable","18":"purchasable","19":"product-type-simple"},"_links":{"self":[{"href":"https:\/\/silverproject.eu\/pl\/wp-json\/wp\/v2\/product\/100","targetHints":{"allow":["GET"]}}],"collection":[{"href":"https:\/\/silverproject.eu\/pl\/wp-json\/wp\/v2\/product"}],"about":[{"href":"https:\/\/silverproject.eu\/pl\/wp-json\/wp\/v2\/types\/product"}],"wp:featuredmedia":[{"embeddable":true,"href":"https:\/\/silverproject.eu\/pl\/wp-json\/wp\/v2\/media\/195"}],"wp:attachment":[{"href":"https:\/\/silverproject.eu\/pl\/wp-json\/wp\/v2\/media?parent=100"}],"wp:term":[{"taxonomy":"product_brand","embeddable":true,"href":"https:\/\/silverproject.eu\/pl\/wp-json\/wp\/v2\/product_brand?post=100"},{"taxonomy":"product_cat","embeddable":true,"href":"https:\/\/silverproject.eu\/pl\/wp-json\/wp\/v2\/product_cat?post=100"},{"taxonomy":"product_tag","embeddable":true,"href":"https:\/\/silverproject.eu\/pl\/wp-json\/wp\/v2\/product_tag?post=100"}],"curies":[{"name":"wp","href":"https:\/\/api.w.org\/{rel}","templated":true}]}}